{"id":4090,"date":"2020-08-26T13:41:03","date_gmt":"2020-08-26T11:41:03","guid":{"rendered":"https:\/\/alutrast.pl\/drzwi-przesuwne-hs\/"},"modified":"2021-07-29T14:42:09","modified_gmt":"2021-07-29T12:42:09","slug":"hersteller-von-hs-schiebetueren","status":"publish","type":"page","link":"https:\/\/alutrast.pl\/de\/hersteller-von-hs-schiebetueren\/","title":{"rendered":"Hersteller von HS-Schiebet\u00fcren"},"content":{"rendered":"<p>[vc_row full_width=&#8220;stretch_row&#8220; css=&#8220;.vc_custom_1600177042527{padding-top: 250px !important;padding-bottom: 250px !important;background-image: url(https:\/\/alutrast.pl\/wp-content\/uploads\/2020\/09\/drzwi-przesuwne-hs-alutrast-.png?id=3672) !important;background-position: center !important;background-repeat: no-repeat !important;background-size: cover !important;}&#8220;][vc_column][vc_column_text]<\/p>\n<h1 style=\"text-align: center; color: white;\">Schiebet\u00fcr HS Bia\u0142ystok<\/h1>\n<p style=\"text-align: center; color: white;\">Die ideale L\u00f6sung f\u00fcr einen einzigartigen Raumcharakter<\/p>\n<p>[\/vc_column_text][\/vc_column][\/vc_row][vc_row][vc_column][vc_column_text]<\/p>\n<h4 class=\"slogan\" style=\"text-align: center;\">KOMPLEXER SERVICE \u2013 MESSUNG, HERSTELLUNG, MONTAGE<\/h4>\n<p>[\/vc_column_text][\/vc_column][\/vc_row][vc_row css=&#8220;.vc_custom_1598444893100{padding-top: 100px !important;padding-bottom: 70px !important;}&#8220;][vc_column width=&#8220;1\/2&#8243;][vc_single_image image=&#8220;4518&#8243; img_size=&#8220;full&#8220;][\/vc_column][vc_column width=&#8220;1\/2&#8243;][vc_column_text]<\/p>\n<h2>Schiebet\u00fcr HS Bia\u0142ystok<\/h2>\n<p>Alutrast stellt Balkon-Hebeschiebet\u00fcren HS her. In unserem Salon in Bia\u0142ystok finden Sie eine gro\u00dfe Auswahl an Hebeschiebet\u00fcren, die mit Engagement und unter Gew\u00e4hrleistung h\u00f6chster Standards produziert und an die vielseitigen Kundenbed\u00fcrfnisse angepasst werden.[\/vc_column_text][\/vc_column][\/vc_row][vc_row css=&#8220;.vc_custom_1576836637897{padding-top: 40px !important;background-color: #0b4f6c !important;border-radius: 5px !important;}&#8220;][vc_column][vc_column_text]<\/p>\n<h3 class=\"tab-title white\" style=\"text-align: center;\">TECHNISCHE DATEN<\/h3>\n<p>[\/vc_column_text][\/vc_column][\/vc_row][vc_row css=&#8220;.vc_custom_1598532252465{margin-top: -40px !important;margin-bottom: 40px !important;padding-bottom: 50px !important;background-color: #0b4f6c !important;border-radius: 5px !important;}&#8220;][vc_column width=&#8220;1\/2&#8243;][vc_column_text]<\/p>\n<div class=\"h1 hind-font white\" style=\"text-align: center;\">&gt; 0,84<\/div>\n<div class=\"h3 hind-font white\" style=\"text-align: center;\">\n<div class=\"parms__title\">\n<div class=\"parms__title\">\n<div class=\"parms__title\"><small>W\/(m<sup>2<\/sup>K)<\/small><\/div>\n<\/div>\n<\/div>\n<\/div>\n<div class=\"small white\" style=\"text-align: center;\">W\u00e4rmed\u00e4mmung Uw<\/div>\n<p>[\/vc_column_text][vc_column_text]<\/p>\n<div class=\"h1 hind-font white\" style=\"text-align: center;\">Klasse E1200<br \/>\nWasserdichtigkeit<\/div>\n<p>[\/vc_column_text][\/vc_column][vc_column width=&#8220;1\/2&#8243;][vc_column_text]<\/p>\n<div class=\"h1 hind-font white\" style=\"text-align: center;\">Klasse 4<br \/>\nLuftdurchl\u00e4ssigkeit<\/div>\n<p>[\/vc_column_text][vc_column_text]<\/p>\n<div class=\"h1 hind-font white\" style=\"text-align: center;\">Klasse 9A<br \/>\nWiderstandsf\u00e4higkeit bei Windlast<\/div>\n<p>[\/vc_column_text][\/vc_column][\/vc_row][vc_row css=&#8220;.vc_custom_1598445731203{padding-top: 70px !important;}&#8220;][vc_column width=&#8220;2\/3&#8243;][vc_column_text]<\/p>\n<h2>Vorteile der Schiebet\u00fcren HS<\/h2>\n<p>Gro\u00dffl\u00e4chige Verglasungen sorgen f\u00fcr eine ideale Belichtung des Raums. Neben der hervorragenden Optik haben Sie so die Garantie f\u00fcr maximale Funktionalit\u00e4t und Anwenderkomfort. Dank der technisch fortgeschrittenen Profile des polnischen Herstellers Aluprof und des Beschlagsystems k\u00f6nnen Sie sicher sein, eine stabile, w\u00e4rmed\u00e4mmende, dichte und anwenderfreundliche Konstruktion zu erhalten. Auf Wunsch liefern wir auch Eckt\u00fcren mit beweglichem Pfosten.Anspruchsvollen Kunden empfehlen wir die Montage eines automatischen, ferngesteuerten T\u00fcrantriebs.<\/p>\n<p><strong>Die Balkon-Schiebet\u00fcren HS<\/strong> eignen sich hervorragend f\u00fcr Energiespar- und Passivh\u00e4user.[\/vc_column_text][\/vc_column][vc_column width=&#8220;1\/3&#8243;][vc_single_image image=&#8220;2947&#8243; img_size=&#8220;full&#8220;][\/vc_column][\/vc_row][vc_row][vc_column css=&#8220;.vc_custom_1598472537149{padding-bottom: 40px !important;}&#8220;][vc_column_text]<\/p>\n<h2 style=\"text-align: center;\">Montage von Hebeschiebet\u00fcren HS<\/h2>\n<p>[\/vc_column_text][\/vc_column][vc_column width=&#8220;1\/2&#8243;][vc_column_text]Die Montage von HS-T\u00fcren ist in vielerlei Hinsicht identisch mit der Einbauweise von Fenstern aller Art. Allerdings sollte auf einige wichtige Aspekte geachtet werden, die von den gewohnten Standards abweichen:<\/p>\n<ul>\n<li>Sehr wichtig ist das korrekte Abst\u00fctzen der Schwelle, da instabile HS-T\u00fcren nicht nur schadhaft sind, sondern auch sehr gef\u00e4hrlich. Dieser Montageschritt erfordert besondere Aufmerksamkeit. Bedenken Sie auch, dass HS-T\u00fcren nur sehr eingeschr\u00e4nkt regulierbar sind und sp\u00e4tere Nachbesserungen schwierig werden.<\/li>\n<li>Ein zus\u00e4tzliches Element, das die korrekte Abst\u00fctzung der Schwelle sicherstellt, ist ein Erweiterungsprofil. Bei der Montage von HS-Terrassent\u00fcren muss auf die entsprechende waagerechte Installation geachtet werden, damit die T\u00fcr vor dem Fu\u00dfboden auf der Innenseite gesichert ist.<\/li>\n<li>Eine Alternative f\u00fcr Erweiterungsprofile sind Fundamente aus Isoliermaterial. Damit kann die Schwelle korrekt abgest\u00fctzt werden. Die Fundamente isolieren W\u00e4rme, sch\u00fctzen vor Feuchtigkeit und Wind und sind \u00e4u\u00dferst robust.<\/li>\n<li>Ein weiterer Aspekt, der ber\u00fccksichtigt werden sollte, ist der Transport der HS-Terrassent\u00fcren. Angesichts der immer gr\u00f6\u00dferen Abmessungen sind hier Vorrichtungen erforderlich, die den pr\u00e4zisen und sicheren Transport und die Montage erm\u00f6glichen. Am besten eignen sich dabei Glaslifter, gute Saugheber oder Minikr\u00e4ne.<\/li>\n<\/ul>\n<p>[\/vc_column_text][\/vc_column][vc_column width=&#8220;1\/2&#8243;][vc_video link=&#8220;https:\/\/www.youtube.com\/watch?time_continue=1&amp;v=hhDiccnbrss&amp;feature=emb_title&#8220;][vc_btn title=&#8220;MEHR LESEN&#8220; style=&#8220;custom&#8220; custom_background=&#8220;#20bf55&#8243; custom_text=&#8220;#ffffff&#8220; shape=&#8220;square&#8220; link=&#8220;url:%23kontakt|||&#8220;][\/vc_column][\/vc_row][vc_row full_width=&#8220;stretch_row&#8220; css=&#8220;.vc_custom_1599203785862{margin-top: 100px !important;margin-bottom: 50px !important;padding-top: 150px !important;padding-bottom: 150px !important;background-image: url(https:\/\/alutrast.pl\/wp-content\/uploads\/2020\/09\/493.jpg?id=3611) !important;background-position: center !important;background-repeat: no-repeat !important;background-size: cover !important;}&#8220; el_class=&#8220;newsletter-section&#8220;][vc_column][vc_column_text]<\/p>\n<h2 style=\"text-align: center;\">Interessiert?<br \/>\nHinterlassen Sie Ihre Telefonnummer \u2013 wir rufen Sie gerne zur\u00fcck.<\/h2>\n<p>[\/vc_column_text]<div role=\"form\" class=\"wpcf7\" id=\"wpcf7-f3610-o1\" lang=\"pl-PL\" dir=\"ltr\">\n<div class=\"screen-reader-response\"><p role=\"status\" aria-live=\"polite\" aria-atomic=\"true\"><\/p> <ul><\/ul><\/div>\n<form action=\"\/de\/wp-json\/wp\/v2\/pages\/4090#wpcf7-f3610-o1\" method=\"post\" class=\"wpcf7-form init\" novalidate=\"novalidate\" data-status=\"init\">\n<div style=\"display: none;\">\n<input type=\"hidden\" name=\"_wpcf7\" value=\"3610\" \/>\n<input type=\"hidden\" name=\"_wpcf7_version\" value=\"5.3.2\" \/>\n<input type=\"hidden\" name=\"_wpcf7_locale\" value=\"pl_PL\" \/>\n<input type=\"hidden\" name=\"_wpcf7_unit_tag\" value=\"wpcf7-f3610-o1\" \/>\n<input type=\"hidden\" name=\"_wpcf7_container_post\" value=\"0\" \/>\n<input type=\"hidden\" name=\"_wpcf7_posted_data_hash\" value=\"\" \/>\n<\/div>\n<div class=\"flex__line\">\n<span class=\"wpcf7-form-control-wrap phone-contact\"><input type=\"tel\" name=\"phone-contact\" value=\"\" size=\"40\" class=\"wpcf7-form-control wpcf7-text wpcf7-tel wpcf7-validates-as-required wpcf7-validates-as-tel phone-input\" aria-required=\"true\" aria-invalid=\"false\" placeholder=\"Telefon\" \/><\/span><br \/>\n<input type=\"submit\" value=\"Wy\u015blij\" class=\"wpcf7-form-control wpcf7-submit message-input\" \/>\n<\/div>\n<div class=\"wpcf7-response-output\" aria-hidden=\"true\"><\/div><\/form><\/div>[\/vc_column][\/vc_row][vc_row css=&#8220;.vc_custom_1598445785780{padding-top: 100px !important;padding-bottom: 70px !important;}&#8220;][vc_column][vc_column_text css=&#8220;.vc_custom_1627562282950{padding-bottom: 50px !important;}&#8220;]<\/p>\n<h2 style=\"text-align: center;\">Breite Einsatzm\u00f6glichkeiten f\u00fcr HS-Schiebet\u00fcren<\/h2>\n<p>[\/vc_column_text][\/vc_column][vc_column width=&#8220;1\/2&#8243;][vc_single_image image=&#8220;4101&#8243; img_size=&#8220;full&#8220; alignment=&#8220;center&#8220;][\/vc_column][vc_column width=&#8220;1\/2&#8243;][vc_column_text]<\/p>\n<h3>Hersteller von HS-Schiebet\u00fcren + Montage<\/h3>\n<p>Dank des Einbaus einer HS-Schiebet\u00fcr f\u00e4llt mehr Licht in den Raum, wodurch dieser optisch gr\u00f6\u00dfer wirkt. Mit Hilfe der neuesten Technologien lassen sich stabile, langlebige und energiesparende T\u00fcren bauen.Hebeschiebet\u00fcren HS sind einfach und bequem in der Handhabung. Dies ist dem Hebesystem zu verdanken, dass im Schwellenbereich im Boden installiert wird.<\/p>\n<p><strong>HS-Schiebet\u00fcren<\/strong> eignen sich hervorragend zurTerrassengestaltung. Die gro\u00dfen Abmessungen machen dieses Produkt zur perfekten Wahl f\u00fcr weitl\u00e4ufig verglaste Terrassen und Balkons und sorgen f\u00fcr eine einzigartige Optik.<\/p>\n<p>HS-Hebeschiebet\u00fcren bieten eine gro\u00dfe Bandbreite an Gestaltungsm\u00f6glichkeiten. Zur Wahl stehen drei Arten von Abdeckleisten und eine gro\u00dfe Farbpalette, so dass das Produkt hervorragend an Geb\u00e4ude im modernen und klassischen Stil sowie Holzh\u00e4user angepasst werden kann.[\/vc_column_text][\/vc_column][\/vc_row][vc_row css=&#8220;.vc_custom_1598514453763{border-top-width: 2px !important;padding-top: 40px !important;border-top-color: #dee2e6 !important;border-top-style: solid !important;}&#8220;][vc_column][vc_column_text]<\/p>\n<h2>Produkte in dieser Kategorie<\/h2>\n<p>[\/vc_column_text]<div class=\"woocommerce columns-4 \"><div class=\"main-products-wrapper\">\n<div class=\"row\">\n<div class=\"col-md-3 col-sm-6 product-item product type-product post-5408 status-publish first instock product_cat-drzwi-de product_cat-okna-de product_tag-przesuwne-de product_tag-rc2-pl-de product_tag-systemy-okienno-drzwiowe-pl-de product_tag-z-izolacja-termiczna-de has-post-thumbnail shipping-taxable product-type-simple\">\n\t<div class=\"shop-product-single\">\n        <div class=\"product-img\">\n            <a href=\"https:\/\/alutrast.pl\/de\/oferta\/drzwi-de\/drzwi-przesuwne-mb-77hs\/\">\n        \t \n            <img width=\"300\" height=\"300\" src=\"https:\/\/alutrast.pl\/wp-content\/uploads\/2020\/02\/mb-77hs-pl-300x300.png\" class=\"attachment-woocommerce_thumbnail size-woocommerce_thumbnail\" alt=\"\" loading=\"lazy\" srcset=\"https:\/\/alutrast.pl\/wp-content\/uploads\/2020\/02\/mb-77hs-pl-300x300.png 300w, https:\/\/alutrast.pl\/wp-content\/uploads\/2020\/02\/mb-77hs-pl-180x180.png 180w, https:\/\/alutrast.pl\/wp-content\/uploads\/2020\/02\/mb-77hs-pl-350x350.png 350w, https:\/\/alutrast.pl\/wp-content\/uploads\/2020\/02\/mb-77hs-pl-768x768.png 768w, https:\/\/alutrast.pl\/wp-content\/uploads\/2020\/02\/mb-77hs-pl-600x600.png 600w, https:\/\/alutrast.pl\/wp-content\/uploads\/2020\/02\/mb-77hs-pl-100x100.png 100w, https:\/\/alutrast.pl\/wp-content\/uploads\/2020\/02\/mb-77hs-pl.png 800w\" sizes=\"(max-width: 300px) 100vw, 300px\" \/>            <\/a>\n            <div class=\"product-price-in-thumb\">\n               \n \n            <\/div>\n        <\/div>\n                <div class=\"product-content\">\n\t        <h2><a href=\"https:\/\/alutrast.pl\/de\/oferta\/drzwi-de\/drzwi-przesuwne-mb-77hs\/\">Drzwi balkonowe podnoszono &#8211; przesuwne HS (MB-77hs)<\/a><\/h2>\n\t\t\t<p>DRZWI BALKONOWE PODNOSZONO-PRZESUWNE<\/p>\n\t\t\t<p>\n\t\t\t\t<span class=\"tagged_as\"> <a href=\"https:\/\/alutrast.pl\/de\/tag-produktu\/przesuwne-de\/\" rel=\"tag\">Przesuwne<\/a> <a href=\"https:\/\/alutrast.pl\/de\/tag-produktu\/rc2-pl-de\/\" rel=\"tag\">RC2<\/a> <a href=\"https:\/\/alutrast.pl\/de\/tag-produktu\/systemy-okienno-drzwiowe-pl-de\/\" rel=\"tag\">Systemy okienno-drzwiowe<\/a> <a href=\"https:\/\/alutrast.pl\/de\/tag-produktu\/z-izolacja-termiczna-de\/\" rel=\"tag\">Z izolacj\u0105 termiczn\u0105<\/a><\/span>\t\t\t<\/p>\n        <\/div>\n\t\t<div class=\"product-read\">\n\t\t\t<a href=\"https:\/\/alutrast.pl\/de\/oferta\/drzwi-de\/drzwi-przesuwne-mb-77hs\/\" data-quantity=\"1\" class=\"button product_type_simple\" data-product_id=\"5408\" data-product_sku=\"\" aria-label=\"Lese mehr \u00fcber &#8222;Drzwi balkonowe podnoszono - przesuwne HS (MB-77hs)&#8220;\" rel=\"nofollow\">Weiterlesen<\/a>\t\t<\/div>\n    <\/div>\n<\/div>\n\n<div class=\"col-md-3 col-sm-6 product-item product type-product post-5395 status-publish instock product_cat-drzwi-de product_cat-okna-de product_tag-fasady-de product_tag-izolacyjnosc-termiczna-de product_tag-odpornosc-na-uderzenie-de product_tag-przepuszczalnosc-powietrza-de product_tag-wodoszczelnosc-de has-post-thumbnail shipping-taxable product-type-simple\">\n\t<div class=\"shop-product-single\">\n        <div class=\"product-img\">\n            <a href=\"https:\/\/alutrast.pl\/de\/oferta\/drzwi-de\/mb-59hs\/\">\n        \t \n            <img width=\"300\" height=\"300\" src=\"https:\/\/alutrast.pl\/wp-content\/uploads\/2019\/12\/mb-59hs_300_logo_www-300x300.jpg\" class=\"attachment-woocommerce_thumbnail size-woocommerce_thumbnail\" alt=\"\" loading=\"lazy\" srcset=\"https:\/\/alutrast.pl\/wp-content\/uploads\/2019\/12\/mb-59hs_300_logo_www-300x300.jpg 300w, https:\/\/alutrast.pl\/wp-content\/uploads\/2019\/12\/mb-59hs_300_logo_www-180x180.jpg 180w, https:\/\/alutrast.pl\/wp-content\/uploads\/2019\/12\/mb-59hs_300_logo_www-100x100.jpg 100w\" sizes=\"(max-width: 300px) 100vw, 300px\" \/>            <\/a>\n            <div class=\"product-price-in-thumb\">\n               \n \n            <\/div>\n        <\/div>\n                <div class=\"product-content\">\n\t        <h2><a href=\"https:\/\/alutrast.pl\/de\/oferta\/drzwi-de\/mb-59hs\/\">Drzwi balkonowe podnoszono &#8211; przesuwne MB-59HS<\/a><\/h2>\n\t\t\t<p>SYSTEM DRZWI PODNOSZONO-PRZESUWNYCH<\/p>\n\t\t\t<p>\n\t\t\t\t<span class=\"tagged_as\"> <a href=\"https:\/\/alutrast.pl\/de\/tag-produktu\/fasady-de\/\" rel=\"tag\">Fasady<\/a> <a href=\"https:\/\/alutrast.pl\/de\/tag-produktu\/izolacyjnosc-termiczna-de\/\" rel=\"tag\">Izolacyjno\u015b\u0107 termiczna<\/a> <a href=\"https:\/\/alutrast.pl\/de\/tag-produktu\/odpornosc-na-uderzenie-de\/\" rel=\"tag\">Odporno\u015b\u0107 na uderzenie<\/a> <a href=\"https:\/\/alutrast.pl\/de\/tag-produktu\/przepuszczalnosc-powietrza-de\/\" rel=\"tag\">Przepuszczalno\u015b\u0107 powietrza<\/a> <a href=\"https:\/\/alutrast.pl\/de\/tag-produktu\/wodoszczelnosc-de\/\" rel=\"tag\">Wodoszczelno\u015b\u0107<\/a><\/span>\t\t\t<\/p>\n        <\/div>\n\t\t<div class=\"product-read\">\n\t\t\t<a href=\"https:\/\/alutrast.pl\/de\/oferta\/drzwi-de\/mb-59hs\/\" data-quantity=\"1\" class=\"button product_type_simple\" data-product_id=\"5395\" data-product_sku=\"\" aria-label=\"Lese mehr \u00fcber &#8222;Drzwi balkonowe podnoszono - przesuwne MB-59HS&#8220;\" rel=\"nofollow\">Weiterlesen<\/a>\t\t<\/div>\n    <\/div>\n<\/div>\n\n<\/div>\n<\/div>\n<\/div>[\/vc_column][\/vc_row][vc_row el_id=&#8220;kontakt&#8220;][vc_column css=&#8220;.vc_custom_1598532399166{padding-top: 100px !important;}&#8220; el_id=&#8220;kontakt&#8220;][vc_column_text]<\/p>\n<h2>Kontakt<\/h2>\n<p>[\/vc_column_text][\/vc_column][\/vc_row][vc_row][vc_column css=&#8220;.vc_custom_1598532385455{padding-top: 40px !important;}&#8220;]<div role=\"form\" class=\"wpcf7\" id=\"wpcf7-f3576-o2\" lang=\"pl-PL\" dir=\"ltr\">\n<div class=\"screen-reader-response\"><p role=\"status\" aria-live=\"polite\" aria-atomic=\"true\"><\/p> <ul><\/ul><\/div>\n<form action=\"\/de\/wp-json\/wp\/v2\/pages\/4090#wpcf7-f3576-o2\" method=\"post\" class=\"wpcf7-form init\" novalidate=\"novalidate\" data-status=\"init\">\n<div style=\"display: none;\">\n<input type=\"hidden\" name=\"_wpcf7\" value=\"3576\" \/>\n<input type=\"hidden\" name=\"_wpcf7_version\" value=\"5.3.2\" \/>\n<input type=\"hidden\" name=\"_wpcf7_locale\" value=\"pl_PL\" \/>\n<input type=\"hidden\" name=\"_wpcf7_unit_tag\" value=\"wpcf7-f3576-o2\" \/>\n<input type=\"hidden\" name=\"_wpcf7_container_post\" value=\"0\" \/>\n<input type=\"hidden\" name=\"_wpcf7_posted_data_hash\" value=\"\" \/>\n<\/div>\n<p><span class=\"wpcf7-form-control-wrap imie\"><input type=\"text\" name=\"imie\" value=\"\" size=\"40\" class=\"wpcf7-form-control wpcf7-text wpcf7-validates-as-required name__input\" aria-required=\"true\" aria-invalid=\"false\" placeholder=\"Imi\u0119 i Nazwisko\" \/><\/span><br \/>\n<span class=\"wpcf7-form-control-wrap mail\"><input type=\"email\" name=\"mail\" value=\"\" size=\"40\" class=\"wpcf7-form-control wpcf7-text wpcf7-email wpcf7-validates-as-required wpcf7-validates-as-email mail__input\" aria-required=\"true\" aria-invalid=\"false\" placeholder=\"Adres e-mail\" \/><\/span><br \/>\n<span class=\"wpcf7-form-control-wrap telefon\"><input type=\"tel\" name=\"telefon\" value=\"\" size=\"40\" class=\"wpcf7-form-control wpcf7-text wpcf7-tel wpcf7-validates-as-tel phone__input\" aria-invalid=\"false\" placeholder=\"Telefon\" \/><\/span><br \/>\n<span class=\"wpcf7-form-control-wrap wiadomosc\"><textarea name=\"wiadomosc\" cols=\"40\" rows=\"10\" class=\"wpcf7-form-control wpcf7-textarea message__input\" aria-invalid=\"false\" placeholder=\"Wiadomo\u015b\u0107\"><\/textarea><\/span><br \/>\n<span class=\"wpcf7-form-control-wrap rodo\"><span class=\"wpcf7-form-control wpcf7-acceptance\"><span class=\"wpcf7-list-item\"><label><input type=\"checkbox\" name=\"rodo\" value=\"1\" aria-invalid=\"false\" class=\"accept__input\" \/><span class=\"wpcf7-list-item-label\">O\u015bwiadczam, \u017ce zosta\u0142am\/em poinformowana\/y o adresie siedziby i pe\u0142nej nazwie administratora danych, o celu przetwarzania moich danych osobowych, a tak\u017ce o przys\u0142uguj\u0105cym mi prawie dost\u0119pu do tre\u015bci moich danych oraz ich poprawiania lub usuni\u0119cia z baz danych Administratora. O\u015bwiadczam, \u017ce podanie moich danych osobowych nast\u0105pi\u0142o dobrowolnie.<\/span><\/label><\/span><\/span><\/span><br \/>\n<input type=\"submit\" value=\"Wy\u015blij\" class=\"wpcf7-form-control wpcf7-submit submit-button\" \/><\/p>\n<div class=\"wpcf7-response-output\" aria-hidden=\"true\"><\/div><\/form><\/div>[\/vc_column][\/vc_row]<\/p>\n","protected":false},"excerpt":{"rendered":"<p>[vc_row full_width=&#8220;stretch_row&#8220; css=&#8220;.vc_custom_1600177042527{padding-top: 250px !important;padding-bottom: 250px !important;background-image: url(https:\/\/alutrast.pl\/wp-content\/uploads\/2020\/09\/drzwi-przesuwne-hs-alutrast-.png?id=3672) !important;background-position: center !important;background-repeat: no-repeat !important;background-size: cover !important;}&#8220;][vc_column][vc_column_text] Schiebet\u00fcr HS Bia\u0142ystok Die ideale L\u00f6sung f\u00fcr einen einzigartigen Raumcharakter [\/vc_column_text][\/vc_column][\/vc_row][vc_row][vc_column][vc_column_text] KOMPLEXER SERVICE \u2013 MESSUNG, HERSTELLUNG, MONTAGE [\/vc_column_text][\/vc_column][\/vc_row][vc_row css=&#8220;.vc_custom_1598444893100{padding-top: 100px !important;padding-bottom: 70px !important;}&#8220;][vc_column width=&#8220;1\/2&#8243;][vc_single_image image=&#8220;4518&#8243; img_size=&#8220;full&#8220;][\/vc_column][vc_column width=&#8220;1\/2&#8243;][vc_column_text] Schiebet\u00fcr HS Bia\u0142ystok Alutrast stellt Balkon-Hebeschiebet\u00fcren HS her. In unserem Salon in Bia\u0142ystok [&hellip;]<\/p>\n","protected":false},"author":6,"featured_media":0,"parent":0,"menu_order":0,"comment_status":"closed","ping_status":"closed","template":"page-template\/blank-page.php","meta":[],"_links":{"self":[{"href":"https:\/\/alutrast.pl\/de\/wp-json\/wp\/v2\/pages\/4090"}],"collection":[{"href":"https:\/\/alutrast.pl\/de\/wp-json\/wp\/v2\/pages"}],"about":[{"href":"https:\/\/alutrast.pl\/de\/wp-json\/wp\/v2\/types\/page"}],"author":[{"embeddable":true,"href":"https:\/\/alutrast.pl\/de\/wp-json\/wp\/v2\/users\/6"}],"replies":[{"embeddable":true,"href":"https:\/\/alutrast.pl\/de\/wp-json\/wp\/v2\/comments?post=4090"}],"version-history":[{"count":12,"href":"https:\/\/alutrast.pl\/de\/wp-json\/wp\/v2\/pages\/4090\/revisions"}],"predecessor-version":[{"id":5122,"href":"https:\/\/alutrast.pl\/de\/wp-json\/wp\/v2\/pages\/4090\/revisions\/5122"}],"wp:attachment":[{"href":"https:\/\/alutrast.pl\/de\/wp-json\/wp\/v2\/media?parent=4090"}],"curies":[{"name":"wp","href":"https:\/\/api.w.org\/{rel}","templated":true}]}}