{"id":4162,"date":"2019-11-08T11:21:39","date_gmt":"2019-11-08T10:21:39","guid":{"rendered":"https:\/\/alutrast.pl\/oferta\/fasady\/"},"modified":"2021-08-03T12:33:02","modified_gmt":"2021-08-03T10:33:02","slug":"fassaden","status":"publish","type":"page","link":"https:\/\/alutrast.pl\/de\/angebot\/fassaden\/","title":{"rendered":"Fassaden"},"content":{"rendered":"<p>[vc_row full_width=&#8220;stretch_row&#8220; css=&#8220;.vc_custom_1576655676329{padding-top: 230px !important;padding-bottom: 250px !important;background-image: url(https:\/\/alutrast.pl\/wp-content\/uploads\/2019\/12\/fasady.jpg?id=2730) !important;background-position: center !important;background-repeat: no-repeat !important;background-size: cover !important;}&#8220; el_class=&#8220;header-img&#8220;][vc_column][vc_column_text el_class=&#8220;hind-font h3&#8243; css=&#8220;.vc_custom_1627913188882{margin-bottom: 0px !important;padding-bottom: 0px !important;}&#8220;]<\/p>\n<h1 class=\"white hind-font large-font\" style=\"text-align: center;\"><span style=\"font-weight: 400;\">Fassadensysteme<\/span><\/h1>\n<div id=\"gtx-trans\" style=\"position: absolute; left: 279px; top: -4.09375px;\">\n<div class=\"gtx-trans-icon\"><\/div>\n<\/div>\n<p>[\/vc_column_text][vc_column_text]<\/p>\n<div class=\"white\" style=\"text-align: center;\">\n<p><span style=\"font-weight: 400;\">Moderne, komplexe L\u00f6sungen.<\/span><\/p>\n<p><span style=\"font-weight: 400;\">Produkte von ALUTRAST<\/span><\/p>\n<\/div>\n<p>[\/vc_column_text][\/vc_column][\/vc_row][vc_row css=&#8220;.vc_custom_1574062725038{margin-top: -230px !important;padding-top: 50px !important;}&#8220;][vc_column]<div class=\"woocommerce columns-4 \"><div class=\"main-products-wrapper\">\n<div class=\"row\">\n<div class=\"col-md-3 col-sm-6 product-item product type-product post-5470 status-publish first instock has-post-thumbnail shipping-taxable product-type-simple\">\n\t<div class=\"shop-product-single\">\n        <div class=\"product-img\">\n            <a href=\"https:\/\/alutrast.pl\/en\/oferta\/unkategorisiert\/mb-sr50n\/\">\n        \t \n            <img width=\"300\" height=\"300\" src=\"https:\/\/alutrast.pl\/wp-content\/uploads\/2019\/12\/mb-sr50n-1-300x300.jpg\" class=\"attachment-woocommerce_thumbnail size-woocommerce_thumbnail\" alt=\"\" loading=\"lazy\" srcset=\"https:\/\/alutrast.pl\/wp-content\/uploads\/2019\/12\/mb-sr50n-1-300x300.jpg 300w, https:\/\/alutrast.pl\/wp-content\/uploads\/2019\/12\/mb-sr50n-1-180x180.jpg 180w, https:\/\/alutrast.pl\/wp-content\/uploads\/2019\/12\/mb-sr50n-1-100x100.jpg 100w\" sizes=\"(max-width: 300px) 100vw, 300px\" \/>            <\/a>\n            <div class=\"product-price-in-thumb\">\n               \n \n            <\/div>\n        <\/div>\n                <div class=\"product-content\">\n\t        <h2><a href=\"https:\/\/alutrast.pl\/en\/oferta\/unkategorisiert\/mb-sr50n\/\">MB-SR50N<\/a><\/h2>\n\t\t\t<div class=\"headline headline--cert headline--cert-desktop padding--md-top-0\">\n<p>\u015aCIANA S\u0141UPOWO-RYGLOWA<\/p>\n<\/div>\n\t\t\t<p>\n\t\t\t\t\t\t\t<\/p>\n        <\/div>\n\t\t<div class=\"product-read\">\n\t\t\t<a href=\"https:\/\/alutrast.pl\/en\/oferta\/unkategorisiert\/mb-sr50n\/\" data-quantity=\"1\" class=\"button product_type_simple\" data-product_id=\"5470\" data-product_sku=\"\" aria-label=\"Lese mehr \u00fcber &#8222;MB-SR50N&#8220;\" rel=\"nofollow\">Weiterlesen<\/a>\t\t<\/div>\n    <\/div>\n<\/div>\n\n<div class=\"col-md-3 col-sm-6 product-item product type-product post-5272 status-publish instock has-post-thumbnail shipping-taxable product-type-simple\">\n\t<div class=\"shop-product-single\">\n        <div class=\"product-img\">\n            <a href=\"https:\/\/alutrast.pl\/en\/oferta\/unkategorisiert\/mb-sr50n-hi\/\">\n        \t \n            <img width=\"300\" height=\"300\" src=\"https:\/\/alutrast.pl\/wp-content\/uploads\/2019\/12\/185_mb-sr50n_hi-nowe-listwy_logo-1-300x300.jpg\" class=\"attachment-woocommerce_thumbnail size-woocommerce_thumbnail\" alt=\"\" loading=\"lazy\" srcset=\"https:\/\/alutrast.pl\/wp-content\/uploads\/2019\/12\/185_mb-sr50n_hi-nowe-listwy_logo-1-300x300.jpg 300w, https:\/\/alutrast.pl\/wp-content\/uploads\/2019\/12\/185_mb-sr50n_hi-nowe-listwy_logo-1-180x180.jpg 180w, https:\/\/alutrast.pl\/wp-content\/uploads\/2019\/12\/185_mb-sr50n_hi-nowe-listwy_logo-1-350x350.jpg 350w, https:\/\/alutrast.pl\/wp-content\/uploads\/2019\/12\/185_mb-sr50n_hi-nowe-listwy_logo-1-768x768.jpg 768w, https:\/\/alutrast.pl\/wp-content\/uploads\/2019\/12\/185_mb-sr50n_hi-nowe-listwy_logo-1-1024x1024.jpg 1024w, https:\/\/alutrast.pl\/wp-content\/uploads\/2019\/12\/185_mb-sr50n_hi-nowe-listwy_logo-1-600x600.jpg 600w, https:\/\/alutrast.pl\/wp-content\/uploads\/2019\/12\/185_mb-sr50n_hi-nowe-listwy_logo-1-100x100.jpg 100w, https:\/\/alutrast.pl\/wp-content\/uploads\/2019\/12\/185_mb-sr50n_hi-nowe-listwy_logo-1.jpg 1200w\" sizes=\"(max-width: 300px) 100vw, 300px\" \/>            <\/a>\n            <div class=\"product-price-in-thumb\">\n               \n \n            <\/div>\n        <\/div>\n                <div class=\"product-content\">\n\t        <h2><a href=\"https:\/\/alutrast.pl\/en\/oferta\/unkategorisiert\/mb-sr50n-hi\/\">MB-SR50N HI<\/a><\/h2>\n\t\t\t<div class=\"headline headline--cert headline--cert-desktop padding--md-top-0\">\n<div class=\"headline headline--cert headline--cert-desktop padding--md-top-0\">\n<p>MULLION AND TRANSOM WALLING WITH ENHANCED THERMAL INSULATION<\/p>\n<\/div>\n<\/div>\n\t\t\t<p>\n\t\t\t\t\t\t\t<\/p>\n        <\/div>\n\t\t<div class=\"product-read\">\n\t\t\t<a href=\"https:\/\/alutrast.pl\/en\/oferta\/unkategorisiert\/mb-sr50n-hi\/\" data-quantity=\"1\" class=\"button product_type_simple\" data-product_id=\"5272\" data-product_sku=\"\" aria-label=\"Lese mehr \u00fcber &#8222;MB-SR50N HI&#8220;\" rel=\"nofollow\">Weiterlesen<\/a>\t\t<\/div>\n    <\/div>\n<\/div>\n\n<div class=\"col-md-3 col-sm-6 product-item product type-product post-5449 status-publish instock has-post-thumbnail shipping-taxable product-type-simple\">\n\t<div class=\"shop-product-single\">\n        <div class=\"product-img\">\n            <a href=\"https:\/\/alutrast.pl\/en\/oferta\/unkategorisiert\/fasada-mb-tt50\/\">\n        \t \n            <img width=\"300\" height=\"300\" src=\"https:\/\/alutrast.pl\/wp-content\/uploads\/2019\/11\/mbtt50_szklo_dwukomorowe_300-300x300.jpg\" class=\"attachment-woocommerce_thumbnail size-woocommerce_thumbnail\" alt=\"\" loading=\"lazy\" srcset=\"https:\/\/alutrast.pl\/wp-content\/uploads\/2019\/11\/mbtt50_szklo_dwukomorowe_300-300x300.jpg 300w, https:\/\/alutrast.pl\/wp-content\/uploads\/2019\/11\/mbtt50_szklo_dwukomorowe_300-180x180.jpg 180w, https:\/\/alutrast.pl\/wp-content\/uploads\/2019\/11\/mbtt50_szklo_dwukomorowe_300-100x100.jpg 100w\" sizes=\"(max-width: 300px) 100vw, 300px\" \/>            <\/a>\n            <div class=\"product-price-in-thumb\">\n               \n \n            <\/div>\n        <\/div>\n                <div class=\"product-content\">\n\t        <h2><a href=\"https:\/\/alutrast.pl\/en\/oferta\/unkategorisiert\/fasada-mb-tt50\/\">Fasada MB-TT50<\/a><\/h2>\n\t\t\t<p>Systemy okienno-drzwiowe z izolacj\u0105 termiczn\u0105<\/p>\n\t\t\t<p>\n\t\t\t\t\t\t\t<\/p>\n        <\/div>\n\t\t<div class=\"product-read\">\n\t\t\t<a href=\"https:\/\/alutrast.pl\/en\/oferta\/unkategorisiert\/fasada-mb-tt50\/\" data-quantity=\"1\" class=\"button product_type_simple\" data-product_id=\"5449\" data-product_sku=\"\" aria-label=\"Lese mehr \u00fcber &#8222;Fasada MB-TT50&#8220;\" rel=\"nofollow\">Weiterlesen<\/a>\t\t<\/div>\n    <\/div>\n<\/div>\n\n<div class=\"col-md-3 col-sm-6 product-item product type-product post-5428 status-publish last instock has-post-thumbnail shipping-taxable product-type-simple\">\n\t<div class=\"shop-product-single\">\n        <div class=\"product-img\">\n            <a href=\"https:\/\/alutrast.pl\/en\/oferta\/unkategorisiert\/mb-sr50n-iw\/\">\n        \t \n            <img width=\"300\" height=\"300\" src=\"https:\/\/alutrast.pl\/wp-content\/uploads\/2019\/12\/mb-sr50n_iw-1-300x300.jpg\" class=\"attachment-woocommerce_thumbnail size-woocommerce_thumbnail\" alt=\"\" loading=\"lazy\" srcset=\"https:\/\/alutrast.pl\/wp-content\/uploads\/2019\/12\/mb-sr50n_iw-1-300x300.jpg 300w, https:\/\/alutrast.pl\/wp-content\/uploads\/2019\/12\/mb-sr50n_iw-1-180x180.jpg 180w, https:\/\/alutrast.pl\/wp-content\/uploads\/2019\/12\/mb-sr50n_iw-1-100x100.jpg 100w\" sizes=\"(max-width: 300px) 100vw, 300px\" \/>            <\/a>\n            <div class=\"product-price-in-thumb\">\n               \n \n            <\/div>\n        <\/div>\n                <div class=\"product-content\">\n\t        <h2><a href=\"https:\/\/alutrast.pl\/en\/oferta\/unkategorisiert\/mb-sr50n-iw\/\">MB-SR50N IW<\/a><\/h2>\n\t\t\t<p>OKNO OTWIERANE DO WEWN\u0104TRZ ZINTEGROWANE Z FASAD\u0104<\/p>\n\t\t\t<p>\n\t\t\t\t\t\t\t<\/p>\n        <\/div>\n\t\t<div class=\"product-read\">\n\t\t\t<a href=\"https:\/\/alutrast.pl\/en\/oferta\/unkategorisiert\/mb-sr50n-iw\/\" data-quantity=\"1\" class=\"button product_type_simple\" data-product_id=\"5428\" data-product_sku=\"\" aria-label=\"Lese mehr \u00fcber &#8222;MB-SR50N IW&#8220;\" rel=\"nofollow\">Weiterlesen<\/a>\t\t<\/div>\n    <\/div>\n<\/div>\n\n<div class=\"col-md-3 col-sm-6 product-item product type-product post-5191 status-publish first instock has-post-thumbnail shipping-taxable product-type-simple\">\n\t<div class=\"shop-product-single\">\n        <div class=\"product-img\">\n            <a href=\"https:\/\/alutrast.pl\/en\/oferta\/unkategorisiert\/mb-sr50n-ow\/\">\n        \t \n            <img width=\"300\" height=\"300\" src=\"https:\/\/alutrast.pl\/wp-content\/uploads\/2019\/12\/mb-sr50n_ow_efekt-300x300.jpg\" class=\"attachment-woocommerce_thumbnail size-woocommerce_thumbnail\" alt=\"\" loading=\"lazy\" srcset=\"https:\/\/alutrast.pl\/wp-content\/uploads\/2019\/12\/mb-sr50n_ow_efekt-300x300.jpg 300w, https:\/\/alutrast.pl\/wp-content\/uploads\/2019\/12\/mb-sr50n_ow_efekt-180x180.jpg 180w, https:\/\/alutrast.pl\/wp-content\/uploads\/2019\/12\/mb-sr50n_ow_efekt-100x100.jpg 100w\" sizes=\"(max-width: 300px) 100vw, 300px\" \/>            <\/a>\n            <div class=\"product-price-in-thumb\">\n               \n \n            <\/div>\n        <\/div>\n                <div class=\"product-content\">\n\t        <h2><a href=\"https:\/\/alutrast.pl\/en\/oferta\/unkategorisiert\/mb-sr50n-ow\/\">MB-SR50N OW<\/a><\/h2>\n\t\t\t<p>OKNO ODCHYLNO-WYSUWNE OTWIERANE NA ZEWN\u0104TRZ<\/p>\n\t\t\t<p>\n\t\t\t\t\t\t\t<\/p>\n        <\/div>\n\t\t<div class=\"product-read\">\n\t\t\t<a href=\"https:\/\/alutrast.pl\/en\/oferta\/unkategorisiert\/mb-sr50n-ow\/\" data-quantity=\"1\" class=\"button product_type_simple\" data-product_id=\"5191\" data-product_sku=\"\" aria-label=\"Lese mehr \u00fcber &#8222;MB-SR50N OW&#8220;\" rel=\"nofollow\">Weiterlesen<\/a>\t\t<\/div>\n    <\/div>\n<\/div>\n\n<div class=\"col-md-3 col-sm-6 product-item product type-product post-5155 status-publish instock has-post-thumbnail shipping-taxable product-type-simple\">\n\t<div class=\"shop-product-single\">\n        <div class=\"product-img\">\n            <a href=\"https:\/\/alutrast.pl\/en\/oferta\/unkategorisiert\/mb-sr50n-efekt\/\">\n        \t \n            <img width=\"300\" height=\"300\" src=\"https:\/\/alutrast.pl\/wp-content\/uploads\/2019\/12\/mb-sr50n_efekt-300x300.jpg\" class=\"attachment-woocommerce_thumbnail size-woocommerce_thumbnail\" alt=\"\" loading=\"lazy\" srcset=\"https:\/\/alutrast.pl\/wp-content\/uploads\/2019\/12\/mb-sr50n_efekt-300x300.jpg 300w, https:\/\/alutrast.pl\/wp-content\/uploads\/2019\/12\/mb-sr50n_efekt-180x180.jpg 180w, https:\/\/alutrast.pl\/wp-content\/uploads\/2019\/12\/mb-sr50n_efekt-100x100.jpg 100w\" sizes=\"(max-width: 300px) 100vw, 300px\" \/>            <\/a>\n            <div class=\"product-price-in-thumb\">\n               \n \n            <\/div>\n        <\/div>\n                <div class=\"product-content\">\n\t        <h2><a href=\"https:\/\/alutrast.pl\/en\/oferta\/unkategorisiert\/mb-sr50n-efekt\/\">MB-SR50N EFEKT<\/a><\/h2>\n\t\t\t<div class=\"headline headline--cert headline--cert-desktop padding--md-top-0\">\n<div class=\"headline headline--cert headline--cert-desktop padding--md-top-0\">\n<div class=\"headline headline--cert headline--cert-desktop padding--md-top-0\">\n<p>SEMI-STRUCTURAL FA\u00c7ADE<\/p>\n<\/div>\n<\/div>\n<\/div>\n\t\t\t<p>\n\t\t\t\t\t\t\t<\/p>\n        <\/div>\n\t\t<div class=\"product-read\">\n\t\t\t<a href=\"https:\/\/alutrast.pl\/en\/oferta\/unkategorisiert\/mb-sr50n-efekt\/\" data-quantity=\"1\" class=\"button product_type_simple\" data-product_id=\"5155\" data-product_sku=\"\" aria-label=\"Lese mehr \u00fcber &#8222;MB-SR50N EFEKT&#8220;\" rel=\"nofollow\">Weiterlesen<\/a>\t\t<\/div>\n    <\/div>\n<\/div>\n\n<div class=\"col-md-3 col-sm-6 product-item product type-product post-5151 status-publish instock has-post-thumbnail shipping-taxable product-type-simple\">\n\t<div class=\"shop-product-single\">\n        <div class=\"product-img\">\n            <a href=\"https:\/\/alutrast.pl\/en\/oferta\/unkategorisiert\/mb-sr50n-hi-plus\/\">\n        \t \n            <img width=\"300\" height=\"300\" src=\"https:\/\/alutrast.pl\/wp-content\/uploads\/2019\/12\/185_mb-sr50n_hi-nowe-listwy_logo-300x300.jpg\" class=\"attachment-woocommerce_thumbnail size-woocommerce_thumbnail\" alt=\"\" loading=\"lazy\" srcset=\"https:\/\/alutrast.pl\/wp-content\/uploads\/2019\/12\/185_mb-sr50n_hi-nowe-listwy_logo-300x300.jpg 300w, https:\/\/alutrast.pl\/wp-content\/uploads\/2019\/12\/185_mb-sr50n_hi-nowe-listwy_logo-180x180.jpg 180w, https:\/\/alutrast.pl\/wp-content\/uploads\/2019\/12\/185_mb-sr50n_hi-nowe-listwy_logo-350x350.jpg 350w, https:\/\/alutrast.pl\/wp-content\/uploads\/2019\/12\/185_mb-sr50n_hi-nowe-listwy_logo-768x768.jpg 768w, https:\/\/alutrast.pl\/wp-content\/uploads\/2019\/12\/185_mb-sr50n_hi-nowe-listwy_logo-1024x1024.jpg 1024w, https:\/\/alutrast.pl\/wp-content\/uploads\/2019\/12\/185_mb-sr50n_hi-nowe-listwy_logo-600x600.jpg 600w, https:\/\/alutrast.pl\/wp-content\/uploads\/2019\/12\/185_mb-sr50n_hi-nowe-listwy_logo-100x100.jpg 100w, https:\/\/alutrast.pl\/wp-content\/uploads\/2019\/12\/185_mb-sr50n_hi-nowe-listwy_logo.jpg 1200w\" sizes=\"(max-width: 300px) 100vw, 300px\" \/>            <\/a>\n            <div class=\"product-price-in-thumb\">\n               \n \n            <\/div>\n        <\/div>\n                <div class=\"product-content\">\n\t        <h2><a href=\"https:\/\/alutrast.pl\/en\/oferta\/unkategorisiert\/mb-sr50n-hi-plus\/\">MB-SR50N HI+<\/a><\/h2>\n\t\t\t<div class=\"headline headline--cert headline--cert-desktop padding--md-top-0\">\n<p>OUTWARD OPENING TILT-SLIDE WINDOW<\/p>\n<\/div>\n\t\t\t<p>\n\t\t\t\t\t\t\t<\/p>\n        <\/div>\n\t\t<div class=\"product-read\">\n\t\t\t<a href=\"https:\/\/alutrast.pl\/en\/oferta\/unkategorisiert\/mb-sr50n-hi-plus\/\" data-quantity=\"1\" class=\"button product_type_simple\" data-product_id=\"5151\" data-product_sku=\"\" aria-label=\"Lese mehr \u00fcber &#8222;MB-SR50N HI+&#8220;\" rel=\"nofollow\">Weiterlesen<\/a>\t\t<\/div>\n    <\/div>\n<\/div>\n\n<\/div>\n<\/div>\n<\/div>[vc_empty_space height=&#8220;50px&#8220;][\/vc_column][\/vc_row][vc_section][vc_row][vc_column][vc_column_text]<\/p>\n<div class=\"block-text text--size-20\">\n<div class=\"block-text text--size-20\">\n<p><span style=\"font-weight: 400;\">Aluminiumsysteme sind hervorragend f\u00fcr den Bau moderner Fassaden geeignet. Aluminium bew\u00e4hrt sich aufgrund seiner Eigenschaften und der beliebigen Formbarkeit f\u00fcr Konstruktionssysteme von Glasfassaden \u00f6ffentlicher Geb\u00e4ude. Zu erw\u00e4hnen sind hier z.B. Dachkonstruktionen von Banken, Hotels und B\u00fcrogeb\u00e4uden. Gro\u00dfe Glasfl\u00e4chen sorgen f\u00fcr den perfekten Lichteinfall in das Geb\u00e4ude und verbessern so den Komfort der Personen in den R\u00e4umen. Aluminium bietet beliebige Gestaltungsm\u00f6glichkeiten f\u00fcr Architektur und Fassade \u2013 ein Beispiel ist die Aluminiumfassade in Pfosten-Riegelbauweise. Nat\u00fcrlich hat Alutrast aber noch viel mehr zu bieten.<\/span><\/p>\n<p>&nbsp;<\/p>\n<h3><strong>Anforderungen bei verglasten Fl\u00e4chen<\/strong><\/h3>\n<p><span style=\"font-weight: 400;\">Gro\u00dfe verglaste Fl\u00e4chen bedeuten auch einen ebenso gro\u00dfen W\u00e4rmeverlust, was bei der Fassadenkonstruktion ein No-Go ist. Deshalb wurde das System MB-TT 50 entwickelt. Dabei handelt es sich um eine absolute Neuheit unter den Aluminiumfassaden in Pfostenbauweise. Die neue Konstruktion, verst\u00e4rkte Aluminiumprofile und das Zubeh\u00f6r machen das Produkt zur perfekten Antwort auf die Bed\u00fcrfnisse von Energiespar- und Passivh\u00e4usern.<\/span><\/p>\n<p><span style=\"font-weight: 400;\">Als Beispiel ist hier das Pfosten-Riegelsystem MB-SR50N zu erw\u00e4hnen. Das System erf\u00fcllt alle Energiesparanforderungen \u2013 dies gilt besonders f\u00fcr MB-SR50N HI und MB SR50N HI+. Das System wurde auf Grundlage der h\u00f6chsten Energiesparstandards entwickelt. Die Varianten der Linie MB-SR50N PL und MB-SR50N EFEKT erm\u00f6glichen die Konstruktion von Fassaden mit vertikaler oder horizontaler Optik.<\/span><\/p>\n<p>&nbsp;<\/p>\n<h3><strong>\u00d6ffnungsmechanismen von Fassadensystemen<\/strong><\/h3>\n<p><span style=\"font-weight: 400;\">Mit Blick auf die \u00d6ffnungsmechanismen der Systeme MB-SR50N, stellen die Kipp-Schiebekonstruktion MB-SR50N OW, die in die Fassade integrierten Fenster MB-SR50N IW und die Dachfenster MB-SR50N RW die Basisvarianten dar. Letzterer Mechanismus ist vor allem aus Privath\u00e4usern bekannt. Au\u00dferdem ist das Pfosten-Riegelsystem MB-SR50N auch das Basissystem f\u00fcr die Brandschutzkonstruktionen MB-SR50 EI. Alle auf Grundlage dieses Systems hergestellten Dachkonstruktionen k\u00f6nnen erfolgreich auch in brandsicherer Variante produziert werden. F\u00fcr Dachkonstruktionen mit Pfosten-Riegelsystemen MB-SR50 und MB-TT50 k\u00f6nnen auf Wunsch auch Dachfenster mit hoher W\u00e4rmed\u00e4mmung hergestellt werden.<\/span><\/p>\n<p>&nbsp;<\/p>\n<p><span style=\"font-weight: 400;\">Wichtig zu wissen: die oben genannten Fassadensysteme sind heute nicht mehr nur in \u00f6ffentlichen Geb\u00e4uden zu finden, sondern immer h\u00e4ufiger auch in Mehr- und Einfamilienh\u00e4usern. Sie erf\u00fcllen nicht nur die praktischen Anforderungen (u.a. W\u00e4rmed\u00e4mmung), sondern \u00fcberzeugen auch durch die tolle \u00c4sthetik.<\/span><\/p>\n<\/div>\n<\/div>\n<p>[\/vc_column_text][\/vc_column][\/vc_row][\/vc_section][vc_row][vc_column][vc_raw_js]JTNDc2NyaXB0JTNFJTIwJTBBJTI0JTI4JTIyLnRhZ2dlZF9hcyUyMCUzRSUyMGElMjIlMjkuYXR0ciUyOCUyMmhyZWYlMjIlMkMlMjAlMjclMjMlMjclMjklM0IlMEElM0MlMkZzY3JpcHQlM0U=[\/vc_raw_js][\/vc_column][\/vc_row]<\/p>\n","protected":false},"excerpt":{"rendered":"<p>[vc_row full_width=&#8220;stretch_row&#8220; css=&#8220;.vc_custom_1576655676329{padding-top: 230px !important;padding-bottom: 250px !important;background-image: url(https:\/\/alutrast.pl\/wp-content\/uploads\/2019\/12\/fasady.jpg?id=2730) !important;background-position: center !important;background-repeat: no-repeat !important;background-size: cover !important;}&#8220; el_class=&#8220;header-img&#8220;][vc_column][vc_column_text el_class=&#8220;hind-font h3&#8243; css=&#8220;.vc_custom_1627913188882{margin-bottom: 0px !important;padding-bottom: 0px !important;}&#8220;] Fassadensysteme [\/vc_column_text][vc_column_text] Moderne, komplexe L\u00f6sungen. Produkte von ALUTRAST [\/vc_column_text][\/vc_column][\/vc_row][vc_row css=&#8220;.vc_custom_1574062725038{margin-top: -230px !important;padding-top: 50px !important;}&#8220;][vc_column][vc_empty_space height=&#8220;50px&#8220;][\/vc_column][\/vc_row][vc_section][vc_row][vc_column][vc_column_text] Aluminiumsysteme sind hervorragend f\u00fcr den Bau moderner Fassaden geeignet. Aluminium bew\u00e4hrt sich aufgrund seiner Eigenschaften und der [&hellip;]<\/p>\n","protected":false},"author":2,"featured_media":0,"parent":4068,"menu_order":1,"comment_status":"closed","ping_status":"closed","template":"page-template\/blank-page.php","meta":[],"_links":{"self":[{"href":"https:\/\/alutrast.pl\/de\/wp-json\/wp\/v2\/pages\/4162"}],"collection":[{"href":"https:\/\/alutrast.pl\/de\/wp-json\/wp\/v2\/pages"}],"about":[{"href":"https:\/\/alutrast.pl\/de\/wp-json\/wp\/v2\/types\/page"}],"author":[{"embeddable":true,"href":"https:\/\/alutrast.pl\/de\/wp-json\/wp\/v2\/users\/2"}],"replies":[{"embeddable":true,"href":"https:\/\/alutrast.pl\/de\/wp-json\/wp\/v2\/comments?post=4162"}],"version-history":[{"count":5,"href":"https:\/\/alutrast.pl\/de\/wp-json\/wp\/v2\/pages\/4162\/revisions"}],"predecessor-version":[{"id":5150,"href":"https:\/\/alutrast.pl\/de\/wp-json\/wp\/v2\/pages\/4162\/revisions\/5150"}],"up":[{"embeddable":true,"href":"https:\/\/alutrast.pl\/de\/wp-json\/wp\/v2\/pages\/4068"}],"wp:attachment":[{"href":"https:\/\/alutrast.pl\/de\/wp-json\/wp\/v2\/media?parent=4162"}],"curies":[{"name":"wp","href":"https:\/\/api.w.org\/{rel}","templated":true}]}}