{"id":4195,"date":"2019-11-12T11:15:21","date_gmt":"2019-11-12T10:15:21","guid":{"rendered":"https:\/\/alutrast.pl\/oferta\/drzwi\/"},"modified":"2021-08-03T13:42:41","modified_gmt":"2021-08-03T11:42:41","slug":"tueren","status":"publish","type":"page","link":"https:\/\/alutrast.pl\/de\/angebot\/tueren\/","title":{"rendered":"T\u00fcren"},"content":{"rendered":"<p>[vc_row full_width=&#8220;stretch_row&#8220; css=&#8220;.vc_custom_1577714147965{padding-top: 230px !important;padding-bottom: 250px !important;background-image: url(https:\/\/alutrast.pl\/wp-content\/uploads\/2019\/12\/dzwi_alutrast.jpg?id=2785) !important;background-position: center !important;background-repeat: no-repeat !important;background-size: cover !important;}&#8220; el_class=&#8220;header-img&#8220;][vc_column][vc_column_text el_class=&#8220;hind-font h3&#8243; css=&#8220;.vc_custom_1627990702150{margin-bottom: 0px !important;padding-bottom: 0px !important;}&#8220;]<\/p>\n<h1 class=\"white hind-font large-font\" style=\"text-align: center;\"><span style=\"font-weight: 400;\">Aluminiumt\u00fcren<\/span><\/h1>\n<div id=\"gtx-trans\" style=\"position: absolute; left: 302px; top: 51.9063px;\">\n<div class=\"gtx-trans-icon\"><\/div>\n<\/div>\n<p>[\/vc_column_text][vc_column_text]<\/p>\n<div class=\"white\" style=\"text-align: center;\">\n<p><span style=\"font-weight: 400;\">Moderne, komplexe L\u00f6sungen<\/span><\/p>\n<p><span style=\"font-weight: 400;\">Produkte von ALUTRAST<\/span><\/p>\n<\/div>\n<p>[\/vc_column_text][\/vc_column][\/vc_row][vc_row css=&#8220;.vc_custom_1574062790074{margin-top: -230px !important;padding-top: 50px !important;}&#8220;][vc_column]<div class=\"woocommerce columns-4 \"><div class=\"main-products-wrapper\">\n<div class=\"row\">\n<div class=\"col-md-3 col-sm-6 product-item product type-product post-5455 status-publish first instock has-post-thumbnail shipping-taxable product-type-simple\">\n\t<div class=\"shop-product-single\">\n        <div class=\"product-img\">\n            <a href=\"https:\/\/alutrast.pl\/en\/oferta\/unkategorisiert\/drzwi-panelowe\/\">\n        \t \n            <img width=\"300\" height=\"300\" src=\"https:\/\/alutrast.pl\/wp-content\/uploads\/2020\/02\/drzwi-panelowe-pl-300x300.png\" class=\"attachment-woocommerce_thumbnail size-woocommerce_thumbnail\" alt=\"\" loading=\"lazy\" srcset=\"https:\/\/alutrast.pl\/wp-content\/uploads\/2020\/02\/drzwi-panelowe-pl-300x300.png 300w, https:\/\/alutrast.pl\/wp-content\/uploads\/2020\/02\/drzwi-panelowe-pl-180x180.png 180w, https:\/\/alutrast.pl\/wp-content\/uploads\/2020\/02\/drzwi-panelowe-pl-350x350.png 350w, https:\/\/alutrast.pl\/wp-content\/uploads\/2020\/02\/drzwi-panelowe-pl-768x768.png 768w, https:\/\/alutrast.pl\/wp-content\/uploads\/2020\/02\/drzwi-panelowe-pl-600x600.png 600w, https:\/\/alutrast.pl\/wp-content\/uploads\/2020\/02\/drzwi-panelowe-pl-100x100.png 100w, https:\/\/alutrast.pl\/wp-content\/uploads\/2020\/02\/drzwi-panelowe-pl.png 800w\" sizes=\"(max-width: 300px) 100vw, 300px\" \/>            <\/a>\n            <div class=\"product-price-in-thumb\">\n               \n \n            <\/div>\n        <\/div>\n                <div class=\"product-content\">\n\t        <h2><a href=\"https:\/\/alutrast.pl\/en\/oferta\/unkategorisiert\/drzwi-panelowe\/\">DRZWI PANELOWE<\/a><\/h2>\n\t\t\t<p>NA BAZIE SYSTEM\u00d3W MB-70, MB-86 ORAZ MB-104 PASSIVE<\/p>\n<p><small style=\"font-weight: 300; font-size: 20px;\">Drzwi wej\u015bciowe seria AD <a href=\"https:\/\/alutrast.pl\/wp-content\/uploads\/2020\/02\/aluprof_drzwi_ad_pl-1.pdf\" target=\"_blank\" rel=\"noopener noreferrer\"><i class=\"fa fa-file-pdf-o\" aria-hidden=\"true\"> PDF<\/i><\/a><\/small><\/p>\n<p><small style=\"font-weight: 300; font-size: 20px;\">Drzwi wej\u015bciowe seria AP <a href=\"https:\/\/alutrast.pl\/wp-content\/uploads\/2020\/02\/folder-drzwi_pl_2019_seria_ap_net.pdf\" target=\"_blank\" rel=\"noopener noreferrer\"><i class=\"fa fa-file-pdf-o\" aria-hidden=\"true\"> PDF<\/i><\/a><\/small><\/p>\n\t\t\t<p>\n\t\t\t\t\t\t\t<\/p>\n        <\/div>\n\t\t<div class=\"product-read\">\n\t\t\t<a href=\"https:\/\/alutrast.pl\/en\/oferta\/unkategorisiert\/drzwi-panelowe\/\" data-quantity=\"1\" class=\"button product_type_simple\" data-product_id=\"5455\" data-product_sku=\"\" aria-label=\"Lese mehr \u00fcber &#8222;DRZWI PANELOWE&#8220;\" rel=\"nofollow\">Weiterlesen<\/a>\t\t<\/div>\n    <\/div>\n<\/div>\n\n<div class=\"col-md-3 col-sm-6 product-item product type-product post-5404 status-publish instock has-post-thumbnail shipping-taxable product-type-simple\">\n\t<div class=\"shop-product-single\">\n        <div class=\"product-img\">\n            <a href=\"https:\/\/alutrast.pl\/en\/oferta\/unkategorisiert\/drzwi-przesuwne-mb-77hs\/\">\n        \t \n            <img width=\"300\" height=\"300\" src=\"https:\/\/alutrast.pl\/wp-content\/uploads\/2020\/02\/mb-77hs-pl-300x300.png\" class=\"attachment-woocommerce_thumbnail size-woocommerce_thumbnail\" alt=\"\" loading=\"lazy\" srcset=\"https:\/\/alutrast.pl\/wp-content\/uploads\/2020\/02\/mb-77hs-pl-300x300.png 300w, https:\/\/alutrast.pl\/wp-content\/uploads\/2020\/02\/mb-77hs-pl-180x180.png 180w, https:\/\/alutrast.pl\/wp-content\/uploads\/2020\/02\/mb-77hs-pl-350x350.png 350w, https:\/\/alutrast.pl\/wp-content\/uploads\/2020\/02\/mb-77hs-pl-768x768.png 768w, https:\/\/alutrast.pl\/wp-content\/uploads\/2020\/02\/mb-77hs-pl-600x600.png 600w, https:\/\/alutrast.pl\/wp-content\/uploads\/2020\/02\/mb-77hs-pl-100x100.png 100w, https:\/\/alutrast.pl\/wp-content\/uploads\/2020\/02\/mb-77hs-pl.png 800w\" sizes=\"(max-width: 300px) 100vw, 300px\" \/>            <\/a>\n            <div class=\"product-price-in-thumb\">\n               \n \n            <\/div>\n        <\/div>\n                <div class=\"product-content\">\n\t        <h2><a href=\"https:\/\/alutrast.pl\/en\/oferta\/unkategorisiert\/drzwi-przesuwne-mb-77hs\/\">Drzwi balkonowe podnoszono &#8211; przesuwne HS (MB-77hs)<\/a><\/h2>\n\t\t\t<p>DRZWI BALKONOWE PODNOSZONO-PRZESUWNE<\/p>\n\t\t\t<p>\n\t\t\t\t\t\t\t<\/p>\n        <\/div>\n\t\t<div class=\"product-read\">\n\t\t\t<a href=\"https:\/\/alutrast.pl\/en\/oferta\/unkategorisiert\/drzwi-przesuwne-mb-77hs\/\" data-quantity=\"1\" class=\"button product_type_simple\" data-product_id=\"5404\" data-product_sku=\"\" aria-label=\"Lese mehr \u00fcber &#8222;Drzwi balkonowe podnoszono - przesuwne HS (MB-77hs)&#8220;\" rel=\"nofollow\">Weiterlesen<\/a>\t\t<\/div>\n    <\/div>\n<\/div>\n\n<div class=\"col-md-3 col-sm-6 product-item product type-product post-5391 status-publish instock has-post-thumbnail shipping-taxable product-type-simple\">\n\t<div class=\"shop-product-single\">\n        <div class=\"product-img\">\n            <a href=\"https:\/\/alutrast.pl\/en\/oferta\/unkategorisiert\/mb-59hs\/\">\n        \t \n            <img width=\"300\" height=\"300\" src=\"https:\/\/alutrast.pl\/wp-content\/uploads\/2019\/12\/mb-59hs_300_logo_www-300x300.jpg\" class=\"attachment-woocommerce_thumbnail size-woocommerce_thumbnail\" alt=\"\" loading=\"lazy\" srcset=\"https:\/\/alutrast.pl\/wp-content\/uploads\/2019\/12\/mb-59hs_300_logo_www-300x300.jpg 300w, https:\/\/alutrast.pl\/wp-content\/uploads\/2019\/12\/mb-59hs_300_logo_www-180x180.jpg 180w, https:\/\/alutrast.pl\/wp-content\/uploads\/2019\/12\/mb-59hs_300_logo_www-100x100.jpg 100w\" sizes=\"(max-width: 300px) 100vw, 300px\" \/>            <\/a>\n            <div class=\"product-price-in-thumb\">\n               \n \n            <\/div>\n        <\/div>\n                <div class=\"product-content\">\n\t        <h2><a href=\"https:\/\/alutrast.pl\/en\/oferta\/unkategorisiert\/mb-59hs\/\">Drzwi balkonowe podnoszono &#8211; przesuwne MB-59HS<\/a><\/h2>\n\t\t\t<p>SYSTEM DRZWI PODNOSZONO-PRZESUWNYCH<\/p>\n\t\t\t<p>\n\t\t\t\t\t\t\t<\/p>\n        <\/div>\n\t\t<div class=\"product-read\">\n\t\t\t<a href=\"https:\/\/alutrast.pl\/en\/oferta\/unkategorisiert\/mb-59hs\/\" data-quantity=\"1\" class=\"button product_type_simple\" data-product_id=\"5391\" data-product_sku=\"\" aria-label=\"Lese mehr \u00fcber &#8222;Drzwi balkonowe podnoszono - przesuwne MB-59HS&#8220;\" rel=\"nofollow\">Weiterlesen<\/a>\t\t<\/div>\n    <\/div>\n<\/div>\n\n<div class=\"col-md-3 col-sm-6 product-item product type-product post-5364 status-publish last instock has-post-thumbnail shipping-taxable product-type-simple\">\n\t<div class=\"shop-product-single\">\n        <div class=\"product-img\">\n            <a href=\"https:\/\/alutrast.pl\/en\/oferta\/unkategorisiert\/drzwi-harmonijkowe\/\">\n        \t \n            <img width=\"300\" height=\"300\" src=\"https:\/\/alutrast.pl\/wp-content\/uploads\/2020\/02\/drzwi-harmonijkowe-pl_main-300x300.png\" class=\"attachment-woocommerce_thumbnail size-woocommerce_thumbnail\" alt=\"\" loading=\"lazy\" srcset=\"https:\/\/alutrast.pl\/wp-content\/uploads\/2020\/02\/drzwi-harmonijkowe-pl_main-300x300.png 300w, https:\/\/alutrast.pl\/wp-content\/uploads\/2020\/02\/drzwi-harmonijkowe-pl_main-180x180.png 180w, https:\/\/alutrast.pl\/wp-content\/uploads\/2020\/02\/drzwi-harmonijkowe-pl_main-350x350.png 350w, https:\/\/alutrast.pl\/wp-content\/uploads\/2020\/02\/drzwi-harmonijkowe-pl_main-600x600.png 600w, https:\/\/alutrast.pl\/wp-content\/uploads\/2020\/02\/drzwi-harmonijkowe-pl_main-100x100.png 100w, https:\/\/alutrast.pl\/wp-content\/uploads\/2020\/02\/drzwi-harmonijkowe-pl_main.png 615w\" sizes=\"(max-width: 300px) 100vw, 300px\" \/>            <\/a>\n            <div class=\"product-price-in-thumb\">\n               \n \n            <\/div>\n        <\/div>\n                <div class=\"product-content\">\n\t        <h2><a href=\"https:\/\/alutrast.pl\/en\/oferta\/unkategorisiert\/drzwi-harmonijkowe\/\">DRZWI HARMONIJKOWE<\/a><\/h2>\n\t\t\t<p>NA BAZIE SYSTEM\u00d3W: MB-59S, MB-60, MB-70<\/p>\n\t\t\t<p>\n\t\t\t\t\t\t\t<\/p>\n        <\/div>\n\t\t<div class=\"product-read\">\n\t\t\t<a href=\"https:\/\/alutrast.pl\/en\/oferta\/unkategorisiert\/drzwi-harmonijkowe\/\" data-quantity=\"1\" class=\"button product_type_simple\" data-product_id=\"5364\" data-product_sku=\"\" aria-label=\"Lese mehr \u00fcber &#8222;DRZWI HARMONIJKOWE&#8220;\" rel=\"nofollow\">Weiterlesen<\/a>\t\t<\/div>\n    <\/div>\n<\/div>\n\n<div class=\"col-md-3 col-sm-6 product-item product type-product post-5185 status-publish first instock has-post-thumbnail shipping-taxable product-type-simple\">\n\t<div class=\"shop-product-single\">\n        <div class=\"product-img\">\n            <a href=\"https:\/\/alutrast.pl\/en\/oferta\/unkategorisiert\/ap04-winchester\/\">\n        \t \n            <img width=\"300\" height=\"300\" src=\"https:\/\/alutrast.pl\/wp-content\/uploads\/2020\/02\/ap04-winchester-300x300.png\" class=\"attachment-woocommerce_thumbnail size-woocommerce_thumbnail\" alt=\"\" loading=\"lazy\" srcset=\"https:\/\/alutrast.pl\/wp-content\/uploads\/2020\/02\/ap04-winchester-300x300.png 300w, https:\/\/alutrast.pl\/wp-content\/uploads\/2020\/02\/ap04-winchester-180x180.png 180w, https:\/\/alutrast.pl\/wp-content\/uploads\/2020\/02\/ap04-winchester-350x350.png 350w, https:\/\/alutrast.pl\/wp-content\/uploads\/2020\/02\/ap04-winchester-768x768.png 768w, https:\/\/alutrast.pl\/wp-content\/uploads\/2020\/02\/ap04-winchester-600x600.png 600w, https:\/\/alutrast.pl\/wp-content\/uploads\/2020\/02\/ap04-winchester-100x100.png 100w, https:\/\/alutrast.pl\/wp-content\/uploads\/2020\/02\/ap04-winchester.png 800w\" sizes=\"(max-width: 300px) 100vw, 300px\" \/>            <\/a>\n            <div class=\"product-price-in-thumb\">\n               \n \n            <\/div>\n        <\/div>\n                <div class=\"product-content\">\n\t        <h2><a href=\"https:\/\/alutrast.pl\/en\/oferta\/unkategorisiert\/ap04-winchester\/\">AP04 Winchester<\/a><\/h2>\n\t\t\t<p>Aktualizuj<\/p>\n\t\t\t<p>\n\t\t\t\t\t\t\t<\/p>\n        <\/div>\n\t\t<div class=\"product-read\">\n\t\t\t<a href=\"https:\/\/alutrast.pl\/en\/oferta\/unkategorisiert\/ap04-winchester\/\" data-quantity=\"1\" class=\"button product_type_simple\" data-product_id=\"5185\" data-product_sku=\"\" aria-label=\"Lese mehr \u00fcber &#8222;AP04 Winchester&#8220;\" rel=\"nofollow\">Weiterlesen<\/a>\t\t<\/div>\n    <\/div>\n<\/div>\n\n<div class=\"col-md-3 col-sm-6 product-item product type-product post-5179 status-publish instock has-post-thumbnail shipping-taxable product-type-simple\">\n\t<div class=\"shop-product-single\">\n        <div class=\"product-img\">\n            <a href=\"https:\/\/alutrast.pl\/en\/oferta\/unkategorisiert\/ap03\/\">\n        \t \n            <img width=\"300\" height=\"300\" src=\"https:\/\/alutrast.pl\/wp-content\/uploads\/2020\/02\/ap03-300x300.png\" class=\"attachment-woocommerce_thumbnail size-woocommerce_thumbnail\" alt=\"\" loading=\"lazy\" srcset=\"https:\/\/alutrast.pl\/wp-content\/uploads\/2020\/02\/ap03-300x300.png 300w, https:\/\/alutrast.pl\/wp-content\/uploads\/2020\/02\/ap03-180x180.png 180w, https:\/\/alutrast.pl\/wp-content\/uploads\/2020\/02\/ap03-350x350.png 350w, https:\/\/alutrast.pl\/wp-content\/uploads\/2020\/02\/ap03-768x768.png 768w, https:\/\/alutrast.pl\/wp-content\/uploads\/2020\/02\/ap03-600x600.png 600w, https:\/\/alutrast.pl\/wp-content\/uploads\/2020\/02\/ap03-100x100.png 100w, https:\/\/alutrast.pl\/wp-content\/uploads\/2020\/02\/ap03.png 800w\" sizes=\"(max-width: 300px) 100vw, 300px\" \/>            <\/a>\n            <div class=\"product-price-in-thumb\">\n               \n \n            <\/div>\n        <\/div>\n                <div class=\"product-content\">\n\t        <h2><a href=\"https:\/\/alutrast.pl\/en\/oferta\/unkategorisiert\/ap03\/\">AP03<\/a><\/h2>\n\t\t\t<p>Aktualizuj<\/p>\n\t\t\t<p>\n\t\t\t\t\t\t\t<\/p>\n        <\/div>\n\t\t<div class=\"product-read\">\n\t\t\t<a href=\"https:\/\/alutrast.pl\/en\/oferta\/unkategorisiert\/ap03\/\" data-quantity=\"1\" class=\"button product_type_simple\" data-product_id=\"5179\" data-product_sku=\"\" aria-label=\"Lese mehr \u00fcber &#8222;AP03&#8220;\" rel=\"nofollow\">Weiterlesen<\/a>\t\t<\/div>\n    <\/div>\n<\/div>\n\n<div class=\"col-md-3 col-sm-6 product-item product type-product post-5173 status-publish instock product_tag-window-and-door-systems product_tag-windows has-post-thumbnail shipping-taxable product-type-simple\">\n\t<div class=\"shop-product-single\">\n        <div class=\"product-img\">\n            <a href=\"https:\/\/alutrast.pl\/en\/oferta\/unkategorisiert\/mb-45\/\">\n        \t \n            <img width=\"300\" height=\"300\" src=\"https:\/\/alutrast.pl\/wp-content\/uploads\/2019\/12\/mb-451-300x300.jpg\" class=\"attachment-woocommerce_thumbnail size-woocommerce_thumbnail\" alt=\"\" loading=\"lazy\" srcset=\"https:\/\/alutrast.pl\/wp-content\/uploads\/2019\/12\/mb-451-300x300.jpg 300w, https:\/\/alutrast.pl\/wp-content\/uploads\/2019\/12\/mb-451-180x180.jpg 180w, https:\/\/alutrast.pl\/wp-content\/uploads\/2019\/12\/mb-451-100x100.jpg 100w\" sizes=\"(max-width: 300px) 100vw, 300px\" \/>            <\/a>\n            <div class=\"product-price-in-thumb\">\n               \n \n            <\/div>\n        <\/div>\n                <div class=\"product-content\">\n\t        <h2><a href=\"https:\/\/alutrast.pl\/en\/oferta\/unkategorisiert\/mb-45\/\">MB-45<\/a><\/h2>\n\t\t\t<p><span style=\"font-weight: 300;\">WINDOW AND DOOR SYSTEM WITHOUT THERMAL INSULTION<\/span><\/p>\n\t\t\t<p>\n\t\t\t\t<span class=\"tagged_as\"> <a href=\"https:\/\/alutrast.pl\/en\/tag-produktu\/window-and-door-systems\/\" rel=\"tag\">Window and door systems<\/a> <a href=\"https:\/\/alutrast.pl\/en\/tag-produktu\/windows\/\" rel=\"tag\">windows<\/a><\/span>\t\t\t<\/p>\n        <\/div>\n\t\t<div class=\"product-read\">\n\t\t\t<a href=\"https:\/\/alutrast.pl\/en\/oferta\/unkategorisiert\/mb-45\/\" data-quantity=\"1\" class=\"button product_type_simple\" data-product_id=\"5173\" data-product_sku=\"\" aria-label=\"Lese mehr \u00fcber &#8222;MB-45&#8220;\" rel=\"nofollow\">Weiterlesen<\/a>\t\t<\/div>\n    <\/div>\n<\/div>\n\n<div class=\"col-md-3 col-sm-6 product-item product type-product post-5167 status-publish last instock has-post-thumbnail shipping-taxable product-type-simple\">\n\t<div class=\"shop-product-single\">\n        <div class=\"product-img\">\n            <a href=\"https:\/\/alutrast.pl\/en\/oferta\/unkategorisiert\/mb-86-kopia-2\/\">\n        \t \n            <img width=\"300\" height=\"300\" src=\"https:\/\/alutrast.pl\/wp-content\/uploads\/2019\/12\/mb-86_ei_logo-300x300.jpg\" class=\"attachment-woocommerce_thumbnail size-woocommerce_thumbnail\" alt=\"\" loading=\"lazy\" srcset=\"https:\/\/alutrast.pl\/wp-content\/uploads\/2019\/12\/mb-86_ei_logo-300x300.jpg 300w, https:\/\/alutrast.pl\/wp-content\/uploads\/2019\/12\/mb-86_ei_logo-180x180.jpg 180w, https:\/\/alutrast.pl\/wp-content\/uploads\/2019\/12\/mb-86_ei_logo-100x100.jpg 100w\" sizes=\"(max-width: 300px) 100vw, 300px\" \/>            <\/a>\n            <div class=\"product-price-in-thumb\">\n               \n \n            <\/div>\n        <\/div>\n                <div class=\"product-content\">\n\t        <h2><a href=\"https:\/\/alutrast.pl\/en\/oferta\/unkategorisiert\/mb-86-kopia-2\/\">MB-86<\/a><\/h2>\n\t\t\t<p>SYSTEMY OKIENNO-DRZWIOWE Z IZOLACJ\u0104 TERMICZN\u0104<\/p>\n\t\t\t<p>\n\t\t\t\t\t\t\t<\/p>\n        <\/div>\n\t\t<div class=\"product-read\">\n\t\t\t<a href=\"https:\/\/alutrast.pl\/en\/oferta\/unkategorisiert\/mb-86-kopia-2\/\" data-quantity=\"1\" class=\"button product_type_simple\" data-product_id=\"5167\" data-product_sku=\"\" aria-label=\"Lese mehr \u00fcber &#8222;MB-86&#8220;\" rel=\"nofollow\">Weiterlesen<\/a>\t\t<\/div>\n    <\/div>\n<\/div>\n\n<div class=\"col-md-3 col-sm-6 product-item product type-product post-5161 status-publish first instock has-post-thumbnail shipping-taxable product-type-simple\">\n\t<div class=\"shop-product-single\">\n        <div class=\"product-img\">\n            <a href=\"https:\/\/alutrast.pl\/en\/oferta\/unkategorisiert\/mb-104-passive-3\/\">\n        \t \n            <img width=\"300\" height=\"300\" src=\"https:\/\/alutrast.pl\/wp-content\/uploads\/2019\/12\/mb-104_aero-300x300.jpg\" class=\"attachment-woocommerce_thumbnail size-woocommerce_thumbnail\" alt=\"\" loading=\"lazy\" srcset=\"https:\/\/alutrast.pl\/wp-content\/uploads\/2019\/12\/mb-104_aero-300x300.jpg 300w, https:\/\/alutrast.pl\/wp-content\/uploads\/2019\/12\/mb-104_aero-180x180.jpg 180w, https:\/\/alutrast.pl\/wp-content\/uploads\/2019\/12\/mb-104_aero-100x100.jpg 100w\" sizes=\"(max-width: 300px) 100vw, 300px\" \/>            <\/a>\n            <div class=\"product-price-in-thumb\">\n               \n \n            <\/div>\n        <\/div>\n                <div class=\"product-content\">\n\t        <h2><a href=\"https:\/\/alutrast.pl\/en\/oferta\/unkategorisiert\/mb-104-passive-3\/\">MB-104 PASSIVE<\/a><\/h2>\n\t\t\t<p>O NAJWY\u017bSZEJ IZOLACJI TERMICZNEJ<\/p>\n\t\t\t<p>\n\t\t\t\t\t\t\t<\/p>\n        <\/div>\n\t\t<div class=\"product-read\">\n\t\t\t<a href=\"https:\/\/alutrast.pl\/en\/oferta\/unkategorisiert\/mb-104-passive-3\/\" data-quantity=\"1\" class=\"button product_type_simple\" data-product_id=\"5161\" data-product_sku=\"\" aria-label=\"Lese mehr \u00fcber &#8222;MB-104 PASSIVE&#8220;\" rel=\"nofollow\">Weiterlesen<\/a>\t\t<\/div>\n    <\/div>\n<\/div>\n\n<\/div>\n<\/div>\n<\/div>[vc_empty_space height=&#8220;50px&#8220;][\/vc_column][\/vc_row][vc_section][vc_row][vc_column][vc_column_text]<\/p>\n<div class=\"block-text text--size-20\">\n<p><span style=\"font-weight: 400;\">Wir bei Alutrast erm\u00f6glichen die Konstruktion von Fenstern und T\u00fcren mit den gew\u00fcnschten Leistungsmerkmalen und der bevorzugten \u00c4sthetik. Zu erw\u00e4hnen sind unsere Basis-T\u00fcrmodelle ohne W\u00e4rmed\u00e4mmung \u2013 AD 17, AD 18 und \u00e4hnliche derselben Serie. Diese Produkte sind als T\u00fcren f\u00fcr Au\u00dfenw\u00e4nde und Trennw\u00e4nde im Geb\u00e4udeinneren sowie zur Balkon\u00fcberdachung geeignet. Gut zu wissen ist, dass ein gro\u00dfer Teil der Produkte in der Version HI erh\u00e4ltlich ist \u2013 mit einer speziellen Innenkonstruktion f\u00fcr eine noch geringere W\u00e4rmeleitf\u00e4higkeit.<\/span><\/p>\n<p>&nbsp;<\/p>\n<h2><strong>Innovative T\u00fcrl\u00f6sungen<\/strong><\/h2>\n<p><span style=\"font-weight: 400;\">Bei unseren T\u00fcren zum Au\u00dfeneinbau wurden hochmoderne L\u00f6sungen verarbeitet, was sie zu einem der besten Energiesparprodukte in dieser Sparte macht. Erw\u00e4hnenswert ist, dass bei T\u00fcrmodellen wie etwa AD17 bis AD27 hochmoderne und vorher nie dagewesene Materialtechnologien zum Einsatz kommen. Deshalb bewahren die T\u00fcren ihre W\u00e4rmed\u00e4mmung langfristig und sind au\u00dferdem relativ leicht. Dar\u00fcber hinaus gew\u00e4hrleisten sie einen guten Einbruchsicherheitsstandard. Erg\u00e4nzt wird das Produkt durch eine tolle Optik und sorgf\u00e4ltige Ausf\u00fchrung.<\/span><\/p>\n<p><span style=\"font-weight: 400;\">Bei der Wahl der richtigen T\u00fcr lohnt es sich, sich \u00fcber den \u00d6ffnungsmechanismus Gedanken zu machen. Unser Angebot umfasst nach au\u00dfen \u00f6ffnende Aluminiumdreht\u00fcren des Typs Privot, die eigens f\u00fcr individuelle Einbaukonstruktionen entwickelt wurden. Moderne Fassaden erfordern h\u00e4ufig individuelle und unkonventionelle L\u00f6sungen \u2013 Alutrast ist in der Lage, alle gew\u00fcnschten Modelle von Aluminiumt\u00fcren zu liefern.<\/span><\/p>\n<p>&nbsp;<\/p>\n<p><span style=\"font-weight: 400;\">Was haben wir sonst noch zu bieten? Neben T\u00fcrmodellen finden Sie bei uns auch Fenster mit sehr hoher Schall- und W\u00e4rmed\u00e4mmung. Beispiele:<\/span><\/p>\n<ul>\n<li><span style=\"font-weight: 400;\">Aluminiumfenster mit verdecktem Fl\u00fcgel in zwei Versionen \u2013 Basis (z.B. MB-86US, MB-70US) und mit schmalem Rahmen (MB-70SG)<\/span><\/li>\n<li><span style=\"font-weight: 400;\">Industrial-Fenster f\u00fcr modernisierte Altbauten,<\/span><\/li>\n<li><span style=\"font-weight: 400;\">Aluminiumfenster mit schmalen Profilen mit individuellen, charakteristischen Abmessungen<\/span><\/li>\n<\/ul>\n<p>&nbsp;<\/p>\n<p><span style=\"font-weight: 400;\">Alutrast ist in der Lage, w\u00e4rmed\u00e4mmende T\u00fcren mit deutlich erh\u00f6hter mechanischer Festigkeit zu bauen. Die Sicherheitst\u00fcren von Alutrast sind stabil, langlebig und relativ leicht, um einen hohen Anwenderkomfort zu gew\u00e4hrleisten. Sie halten auch lang andauernden Krafteinwirkungen stand. Das Angebot an T\u00fcren mit derartigen Parametern ist dynamisch und erm\u00f6glicht die Auswahl des optimalen Modells f\u00fcr eigene und individuelle Zwecke.<\/span><\/p>\n<\/div>\n<p>[\/vc_column_text][\/vc_column][\/vc_row][\/vc_section][vc_row][vc_column][vc_raw_js]JTNDc2NyaXB0JTNFJTIwJTBBJTI0JTI4JTIyLnRhZ2dlZF9hcyUyMCUzRSUyMGElMjIlMjkuYXR0ciUyOCUyMmhyZWYlMjIlMkMlMjAlMjclMjMlMjclMjklM0IlMEElM0MlMkZzY3JpcHQlM0U=[\/vc_raw_js][\/vc_column][\/vc_row]<\/p>\n","protected":false},"excerpt":{"rendered":"<p>[vc_row full_width=&#8220;stretch_row&#8220; css=&#8220;.vc_custom_1577714147965{padding-top: 230px !important;padding-bottom: 250px !important;background-image: url(https:\/\/alutrast.pl\/wp-content\/uploads\/2019\/12\/dzwi_alutrast.jpg?id=2785) !important;background-position: center !important;background-repeat: no-repeat !important;background-size: cover !important;}&#8220; el_class=&#8220;header-img&#8220;][vc_column][vc_column_text el_class=&#8220;hind-font h3&#8243; css=&#8220;.vc_custom_1627990702150{margin-bottom: 0px !important;padding-bottom: 0px !important;}&#8220;] Aluminiumt\u00fcren [\/vc_column_text][vc_column_text] Moderne, komplexe L\u00f6sungen Produkte von ALUTRAST [\/vc_column_text][\/vc_column][\/vc_row][vc_row css=&#8220;.vc_custom_1574062790074{margin-top: -230px !important;padding-top: 50px !important;}&#8220;][vc_column][vc_empty_space height=&#8220;50px&#8220;][\/vc_column][\/vc_row][vc_section][vc_row][vc_column][vc_column_text] Wir bei Alutrast erm\u00f6glichen die Konstruktion von Fenstern und T\u00fcren mit den gew\u00fcnschten Leistungsmerkmalen und der bevorzugten [&hellip;]<\/p>\n","protected":false},"author":2,"featured_media":0,"parent":4068,"menu_order":2,"comment_status":"closed","ping_status":"closed","template":"page-template\/blank-page.php","meta":[],"_links":{"self":[{"href":"https:\/\/alutrast.pl\/de\/wp-json\/wp\/v2\/pages\/4195"}],"collection":[{"href":"https:\/\/alutrast.pl\/de\/wp-json\/wp\/v2\/pages"}],"about":[{"href":"https:\/\/alutrast.pl\/de\/wp-json\/wp\/v2\/types\/page"}],"author":[{"embeddable":true,"href":"https:\/\/alutrast.pl\/de\/wp-json\/wp\/v2\/users\/2"}],"replies":[{"embeddable":true,"href":"https:\/\/alutrast.pl\/de\/wp-json\/wp\/v2\/comments?post=4195"}],"version-history":[{"count":3,"href":"https:\/\/alutrast.pl\/de\/wp-json\/wp\/v2\/pages\/4195\/revisions"}],"predecessor-version":[{"id":5218,"href":"https:\/\/alutrast.pl\/de\/wp-json\/wp\/v2\/pages\/4195\/revisions\/5218"}],"up":[{"embeddable":true,"href":"https:\/\/alutrast.pl\/de\/wp-json\/wp\/v2\/pages\/4068"}],"wp:attachment":[{"href":"https:\/\/alutrast.pl\/de\/wp-json\/wp\/v2\/media?parent=4195"}],"curies":[{"name":"wp","href":"https:\/\/api.w.org\/{rel}","templated":true}]}}