{"id":4206,"date":"2019-11-12T11:15:46","date_gmt":"2019-11-12T10:15:46","guid":{"rendered":"https:\/\/alutrast.pl\/oferta\/witryny\/"},"modified":"2021-08-03T13:52:01","modified_gmt":"2021-08-03T11:52:01","slug":"glaswaende","status":"publish","type":"page","link":"https:\/\/alutrast.pl\/de\/angebot\/glaswaende\/","title":{"rendered":"Glasw\u00e4nde"},"content":{"rendered":"<p>[vc_row full_width=&#8220;stretch_row&#8220; css=&#8220;.vc_custom_1577715346289{padding-top: 230px !important;padding-bottom: 250px !important;background-image: url(https:\/\/alutrast.pl\/wp-content\/uploads\/2019\/12\/witryny_al.jpg?id=2789) !important;background-position: center !important;background-repeat: no-repeat !important;background-size: cover !important;}&#8220; el_class=&#8220;header-img&#8220;][vc_column][vc_column_text el_class=&#8220;hind-font h3&#8243; css=&#8220;.vc_custom_1627991097489{margin-bottom: 0px !important;padding-bottom: 0px !important;}&#8220;]<\/p>\n<h1 class=\"white hind-font large-font\" style=\"text-align: center;\"><span style=\"font-weight: 400;\">Aluminiumglasw\u00e4nde<\/span><\/h1>\n<div id=\"gtx-trans\" style=\"position: absolute; left: 302px; top: 51.9063px;\">\n<div class=\"gtx-trans-icon\"><\/div>\n<\/div>\n<p>[\/vc_column_text][vc_column_text]<\/p>\n<div class=\"white\" style=\"text-align: center;\">\n<p><span style=\"font-weight: 400;\">Moderne, komplexe L\u00f6sungen<\/span><\/p>\n<p><span style=\"font-weight: 400;\">Produkte von ALUTRAST<\/span><\/p>\n<\/div>\n<p>[\/vc_column_text][vc_single_image image=&#8220;2536&#8243; img_size=&#8220;medium&#8220; alignment=&#8220;center&#8220; css=&#8220;.vc_custom_1573814568029{margin-bottom: 0px !important;padding-bottom: 0px !important;}&#8220;][\/vc_column][\/vc_row][vc_row css=&#8220;.vc_custom_1574062790074{margin-top: -230px !important;padding-top: 50px !important;}&#8220;][vc_column]<div class=\"woocommerce columns-4 \"><div class=\"main-products-wrapper\">\n<div class=\"row\">\n<div class=\"col-md-3 col-sm-6 product-item product type-product post-5259 status-publish first instock has-post-thumbnail shipping-taxable product-type-simple\">\n\t<div class=\"shop-product-single\">\n        <div class=\"product-img\">\n            <a href=\"https:\/\/alutrast.pl\/en\/oferta\/unkategorisiert\/mb-60\/\">\n        \t \n            <img width=\"300\" height=\"300\" src=\"https:\/\/alutrast.pl\/wp-content\/uploads\/2019\/12\/mb-601-300x300.jpg\" class=\"attachment-woocommerce_thumbnail size-woocommerce_thumbnail\" alt=\"\" loading=\"lazy\" srcset=\"https:\/\/alutrast.pl\/wp-content\/uploads\/2019\/12\/mb-601-300x300.jpg 300w, https:\/\/alutrast.pl\/wp-content\/uploads\/2019\/12\/mb-601-180x180.jpg 180w, https:\/\/alutrast.pl\/wp-content\/uploads\/2019\/12\/mb-601-100x100.jpg 100w\" sizes=\"(max-width: 300px) 100vw, 300px\" \/>            <\/a>\n            <div class=\"product-price-in-thumb\">\n               \n \n            <\/div>\n        <\/div>\n                <div class=\"product-content\">\n\t        <h2><a href=\"https:\/\/alutrast.pl\/en\/oferta\/unkategorisiert\/mb-60\/\">MB-60<\/a><\/h2>\n\t\t\t<p>SYSTEM OKIENNO-DRZWIOWY Z IZOLACJ\u0104 TERMICZN\u0104<\/p>\n\t\t\t<p>\n\t\t\t\t\t\t\t<\/p>\n        <\/div>\n\t\t<div class=\"product-read\">\n\t\t\t<a href=\"https:\/\/alutrast.pl\/en\/oferta\/unkategorisiert\/mb-60\/\" data-quantity=\"1\" class=\"button product_type_simple\" data-product_id=\"5259\" data-product_sku=\"\" aria-label=\"Lese mehr \u00fcber &#8222;MB-60&#8220;\" rel=\"nofollow\">Weiterlesen<\/a>\t\t<\/div>\n    <\/div>\n<\/div>\n\n<div class=\"col-md-3 col-sm-6 product-item product type-product post-5483 status-publish instock has-post-thumbnail shipping-taxable product-type-simple\">\n\t<div class=\"shop-product-single\">\n        <div class=\"product-img\">\n            <a href=\"https:\/\/alutrast.pl\/en\/oferta\/unkategorisiert\/mb-59s\/\">\n        \t \n            <img width=\"300\" height=\"300\" src=\"https:\/\/alutrast.pl\/wp-content\/uploads\/2020\/02\/59s-300x300.png\" class=\"attachment-woocommerce_thumbnail size-woocommerce_thumbnail\" alt=\"\" loading=\"lazy\" srcset=\"https:\/\/alutrast.pl\/wp-content\/uploads\/2020\/02\/59s-300x300.png 300w, https:\/\/alutrast.pl\/wp-content\/uploads\/2020\/02\/59s-180x180.png 180w, https:\/\/alutrast.pl\/wp-content\/uploads\/2020\/02\/59s-350x350.png 350w, https:\/\/alutrast.pl\/wp-content\/uploads\/2020\/02\/59s-600x600.png 600w, https:\/\/alutrast.pl\/wp-content\/uploads\/2020\/02\/59s-100x100.png 100w, https:\/\/alutrast.pl\/wp-content\/uploads\/2020\/02\/59s.png 615w\" sizes=\"(max-width: 300px) 100vw, 300px\" \/>            <\/a>\n            <div class=\"product-price-in-thumb\">\n               \n \n            <\/div>\n        <\/div>\n                <div class=\"product-content\">\n\t        <h2><a href=\"https:\/\/alutrast.pl\/en\/oferta\/unkategorisiert\/mb-59s\/\">MB-59S<\/a><\/h2>\n\t\t\t<p>SYSTEM OKIENNO-DRZWIOWY Z IZOLACJ\u0104 TERMICZN\u0104<\/p>\n<div id=\"gtx-trans\" style=\"position: absolute; left: -30px; top: 38px;\">\n<div class=\"gtx-trans-icon\"><\/div>\n<\/div>\n\t\t\t<p>\n\t\t\t\t\t\t\t<\/p>\n        <\/div>\n\t\t<div class=\"product-read\">\n\t\t\t<a href=\"https:\/\/alutrast.pl\/en\/oferta\/unkategorisiert\/mb-59s\/\" data-quantity=\"1\" class=\"button product_type_simple\" data-product_id=\"5483\" data-product_sku=\"\" aria-label=\"Lese mehr \u00fcber &#8222;MB-59S&#8220;\" rel=\"nofollow\">Weiterlesen<\/a>\t\t<\/div>\n    <\/div>\n<\/div>\n\n<div class=\"col-md-3 col-sm-6 product-item product type-product post-5410 status-publish instock has-post-thumbnail shipping-taxable product-type-simple\">\n\t<div class=\"shop-product-single\">\n        <div class=\"product-img\">\n            <a href=\"https:\/\/alutrast.pl\/en\/oferta\/unkategorisiert\/mb-70\/\">\n        \t \n            <img width=\"300\" height=\"300\" src=\"https:\/\/alutrast.pl\/wp-content\/uploads\/2019\/12\/mb-70-pl2-300x300.png\" class=\"attachment-woocommerce_thumbnail size-woocommerce_thumbnail\" alt=\"\" loading=\"lazy\" srcset=\"https:\/\/alutrast.pl\/wp-content\/uploads\/2019\/12\/mb-70-pl2-300x300.png 300w, https:\/\/alutrast.pl\/wp-content\/uploads\/2019\/12\/mb-70-pl2-180x180.png 180w, https:\/\/alutrast.pl\/wp-content\/uploads\/2019\/12\/mb-70-pl2-350x350.png 350w, https:\/\/alutrast.pl\/wp-content\/uploads\/2019\/12\/mb-70-pl2-768x768.png 768w, https:\/\/alutrast.pl\/wp-content\/uploads\/2019\/12\/mb-70-pl2-600x600.png 600w, https:\/\/alutrast.pl\/wp-content\/uploads\/2019\/12\/mb-70-pl2-100x100.png 100w, https:\/\/alutrast.pl\/wp-content\/uploads\/2019\/12\/mb-70-pl2.png 800w\" sizes=\"(max-width: 300px) 100vw, 300px\" \/>            <\/a>\n            <div class=\"product-price-in-thumb\">\n               \n \n            <\/div>\n        <\/div>\n                <div class=\"product-content\">\n\t        <h2><a href=\"https:\/\/alutrast.pl\/en\/oferta\/unkategorisiert\/mb-70\/\">MB-70<\/a><\/h2>\n\t\t\t<p>SYSTEMY OKIENNO-DRZWIOWE Z IZOLACJ\u0104 TERMICZN\u0104<\/p>\n\t\t\t<p>\n\t\t\t\t\t\t\t<\/p>\n        <\/div>\n\t\t<div class=\"product-read\">\n\t\t\t<a href=\"https:\/\/alutrast.pl\/en\/oferta\/unkategorisiert\/mb-70\/\" data-quantity=\"1\" class=\"button product_type_simple\" data-product_id=\"5410\" data-product_sku=\"\" aria-label=\"Lese mehr \u00fcber &#8222;MB-70&#8220;\" rel=\"nofollow\">Weiterlesen<\/a>\t\t<\/div>\n    <\/div>\n<\/div>\n\n<div class=\"col-md-3 col-sm-6 product-item product type-product post-5404 status-publish last instock has-post-thumbnail shipping-taxable product-type-simple\">\n\t<div class=\"shop-product-single\">\n        <div class=\"product-img\">\n            <a href=\"https:\/\/alutrast.pl\/en\/oferta\/unkategorisiert\/drzwi-przesuwne-mb-77hs\/\">\n        \t \n            <img width=\"300\" height=\"300\" src=\"https:\/\/alutrast.pl\/wp-content\/uploads\/2020\/02\/mb-77hs-pl-300x300.png\" class=\"attachment-woocommerce_thumbnail size-woocommerce_thumbnail\" alt=\"\" loading=\"lazy\" srcset=\"https:\/\/alutrast.pl\/wp-content\/uploads\/2020\/02\/mb-77hs-pl-300x300.png 300w, https:\/\/alutrast.pl\/wp-content\/uploads\/2020\/02\/mb-77hs-pl-180x180.png 180w, https:\/\/alutrast.pl\/wp-content\/uploads\/2020\/02\/mb-77hs-pl-350x350.png 350w, https:\/\/alutrast.pl\/wp-content\/uploads\/2020\/02\/mb-77hs-pl-768x768.png 768w, https:\/\/alutrast.pl\/wp-content\/uploads\/2020\/02\/mb-77hs-pl-600x600.png 600w, https:\/\/alutrast.pl\/wp-content\/uploads\/2020\/02\/mb-77hs-pl-100x100.png 100w, https:\/\/alutrast.pl\/wp-content\/uploads\/2020\/02\/mb-77hs-pl.png 800w\" sizes=\"(max-width: 300px) 100vw, 300px\" \/>            <\/a>\n            <div class=\"product-price-in-thumb\">\n               \n \n            <\/div>\n        <\/div>\n                <div class=\"product-content\">\n\t        <h2><a href=\"https:\/\/alutrast.pl\/en\/oferta\/unkategorisiert\/drzwi-przesuwne-mb-77hs\/\">Drzwi balkonowe podnoszono &#8211; przesuwne HS (MB-77hs)<\/a><\/h2>\n\t\t\t<p>DRZWI BALKONOWE PODNOSZONO-PRZESUWNE<\/p>\n\t\t\t<p>\n\t\t\t\t\t\t\t<\/p>\n        <\/div>\n\t\t<div class=\"product-read\">\n\t\t\t<a href=\"https:\/\/alutrast.pl\/en\/oferta\/unkategorisiert\/drzwi-przesuwne-mb-77hs\/\" data-quantity=\"1\" class=\"button product_type_simple\" data-product_id=\"5404\" data-product_sku=\"\" aria-label=\"Lese mehr \u00fcber &#8222;Drzwi balkonowe podnoszono - przesuwne HS (MB-77hs)&#8220;\" rel=\"nofollow\">Weiterlesen<\/a>\t\t<\/div>\n    <\/div>\n<\/div>\n\n<div class=\"col-md-3 col-sm-6 product-item product type-product post-5391 status-publish first instock has-post-thumbnail shipping-taxable product-type-simple\">\n\t<div class=\"shop-product-single\">\n        <div class=\"product-img\">\n            <a href=\"https:\/\/alutrast.pl\/en\/oferta\/unkategorisiert\/mb-59hs\/\">\n        \t \n            <img width=\"300\" height=\"300\" src=\"https:\/\/alutrast.pl\/wp-content\/uploads\/2019\/12\/mb-59hs_300_logo_www-300x300.jpg\" class=\"attachment-woocommerce_thumbnail size-woocommerce_thumbnail\" alt=\"\" loading=\"lazy\" srcset=\"https:\/\/alutrast.pl\/wp-content\/uploads\/2019\/12\/mb-59hs_300_logo_www-300x300.jpg 300w, https:\/\/alutrast.pl\/wp-content\/uploads\/2019\/12\/mb-59hs_300_logo_www-180x180.jpg 180w, https:\/\/alutrast.pl\/wp-content\/uploads\/2019\/12\/mb-59hs_300_logo_www-100x100.jpg 100w\" sizes=\"(max-width: 300px) 100vw, 300px\" \/>            <\/a>\n            <div class=\"product-price-in-thumb\">\n               \n \n            <\/div>\n        <\/div>\n                <div class=\"product-content\">\n\t        <h2><a href=\"https:\/\/alutrast.pl\/en\/oferta\/unkategorisiert\/mb-59hs\/\">Drzwi balkonowe podnoszono &#8211; przesuwne MB-59HS<\/a><\/h2>\n\t\t\t<p>SYSTEM DRZWI PODNOSZONO-PRZESUWNYCH<\/p>\n\t\t\t<p>\n\t\t\t\t\t\t\t<\/p>\n        <\/div>\n\t\t<div class=\"product-read\">\n\t\t\t<a href=\"https:\/\/alutrast.pl\/en\/oferta\/unkategorisiert\/mb-59hs\/\" data-quantity=\"1\" class=\"button product_type_simple\" data-product_id=\"5391\" data-product_sku=\"\" aria-label=\"Lese mehr \u00fcber &#8222;Drzwi balkonowe podnoszono - przesuwne MB-59HS&#8220;\" rel=\"nofollow\">Weiterlesen<\/a>\t\t<\/div>\n    <\/div>\n<\/div>\n\n<div class=\"col-md-3 col-sm-6 product-item product type-product post-5376 status-publish instock has-post-thumbnail shipping-taxable product-type-simple\">\n\t<div class=\"shop-product-single\">\n        <div class=\"product-img\">\n            <a href=\"https:\/\/alutrast.pl\/en\/oferta\/unkategorisiert\/mb-slide-mb-slide-st\/\">\n        \t \n            <img width=\"300\" height=\"300\" src=\"https:\/\/alutrast.pl\/wp-content\/uploads\/2020\/01\/mb-slide-300x300.jpg\" class=\"attachment-woocommerce_thumbnail size-woocommerce_thumbnail\" alt=\"\" loading=\"lazy\" srcset=\"https:\/\/alutrast.pl\/wp-content\/uploads\/2020\/01\/mb-slide-300x300.jpg 300w, https:\/\/alutrast.pl\/wp-content\/uploads\/2020\/01\/mb-slide-180x180.jpg 180w, https:\/\/alutrast.pl\/wp-content\/uploads\/2020\/01\/mb-slide-100x100.jpg 100w\" sizes=\"(max-width: 300px) 100vw, 300px\" \/>            <\/a>\n            <div class=\"product-price-in-thumb\">\n               \n \n            <\/div>\n        <\/div>\n                <div class=\"product-content\">\n\t        <h2><a href=\"https:\/\/alutrast.pl\/en\/oferta\/unkategorisiert\/mb-slide-mb-slide-st\/\">MB-SLIDE, MB-SLIDE ST<\/a><\/h2>\n\t\t\t<p>OKNA I DRZWI PRZESUWNE<\/p>\n\t\t\t<p>\n\t\t\t\t\t\t\t<\/p>\n        <\/div>\n\t\t<div class=\"product-read\">\n\t\t\t<a href=\"https:\/\/alutrast.pl\/en\/oferta\/unkategorisiert\/mb-slide-mb-slide-st\/\" data-quantity=\"1\" class=\"button product_type_simple\" data-product_id=\"5376\" data-product_sku=\"\" aria-label=\"Lese mehr \u00fcber &#8222;MB-SLIDE, MB-SLIDE ST&#8220;\" rel=\"nofollow\">Weiterlesen<\/a>\t\t<\/div>\n    <\/div>\n<\/div>\n\n<div class=\"col-md-3 col-sm-6 product-item product type-product post-5173 status-publish instock product_tag-window-and-door-systems product_tag-windows has-post-thumbnail shipping-taxable product-type-simple\">\n\t<div class=\"shop-product-single\">\n        <div class=\"product-img\">\n            <a href=\"https:\/\/alutrast.pl\/en\/oferta\/unkategorisiert\/mb-45\/\">\n        \t \n            <img width=\"300\" height=\"300\" src=\"https:\/\/alutrast.pl\/wp-content\/uploads\/2019\/12\/mb-451-300x300.jpg\" class=\"attachment-woocommerce_thumbnail size-woocommerce_thumbnail\" alt=\"\" loading=\"lazy\" srcset=\"https:\/\/alutrast.pl\/wp-content\/uploads\/2019\/12\/mb-451-300x300.jpg 300w, https:\/\/alutrast.pl\/wp-content\/uploads\/2019\/12\/mb-451-180x180.jpg 180w, https:\/\/alutrast.pl\/wp-content\/uploads\/2019\/12\/mb-451-100x100.jpg 100w\" sizes=\"(max-width: 300px) 100vw, 300px\" \/>            <\/a>\n            <div class=\"product-price-in-thumb\">\n               \n \n            <\/div>\n        <\/div>\n                <div class=\"product-content\">\n\t        <h2><a href=\"https:\/\/alutrast.pl\/en\/oferta\/unkategorisiert\/mb-45\/\">MB-45<\/a><\/h2>\n\t\t\t<p><span style=\"font-weight: 300;\">WINDOW AND DOOR SYSTEM WITHOUT THERMAL INSULTION<\/span><\/p>\n\t\t\t<p>\n\t\t\t\t<span class=\"tagged_as\"> <a href=\"https:\/\/alutrast.pl\/en\/tag-produktu\/window-and-door-systems\/\" rel=\"tag\">Window and door systems<\/a> <a href=\"https:\/\/alutrast.pl\/en\/tag-produktu\/windows\/\" rel=\"tag\">windows<\/a><\/span>\t\t\t<\/p>\n        <\/div>\n\t\t<div class=\"product-read\">\n\t\t\t<a href=\"https:\/\/alutrast.pl\/en\/oferta\/unkategorisiert\/mb-45\/\" data-quantity=\"1\" class=\"button product_type_simple\" data-product_id=\"5173\" data-product_sku=\"\" aria-label=\"Lese mehr \u00fcber &#8222;MB-45&#8220;\" rel=\"nofollow\">Weiterlesen<\/a>\t\t<\/div>\n    <\/div>\n<\/div>\n\n<div class=\"col-md-3 col-sm-6 product-item product type-product post-5167 status-publish last instock has-post-thumbnail shipping-taxable product-type-simple\">\n\t<div class=\"shop-product-single\">\n        <div class=\"product-img\">\n            <a href=\"https:\/\/alutrast.pl\/en\/oferta\/unkategorisiert\/mb-86-kopia-2\/\">\n        \t \n            <img width=\"300\" height=\"300\" src=\"https:\/\/alutrast.pl\/wp-content\/uploads\/2019\/12\/mb-86_ei_logo-300x300.jpg\" class=\"attachment-woocommerce_thumbnail size-woocommerce_thumbnail\" alt=\"\" loading=\"lazy\" srcset=\"https:\/\/alutrast.pl\/wp-content\/uploads\/2019\/12\/mb-86_ei_logo-300x300.jpg 300w, https:\/\/alutrast.pl\/wp-content\/uploads\/2019\/12\/mb-86_ei_logo-180x180.jpg 180w, https:\/\/alutrast.pl\/wp-content\/uploads\/2019\/12\/mb-86_ei_logo-100x100.jpg 100w\" sizes=\"(max-width: 300px) 100vw, 300px\" \/>            <\/a>\n            <div class=\"product-price-in-thumb\">\n               \n \n            <\/div>\n        <\/div>\n                <div class=\"product-content\">\n\t        <h2><a href=\"https:\/\/alutrast.pl\/en\/oferta\/unkategorisiert\/mb-86-kopia-2\/\">MB-86<\/a><\/h2>\n\t\t\t<p>SYSTEMY OKIENNO-DRZWIOWE Z IZOLACJ\u0104 TERMICZN\u0104<\/p>\n\t\t\t<p>\n\t\t\t\t\t\t\t<\/p>\n        <\/div>\n\t\t<div class=\"product-read\">\n\t\t\t<a href=\"https:\/\/alutrast.pl\/en\/oferta\/unkategorisiert\/mb-86-kopia-2\/\" data-quantity=\"1\" class=\"button product_type_simple\" data-product_id=\"5167\" data-product_sku=\"\" aria-label=\"Lese mehr \u00fcber &#8222;MB-86&#8220;\" rel=\"nofollow\">Weiterlesen<\/a>\t\t<\/div>\n    <\/div>\n<\/div>\n\n<div class=\"col-md-3 col-sm-6 product-item product type-product post-5161 status-publish first instock has-post-thumbnail shipping-taxable product-type-simple\">\n\t<div class=\"shop-product-single\">\n        <div class=\"product-img\">\n            <a href=\"https:\/\/alutrast.pl\/en\/oferta\/unkategorisiert\/mb-104-passive-3\/\">\n        \t \n            <img width=\"300\" height=\"300\" src=\"https:\/\/alutrast.pl\/wp-content\/uploads\/2019\/12\/mb-104_aero-300x300.jpg\" class=\"attachment-woocommerce_thumbnail size-woocommerce_thumbnail\" alt=\"\" loading=\"lazy\" srcset=\"https:\/\/alutrast.pl\/wp-content\/uploads\/2019\/12\/mb-104_aero-300x300.jpg 300w, https:\/\/alutrast.pl\/wp-content\/uploads\/2019\/12\/mb-104_aero-180x180.jpg 180w, https:\/\/alutrast.pl\/wp-content\/uploads\/2019\/12\/mb-104_aero-100x100.jpg 100w\" sizes=\"(max-width: 300px) 100vw, 300px\" \/>            <\/a>\n            <div class=\"product-price-in-thumb\">\n               \n \n            <\/div>\n        <\/div>\n                <div class=\"product-content\">\n\t        <h2><a href=\"https:\/\/alutrast.pl\/en\/oferta\/unkategorisiert\/mb-104-passive-3\/\">MB-104 PASSIVE<\/a><\/h2>\n\t\t\t<p>O NAJWY\u017bSZEJ IZOLACJI TERMICZNEJ<\/p>\n\t\t\t<p>\n\t\t\t\t\t\t\t<\/p>\n        <\/div>\n\t\t<div class=\"product-read\">\n\t\t\t<a href=\"https:\/\/alutrast.pl\/en\/oferta\/unkategorisiert\/mb-104-passive-3\/\" data-quantity=\"1\" class=\"button product_type_simple\" data-product_id=\"5161\" data-product_sku=\"\" aria-label=\"Lese mehr \u00fcber &#8222;MB-104 PASSIVE&#8220;\" rel=\"nofollow\">Weiterlesen<\/a>\t\t<\/div>\n    <\/div>\n<\/div>\n\n<\/div>\n<\/div>\n<\/div>[vc_empty_space height=&#8220;50px&#8220;][\/vc_column][\/vc_row][vc_section][vc_row][vc_column][vc_column_text]<\/p>\n<div class=\"block-text text--size-20\">\n<p><span style=\"font-weight: 400;\">Die Aluminium-Fenstersysteme von Alutrast eignen sich nicht nur f\u00fcr den Wohnungsbau, sondern k\u00f6nnen auch als Glasw\u00e4nde in B\u00fcros, als Schaufenster von Gesch\u00e4ften etc. dienen. Die Einsatzm\u00f6glichkeiten sind ohne Zweifel vielf\u00e4ltig. Die Systeme k\u00f6nnen als Fenster, T\u00fcr und\/oder Schaufenster genutzt werden. Je nach Anwendungsbereich stehen viele Modelle zur Verf\u00fcgung, deren Konstruktion ideal f\u00fcr den jeweiligen Zweck geeignet ist. Zur Wahl stehen Modelle mit verschiedenen Durchmessern und Eigenschaften, die auch den Anforderungen der anspruchsvollsten Kunden voll gerecht werden.<\/span><\/p>\n<p>&nbsp;<\/p>\n<h2><strong>Modelle von Aluminium-Glasw\u00e4nden<\/strong><\/h2>\n<p><span style=\"font-weight: 400;\">Es lohnt sich, an dieser Stelle die beliebtesten Glaswandmodelle f\u00fcr die Industrie zu erw\u00e4hnen:<\/span><\/p>\n<ul>\n<li><span style=\"font-weight: 400;\">Modell MB-104 PASSIVE \u2013 hervorragende W\u00e4rme- und Schalld\u00e4mmung,<\/span><\/li>\n<li><span style=\"font-weight: 400;\">Fenster-T\u00fcrglaswandsysteme \u2013 z.B. Modell MB-45,<\/span><\/li>\n<li><span style=\"font-weight: 400;\">Doppelt verglaste Wand MB-59HS \u2013 gute W\u00e4rme- und Schalld\u00e4mmung,<\/span><\/li>\n<li><span style=\"font-weight: 400;\">Glasw\u00e4nde mit schmalen Aluminiumprofilen MB-86,<\/span><\/li>\n<li><span style=\"font-weight: 400;\">Schiebesysteme MB-Slide und MB-SLIDE ST.<\/span><\/li>\n<\/ul>\n<p>&nbsp;<\/p>\n<h2><strong>\u00d6ffnungsmechanismen von Aluminiumsystemen<\/strong><\/h2>\n<p><span style=\"font-weight: 400;\">Die vorgestellten Modelle verf\u00fcgen \u00fcber unterschiedliche \u00d6ffnungsmechanismen. Die Modelle MB-40 PASSIVE und MB-45 werden ebenso wie die schmalen Modelle MB-FERROLINE traditionell mit eingebauten Scharnieren ge\u00f6ffnet. Die Glasw\u00e4nde der Serien MB-SLIDE und MB-SLIDE ST verf\u00fcgen \u00fcber einen Schiebemechanismus. Einen Blick wert sind auch Kippmodelle wie MB-60 oder MB-70. Der \u00d6ffnungsmechanismus erleichtert die Handhabung im Raum und die Montage ben\u00f6tigter Accessoires deutlich, wie etwa Werbeplakate, Fotos, etc.<\/span><\/p>\n<p>&nbsp;<\/p>\n<h2><strong>Wodurch hebt sich Alutrast von der Konkurrenz ab?<\/strong><\/h2>\n<p><span style=\"font-weight: 400;\">Die Marke Alutrast bietet verglaste Aluminiumsysteme f\u00fcr Fenster und T\u00fcren mit unersetzlichen Eigenschaften. Alle Produkte werden aus qualitativ hochwertigen Materialien hergestellt und \u00fcberzeugen durch gleichbleibende, witterungsunabh\u00e4ngige Parameter. Je nach Anforderungen kann die Glaswand entsprechend der ben\u00f6tigten Schalld\u00e4mmungs- und W\u00e4rmeverlustklasse ausgew\u00e4hlt werden. Die endg\u00fcltige Form der bestellten Glasw\u00e4nde h\u00e4ngt von Art und Optik der verarbeiteten Produkte ab. Au\u00dferdem lassen sich die Aluminiumsysteme von Alutrast ohne den Ausbau der vorherigen Zargen montieren, was etwa beim Umbau von historischen Altbauten zum Tragen kommt.<\/span><\/p>\n<p><span style=\"font-weight: 400;\">Genau deshalb ist unsere Marke so beliebt und \u00fcberzeugt durch n\u00fctzliche Eigenschaften. Wir passen unsere Produkte sowohl an klassische, als auch neue Geb\u00e4ude an.<\/span><\/p>\n<\/div>\n<p>[\/vc_column_text][\/vc_column][\/vc_row][\/vc_section][vc_row][vc_column][vc_raw_js]JTNDc2NyaXB0JTNFJTIwJTBBJTI0JTI4JTIyLnRhZ2dlZF9hcyUyMCUzRSUyMGElMjIlMjkuYXR0ciUyOCUyMmhyZWYlMjIlMkMlMjAlMjclMjMlMjclMjklM0IlMEElM0MlMkZzY3JpcHQlM0U=[\/vc_raw_js][\/vc_column][\/vc_row]<\/p>\n","protected":false},"excerpt":{"rendered":"<p>[vc_row full_width=&#8220;stretch_row&#8220; css=&#8220;.vc_custom_1577715346289{padding-top: 230px !important;padding-bottom: 250px !important;background-image: url(https:\/\/alutrast.pl\/wp-content\/uploads\/2019\/12\/witryny_al.jpg?id=2789) !important;background-position: center !important;background-repeat: no-repeat !important;background-size: cover !important;}&#8220; el_class=&#8220;header-img&#8220;][vc_column][vc_column_text el_class=&#8220;hind-font h3&#8243; css=&#8220;.vc_custom_1627991097489{margin-bottom: 0px !important;padding-bottom: 0px !important;}&#8220;] Aluminiumglasw\u00e4nde [\/vc_column_text][vc_column_text] Moderne, komplexe L\u00f6sungen Produkte von ALUTRAST [\/vc_column_text][vc_single_image image=&#8220;2536&#8243; img_size=&#8220;medium&#8220; alignment=&#8220;center&#8220; css=&#8220;.vc_custom_1573814568029{margin-bottom: 0px !important;padding-bottom: 0px !important;}&#8220;][\/vc_column][\/vc_row][vc_row css=&#8220;.vc_custom_1574062790074{margin-top: -230px !important;padding-top: 50px !important;}&#8220;][vc_column][vc_empty_space height=&#8220;50px&#8220;][\/vc_column][\/vc_row][vc_section][vc_row][vc_column][vc_column_text] Die Aluminium-Fenstersysteme von Alutrast eignen sich nicht nur f\u00fcr [&hellip;]<\/p>\n","protected":false},"author":2,"featured_media":0,"parent":4068,"menu_order":2,"comment_status":"closed","ping_status":"closed","template":"page-template\/blank-page.php","meta":[],"_links":{"self":[{"href":"https:\/\/alutrast.pl\/de\/wp-json\/wp\/v2\/pages\/4206"}],"collection":[{"href":"https:\/\/alutrast.pl\/de\/wp-json\/wp\/v2\/pages"}],"about":[{"href":"https:\/\/alutrast.pl\/de\/wp-json\/wp\/v2\/types\/page"}],"author":[{"embeddable":true,"href":"https:\/\/alutrast.pl\/de\/wp-json\/wp\/v2\/users\/2"}],"replies":[{"embeddable":true,"href":"https:\/\/alutrast.pl\/de\/wp-json\/wp\/v2\/comments?post=4206"}],"version-history":[{"count":5,"href":"https:\/\/alutrast.pl\/de\/wp-json\/wp\/v2\/pages\/4206\/revisions"}],"predecessor-version":[{"id":5222,"href":"https:\/\/alutrast.pl\/de\/wp-json\/wp\/v2\/pages\/4206\/revisions\/5222"}],"up":[{"embeddable":true,"href":"https:\/\/alutrast.pl\/de\/wp-json\/wp\/v2\/pages\/4068"}],"wp:attachment":[{"href":"https:\/\/alutrast.pl\/de\/wp-json\/wp\/v2\/media?parent=4206"}],"curies":[{"name":"wp","href":"https:\/\/api.w.org\/{rel}","templated":true}]}}