{"id":4088,"date":"2020-08-26T13:41:03","date_gmt":"2020-08-26T11:41:03","guid":{"rendered":"https:\/\/alutrast.pl\/drzwi-przesuwne-hs\/"},"modified":"2021-07-29T10:09:23","modified_gmt":"2021-07-29T08:09:23","slug":"hs-sliding-doors","status":"publish","type":"page","link":"https:\/\/alutrast.pl\/en\/hs-sliding-doors\/","title":{"rendered":"HS sliding doors"},"content":{"rendered":"<p>[vc_row full_width=&#8221;stretch_row&#8221; css=&#8221;.vc_custom_1600177042527{padding-top: 250px !important;padding-bottom: 250px !important;background-image: url(https:\/\/alutrast.pl\/wp-content\/uploads\/2020\/09\/drzwi-przesuwne-hs-alutrast-.png?id=3672) !important;background-position: center !important;background-repeat: no-repeat !important;background-size: cover !important;}&#8221;][vc_column][vc_column_text]<\/p>\n<h1 style=\"text-align: center; color: white;\"><strong>HS sliding doors<\/strong><\/h1>\n<p style=\"text-align: center; color: white;\"><strong>A perfect solution adding unique character to the interiors<\/strong><\/p>\n<h1 style=\"text-align: center; color: white;\"><\/h1>\n<p>[\/vc_column_text][\/vc_column][\/vc_row][vc_row][vc_column][vc_column_text]<\/p>\n<h4 class=\"slogan\" style=\"text-align: center;\">COMPREHENSIVE SERVICE \u2013 MEASUREMENT, MANUFACTURING, INSTALLATION<\/h4>\n<p>[\/vc_column_text][\/vc_column][\/vc_row][vc_row css=&#8221;.vc_custom_1598444893100{padding-top: 100px !important;padding-bottom: 70px !important;}&#8221;][vc_column width=&#8221;1\/2&#8243;][vc_single_image image=&#8221;4514&#8243; img_size=&#8221;full&#8221;][\/vc_column][vc_column width=&#8221;1\/2&#8243;][vc_column_text]<\/p>\n<h2>HS Bia\u0142ystok sliding doors<\/h2>\n<p>Alutrast is the manufacturer of lift and slide HS balcony doors. In our showroom in Bia\u0142ystok we offer a large choice of lift and slide doors manufactured with passion and in the highest standard, adjusted to the client\u2019s diversified needs.[\/vc_column_text][\/vc_column][\/vc_row][vc_row css=&#8221;.vc_custom_1576836637897{padding-top: 40px !important;background-color: #0b4f6c !important;border-radius: 5px !important;}&#8221;][vc_column][vc_column_text]<\/p>\n<h3 class=\"tab-title white\" style=\"text-align: center;\">TECHNICAL DETAILS<\/h3>\n<p>[\/vc_column_text][\/vc_column][\/vc_row][vc_row css=&#8221;.vc_custom_1598532252465{margin-top: -40px !important;margin-bottom: 40px !important;padding-bottom: 50px !important;background-color: #0b4f6c !important;border-radius: 5px !important;}&#8221;][vc_column width=&#8221;1\/2&#8243;][vc_column_text]<\/p>\n<div class=\"h1 hind-font white\" style=\"text-align: center;\">&gt; 0,84<\/div>\n<div class=\"h3 hind-font white\" style=\"text-align: center;\">\n<div class=\"parms__title\">\n<div class=\"parms__title\">\n<div class=\"parms__title\"><small>W\/(m<sup>2<\/sup>K)<\/small><\/div>\n<\/div>\n<\/div>\n<\/div>\n<div class=\"small white\" style=\"text-align: center;\">Uw thermal insulation<\/div>\n<p>[\/vc_column_text][vc_column_text]<\/p>\n<div class=\"h1 hind-font white\" style=\"text-align: center;\">E1200 class<\/div>\n<div class=\"small white\" style=\"text-align: center;\">Water tightness<\/div>\n<p>[\/vc_column_text][\/vc_column][vc_column width=&#8221;1\/2&#8243;][vc_column_text]<\/p>\n<div class=\"h1 hind-font white\" style=\"text-align: center;\">class 4<\/div>\n<div class=\"small white\" style=\"text-align: center;\">Air tightness<\/div>\n<p>[\/vc_column_text][vc_column_text]<\/p>\n<div class=\"h1 hind-font white\" style=\"text-align: center;\">class 9A<\/div>\n<div class=\"small white\" style=\"text-align: center;\">Wind tightness<\/div>\n<p>[\/vc_column_text][\/vc_column][\/vc_row][vc_row css=&#8221;.vc_custom_1598445731203{padding-top: 70px !important;}&#8221;][vc_column width=&#8221;2\/3&#8243;][vc_column_text]<\/p>\n<h2>Advantages of HS sliding doors<\/h2>\n<p>The application of extensive glazing ensures perfect access of light to the interior. Apart from a great look, we obtain the guarantee of the best functionality and convenient use. Thanks to the application of technologically advanced profile by Polish company Aluprof together with the hardware system we can be sure that the structure is stable, thermally insulated, tight and easy to use. We also offer the option of corner doors with a movable mullion. To meet the highest expectations we offer automated and remotely controlled doors.[\/vc_column_text][\/vc_column][vc_column width=&#8221;1\/3&#8243;][vc_single_image image=&#8221;3803&#8243; img_size=&#8221;full&#8221;][\/vc_column][\/vc_row][vc_row][vc_column css=&#8221;.vc_custom_1598472537149{padding-bottom: 40px !important;}&#8221;][vc_column_text]<\/p>\n<h2 style=\"text-align: center;\">Installation of HS lift and slide doors<\/h2>\n<p>[\/vc_column_text][\/vc_column][vc_column width=&#8221;1\/2&#8243;][vc_column_text]The installation of HS-type doors does not differ much from mounting different types of windows. It is, however, necessary to pay attention to several important aspects differentiating them from standard solutions:<\/p>\n<ul>\n<li>It is very important to support the threshold appropriately, as unstable HS doors are not only defective, but also very dangerous. This installation stage requires particular attention. It is also necessary to remember that the adjustment possibility of HS doors is very limited and any further corrections are very hard to perform.<\/li>\n<li>Another element ensuring appropriate support for the threshold consists in system extension. During the installation of HS terrace doors it is necessary to level them appropriately in order to secure them from interior flooring.<\/li>\n<li>Another option for system extensions consists in applying foundations from the insulation material. They constitute the support for appropriate threshold prop. The foundations serve as heat insulation, protect against moisture and wind and are very durable.<\/li>\n<li>Another element to be taken into consideration is the transport of HS terrace doors. Their growing dimensions require special machines for their precise and secure transport and mounting. Manipulators, efficient suction cups or mini-cranes are the best option.<\/li>\n<\/ul>\n<p>[\/vc_column_text][\/vc_column][vc_column width=&#8221;1\/2&#8243;][vc_video link=&#8221;https:\/\/www.youtube.com\/watch?time_continue=1&amp;v=hhDiccnbrss&amp;feature=emb_title&#8221;][vc_btn title=&#8221;LEARN MORE&#8221; style=&#8221;custom&#8221; custom_background=&#8221;#20bf55&#8243; custom_text=&#8221;#ffffff&#8221; shape=&#8221;square&#8221; link=&#8221;url:%23kontakt|||&#8221;][\/vc_column][\/vc_row][vc_row full_width=&#8221;stretch_row&#8221; css=&#8221;.vc_custom_1599203785862{margin-top: 100px !important;margin-bottom: 50px !important;padding-top: 150px !important;padding-bottom: 150px !important;background-image: url(https:\/\/alutrast.pl\/wp-content\/uploads\/2020\/09\/493.jpg?id=3611) !important;background-position: center !important;background-repeat: no-repeat !important;background-size: cover !important;}&#8221; el_class=&#8221;newsletter-section&#8221;][vc_column][vc_column_text]<\/p>\n<h2 style=\"text-align: center;\">Want to know more?<br \/>\nLeave us your phone number and we will contact you.<\/h2>\n<p>[\/vc_column_text]<div role=\"form\" class=\"wpcf7\" id=\"wpcf7-f3610-o1\" lang=\"pl-PL\" dir=\"ltr\">\n<div class=\"screen-reader-response\"><p role=\"status\" aria-live=\"polite\" aria-atomic=\"true\"><\/p> <ul><\/ul><\/div>\n<form action=\"\/en\/wp-json\/wp\/v2\/pages\/4088#wpcf7-f3610-o1\" method=\"post\" class=\"wpcf7-form init\" novalidate=\"novalidate\" data-status=\"init\">\n<div style=\"display: none;\">\n<input type=\"hidden\" name=\"_wpcf7\" value=\"3610\" \/>\n<input type=\"hidden\" name=\"_wpcf7_version\" value=\"5.3.2\" \/>\n<input type=\"hidden\" name=\"_wpcf7_locale\" value=\"pl_PL\" \/>\n<input type=\"hidden\" name=\"_wpcf7_unit_tag\" value=\"wpcf7-f3610-o1\" \/>\n<input type=\"hidden\" name=\"_wpcf7_container_post\" value=\"0\" \/>\n<input type=\"hidden\" name=\"_wpcf7_posted_data_hash\" value=\"\" \/>\n<\/div>\n<div class=\"flex__line\">\n<span class=\"wpcf7-form-control-wrap phone-contact\"><input type=\"tel\" name=\"phone-contact\" value=\"\" size=\"40\" class=\"wpcf7-form-control wpcf7-text wpcf7-tel wpcf7-validates-as-required wpcf7-validates-as-tel phone-input\" aria-required=\"true\" aria-invalid=\"false\" placeholder=\"Telefon\" \/><\/span><br \/>\n<input type=\"submit\" value=\"Wy\u015blij\" class=\"wpcf7-form-control wpcf7-submit message-input\" \/>\n<\/div>\n<div class=\"wpcf7-response-output\" aria-hidden=\"true\"><\/div><\/form><\/div>[\/vc_column][\/vc_row][vc_row css=&#8221;.vc_custom_1598445785780{padding-top: 100px !important;padding-bottom: 70px !important;}&#8221;][vc_column][vc_column_text css=&#8221;.vc_custom_1627545848483{padding-bottom: 50px !important;}&#8221;]<\/p>\n<h2 style=\"text-align: center;\">Wide range of applications of HS sliding doors<\/h2>\n<p>[\/vc_column_text][\/vc_column][vc_column width=&#8221;1\/2&#8243;][vc_single_image image=&#8221;4095&#8243; img_size=&#8221;full&#8221; alignment=&#8221;center&#8221;][\/vc_column][vc_column width=&#8221;1\/2&#8243;][vc_column_text]<\/p>\n<h3>Manufacturer of HS sliding doors + installation<\/h3>\n<p>Thanks to the application of HS sliding doors we have the possibility to let more light inside our space, which enlarges it visually. The application of the latest technology makes it possible to manufacture the door which is durable, resistant and energy-saving. Lift and slide HS doors are easy and convenient to use. And it is all thanks to the lifting system incorporated in the threshold.<\/p>\n<p><strong>HS sliding doors<\/strong> are a perfect solution for arranging a terrace. Their large dimensions are appropriate for glazed terraces and balconies, adding them a unique look.<\/p>\n<p>Lift and slide HS doors come in a broad range of stylistic solutions. The client can choose from three types of glazing beads and many color options, which makes our product perfect for classic modern-design buildings and timber houses.[\/vc_column_text][\/vc_column][\/vc_row][vc_row css=&#8221;.vc_custom_1598514453763{border-top-width: 2px !important;padding-top: 40px !important;border-top-color: #dee2e6 !important;border-top-style: solid !important;}&#8221;][vc_column][vc_column_text]<\/p>\n<h2>Products within the category<\/h2>\n<p>[\/vc_column_text]<div class=\"woocommerce columns-4 \"><div class=\"main-products-wrapper\">\n<div class=\"row\">\n<div class=\"col-md-3 col-sm-6 product-item product type-product post-5408 status-publish first instock has-post-thumbnail shipping-taxable product-type-simple\">\n\t<div class=\"shop-product-single\">\n        <div class=\"product-img\">\n            <a href=\"https:\/\/alutrast.pl\/de\/oferta\/uncategorized\/drzwi-przesuwne-mb-77hs\/\">\n        \t \n            <img width=\"300\" height=\"300\" src=\"https:\/\/alutrast.pl\/wp-content\/uploads\/2020\/02\/mb-77hs-pl-300x300.png\" class=\"attachment-woocommerce_thumbnail size-woocommerce_thumbnail\" alt=\"\" loading=\"lazy\" srcset=\"https:\/\/alutrast.pl\/wp-content\/uploads\/2020\/02\/mb-77hs-pl-300x300.png 300w, https:\/\/alutrast.pl\/wp-content\/uploads\/2020\/02\/mb-77hs-pl-180x180.png 180w, https:\/\/alutrast.pl\/wp-content\/uploads\/2020\/02\/mb-77hs-pl-350x350.png 350w, https:\/\/alutrast.pl\/wp-content\/uploads\/2020\/02\/mb-77hs-pl-768x768.png 768w, https:\/\/alutrast.pl\/wp-content\/uploads\/2020\/02\/mb-77hs-pl-600x600.png 600w, https:\/\/alutrast.pl\/wp-content\/uploads\/2020\/02\/mb-77hs-pl-100x100.png 100w, https:\/\/alutrast.pl\/wp-content\/uploads\/2020\/02\/mb-77hs-pl.png 800w\" sizes=\"(max-width: 300px) 100vw, 300px\" \/>            <\/a>\n            <div class=\"product-price-in-thumb\">\n               \n \n            <\/div>\n        <\/div>\n                <div class=\"product-content\">\n\t        <h2><a href=\"https:\/\/alutrast.pl\/de\/oferta\/uncategorized\/drzwi-przesuwne-mb-77hs\/\">Drzwi balkonowe podnoszono &#8211; przesuwne HS (MB-77hs)<\/a><\/h2>\n\t\t\t<p>DRZWI BALKONOWE PODNOSZONO-PRZESUWNE<\/p>\n\t\t\t<p>\n\t\t\t\t\t\t\t<\/p>\n        <\/div>\n\t\t<div class=\"product-read\">\n\t\t\t<a href=\"https:\/\/alutrast.pl\/de\/oferta\/uncategorized\/drzwi-przesuwne-mb-77hs\/\" data-quantity=\"1\" class=\"button product_type_simple\" data-product_id=\"5408\" data-product_sku=\"\" aria-label=\"Read more about &ldquo;Drzwi balkonowe podnoszono - przesuwne HS (MB-77hs)&rdquo;\" rel=\"nofollow\">Read more<\/a>\t\t<\/div>\n    <\/div>\n<\/div>\n\n<div class=\"col-md-3 col-sm-6 product-item product type-product post-5395 status-publish instock has-post-thumbnail shipping-taxable product-type-simple\">\n\t<div class=\"shop-product-single\">\n        <div class=\"product-img\">\n            <a href=\"https:\/\/alutrast.pl\/de\/oferta\/uncategorized\/mb-59hs\/\">\n        \t \n            <img width=\"300\" height=\"300\" src=\"https:\/\/alutrast.pl\/wp-content\/uploads\/2019\/12\/mb-59hs_300_logo_www-300x300.jpg\" class=\"attachment-woocommerce_thumbnail size-woocommerce_thumbnail\" alt=\"\" loading=\"lazy\" srcset=\"https:\/\/alutrast.pl\/wp-content\/uploads\/2019\/12\/mb-59hs_300_logo_www-300x300.jpg 300w, https:\/\/alutrast.pl\/wp-content\/uploads\/2019\/12\/mb-59hs_300_logo_www-180x180.jpg 180w, https:\/\/alutrast.pl\/wp-content\/uploads\/2019\/12\/mb-59hs_300_logo_www-100x100.jpg 100w\" sizes=\"(max-width: 300px) 100vw, 300px\" \/>            <\/a>\n            <div class=\"product-price-in-thumb\">\n               \n \n            <\/div>\n        <\/div>\n                <div class=\"product-content\">\n\t        <h2><a href=\"https:\/\/alutrast.pl\/de\/oferta\/uncategorized\/mb-59hs\/\">Drzwi balkonowe podnoszono &#8211; przesuwne MB-59HS<\/a><\/h2>\n\t\t\t<p>SYSTEM DRZWI PODNOSZONO-PRZESUWNYCH<\/p>\n\t\t\t<p>\n\t\t\t\t\t\t\t<\/p>\n        <\/div>\n\t\t<div class=\"product-read\">\n\t\t\t<a href=\"https:\/\/alutrast.pl\/de\/oferta\/uncategorized\/mb-59hs\/\" data-quantity=\"1\" class=\"button product_type_simple\" data-product_id=\"5395\" data-product_sku=\"\" aria-label=\"Read more about &ldquo;Drzwi balkonowe podnoszono - przesuwne MB-59HS&rdquo;\" rel=\"nofollow\">Read more<\/a>\t\t<\/div>\n    <\/div>\n<\/div>\n\n<\/div>\n<\/div>\n<\/div>[\/vc_column][\/vc_row][vc_row el_id=&#8221;kontakt&#8221;][vc_column css=&#8221;.vc_custom_1598532399166{padding-top: 100px !important;}&#8221; el_id=&#8221;kontakt&#8221;][vc_column_text]<\/p>\n<h2>Contact us<\/h2>\n<p>[\/vc_column_text][\/vc_column][\/vc_row][vc_row][vc_column css=&#8221;.vc_custom_1598532385455{padding-top: 40px !important;}&#8221;]<div role=\"form\" class=\"wpcf7\" id=\"wpcf7-f3576-o2\" lang=\"pl-PL\" dir=\"ltr\">\n<div class=\"screen-reader-response\"><p role=\"status\" aria-live=\"polite\" aria-atomic=\"true\"><\/p> <ul><\/ul><\/div>\n<form action=\"\/en\/wp-json\/wp\/v2\/pages\/4088#wpcf7-f3576-o2\" method=\"post\" class=\"wpcf7-form init\" novalidate=\"novalidate\" data-status=\"init\">\n<div style=\"display: none;\">\n<input type=\"hidden\" name=\"_wpcf7\" value=\"3576\" \/>\n<input type=\"hidden\" name=\"_wpcf7_version\" value=\"5.3.2\" \/>\n<input type=\"hidden\" name=\"_wpcf7_locale\" value=\"pl_PL\" \/>\n<input type=\"hidden\" name=\"_wpcf7_unit_tag\" value=\"wpcf7-f3576-o2\" \/>\n<input type=\"hidden\" name=\"_wpcf7_container_post\" value=\"0\" \/>\n<input type=\"hidden\" name=\"_wpcf7_posted_data_hash\" value=\"\" \/>\n<\/div>\n<p><span class=\"wpcf7-form-control-wrap imie\"><input type=\"text\" name=\"imie\" value=\"\" size=\"40\" class=\"wpcf7-form-control wpcf7-text wpcf7-validates-as-required name__input\" aria-required=\"true\" aria-invalid=\"false\" placeholder=\"Imi\u0119 i Nazwisko\" \/><\/span><br \/>\n<span class=\"wpcf7-form-control-wrap mail\"><input type=\"email\" name=\"mail\" value=\"\" size=\"40\" class=\"wpcf7-form-control wpcf7-text wpcf7-email wpcf7-validates-as-required wpcf7-validates-as-email mail__input\" aria-required=\"true\" aria-invalid=\"false\" placeholder=\"Adres e-mail\" \/><\/span><br \/>\n<span class=\"wpcf7-form-control-wrap telefon\"><input type=\"tel\" name=\"telefon\" value=\"\" size=\"40\" class=\"wpcf7-form-control wpcf7-text wpcf7-tel wpcf7-validates-as-tel phone__input\" aria-invalid=\"false\" placeholder=\"Telefon\" \/><\/span><br \/>\n<span class=\"wpcf7-form-control-wrap wiadomosc\"><textarea name=\"wiadomosc\" cols=\"40\" rows=\"10\" class=\"wpcf7-form-control wpcf7-textarea message__input\" aria-invalid=\"false\" placeholder=\"Wiadomo\u015b\u0107\"><\/textarea><\/span><br \/>\n<span class=\"wpcf7-form-control-wrap rodo\"><span class=\"wpcf7-form-control wpcf7-acceptance\"><span class=\"wpcf7-list-item\"><label><input type=\"checkbox\" name=\"rodo\" value=\"1\" aria-invalid=\"false\" class=\"accept__input\" \/><span class=\"wpcf7-list-item-label\">O\u015bwiadczam, \u017ce zosta\u0142am\/em poinformowana\/y o adresie siedziby i pe\u0142nej nazwie administratora danych, o celu przetwarzania moich danych osobowych, a tak\u017ce o przys\u0142uguj\u0105cym mi prawie dost\u0119pu do tre\u015bci moich danych oraz ich poprawiania lub usuni\u0119cia z baz danych Administratora. O\u015bwiadczam, \u017ce podanie moich danych osobowych nast\u0105pi\u0142o dobrowolnie.<\/span><\/label><\/span><\/span><\/span><br \/>\n<input type=\"submit\" value=\"Wy\u015blij\" class=\"wpcf7-form-control wpcf7-submit submit-button\" \/><\/p>\n<div class=\"wpcf7-response-output\" aria-hidden=\"true\"><\/div><\/form><\/div>[\/vc_column][\/vc_row]<\/p>\n","protected":false},"excerpt":{"rendered":"<p>[vc_row full_width=&#8221;stretch_row&#8221; css=&#8221;.vc_custom_1600177042527{padding-top: 250px !important;padding-bottom: 250px !important;background-image: url(https:\/\/alutrast.pl\/wp-content\/uploads\/2020\/09\/drzwi-przesuwne-hs-alutrast-.png?id=3672) !important;background-position: center !important;background-repeat: no-repeat !important;background-size: cover !important;}&#8221;][vc_column][vc_column_text] HS sliding doors A perfect solution adding unique character to the interiors [\/vc_column_text][\/vc_column][\/vc_row][vc_row][vc_column][vc_column_text] COMPREHENSIVE SERVICE \u2013 MEASUREMENT, MANUFACTURING, INSTALLATION [\/vc_column_text][\/vc_column][\/vc_row][vc_row css=&#8221;.vc_custom_1598444893100{padding-top: 100px !important;padding-bottom: 70px !important;}&#8221;][vc_column width=&#8221;1\/2&#8243;][vc_single_image image=&#8221;4514&#8243; img_size=&#8221;full&#8221;][\/vc_column][vc_column width=&#8221;1\/2&#8243;][vc_column_text] HS Bia\u0142ystok sliding doors Alutrast is the manufacturer of lift and [&hellip;]<\/p>\n","protected":false},"author":6,"featured_media":0,"parent":0,"menu_order":0,"comment_status":"closed","ping_status":"closed","template":"page-template\/blank-page.php","meta":[],"_links":{"self":[{"href":"https:\/\/alutrast.pl\/en\/wp-json\/wp\/v2\/pages\/4088"}],"collection":[{"href":"https:\/\/alutrast.pl\/en\/wp-json\/wp\/v2\/pages"}],"about":[{"href":"https:\/\/alutrast.pl\/en\/wp-json\/wp\/v2\/types\/page"}],"author":[{"embeddable":true,"href":"https:\/\/alutrast.pl\/en\/wp-json\/wp\/v2\/users\/6"}],"replies":[{"embeddable":true,"href":"https:\/\/alutrast.pl\/en\/wp-json\/wp\/v2\/comments?post=4088"}],"version-history":[{"count":11,"href":"https:\/\/alutrast.pl\/en\/wp-json\/wp\/v2\/pages\/4088\/revisions"}],"predecessor-version":[{"id":5060,"href":"https:\/\/alutrast.pl\/en\/wp-json\/wp\/v2\/pages\/4088\/revisions\/5060"}],"wp:attachment":[{"href":"https:\/\/alutrast.pl\/en\/wp-json\/wp\/v2\/media?parent=4088"}],"curies":[{"name":"wp","href":"https:\/\/api.w.org\/{rel}","templated":true}]}}