{"id":4226,"date":"2020-02-04T11:28:21","date_gmt":"2020-02-04T10:28:21","guid":{"rendered":"https:\/\/alutrast.pl\/offer\/ogrody-zimowe\/"},"modified":"2021-07-29T10:53:47","modified_gmt":"2021-07-29T08:53:47","slug":"winter-gardens","status":"publish","type":"page","link":"https:\/\/alutrast.pl\/en\/offer\/winter-gardens\/","title":{"rendered":"Winter Gardens"},"content":{"rendered":"<p>[vc_row full_width=&#8221;stretch_row&#8221; content_placement=&#8221;top&#8221; css=&#8221;.vc_custom_1580815293978{padding-top: 230px !important;padding-bottom: 250px !important;background-image: url(https:\/\/alutrast.pl\/wp-content\/uploads\/2020\/02\/og-zim5a.jpg?id=3005) !important;background-position: center !important;background-repeat: no-repeat !important;background-size: cover !important;}&#8221; el_class=&#8221;header-img&#8221;][vc_column][vc_column_text el_class=&#8221;hind-font h3&#8243; css=&#8221;.vc_custom_1627548465956{margin-bottom: 0px !important;padding-bottom: 0px !important;}&#8221;]<\/p>\n<h1 class=\"white hind-font large-font\" style=\"text-align: left;\">Winter Gardens<\/h1>\n<p>[\/vc_column_text][vc_column_text]<\/p>\n<div class=\"white\" style=\"text-align: left;\">Modern comprehensive solutions<br \/>\nALUTRAST products<\/div>\n<p>[\/vc_column_text][\/vc_column][\/vc_row][vc_row css=&#8221;.vc_custom_1573831137275{margin-top: -230px !important;padding-top: 50px !important;}&#8221;][vc_column css=&#8221;.vc_custom_1573831466399{border-radius: 3px !important;}&#8221;]<div class=\"woocommerce columns-4 \"><div class=\"main-products-wrapper\">\n<div class=\"row\">\n<div class=\"col-md-3 col-sm-6 product-item product type-product post-5276 status-publish first instock has-post-thumbnail shipping-taxable product-type-simple\">\n\t<div class=\"shop-product-single\">\n        <div class=\"product-img\">\n            <a href=\"https:\/\/alutrast.pl\/de\/oferta\/uncategorized\/mb-sr50n-hi-2\/\">\n        \t \n            <img width=\"300\" height=\"300\" src=\"https:\/\/alutrast.pl\/wp-content\/uploads\/2019\/12\/185_mb-sr50n_hi-nowe-listwy_logo-1-300x300.jpg\" class=\"attachment-woocommerce_thumbnail size-woocommerce_thumbnail\" alt=\"\" loading=\"lazy\" srcset=\"https:\/\/alutrast.pl\/wp-content\/uploads\/2019\/12\/185_mb-sr50n_hi-nowe-listwy_logo-1-300x300.jpg 300w, https:\/\/alutrast.pl\/wp-content\/uploads\/2019\/12\/185_mb-sr50n_hi-nowe-listwy_logo-1-180x180.jpg 180w, https:\/\/alutrast.pl\/wp-content\/uploads\/2019\/12\/185_mb-sr50n_hi-nowe-listwy_logo-1-350x350.jpg 350w, https:\/\/alutrast.pl\/wp-content\/uploads\/2019\/12\/185_mb-sr50n_hi-nowe-listwy_logo-1-768x768.jpg 768w, https:\/\/alutrast.pl\/wp-content\/uploads\/2019\/12\/185_mb-sr50n_hi-nowe-listwy_logo-1-1024x1024.jpg 1024w, https:\/\/alutrast.pl\/wp-content\/uploads\/2019\/12\/185_mb-sr50n_hi-nowe-listwy_logo-1-600x600.jpg 600w, https:\/\/alutrast.pl\/wp-content\/uploads\/2019\/12\/185_mb-sr50n_hi-nowe-listwy_logo-1-100x100.jpg 100w, https:\/\/alutrast.pl\/wp-content\/uploads\/2019\/12\/185_mb-sr50n_hi-nowe-listwy_logo-1.jpg 1200w\" sizes=\"(max-width: 300px) 100vw, 300px\" \/>            <\/a>\n            <div class=\"product-price-in-thumb\">\n               \n \n            <\/div>\n        <\/div>\n                <div class=\"product-content\">\n\t        <h2><a href=\"https:\/\/alutrast.pl\/de\/oferta\/uncategorized\/mb-sr50n-hi-2\/\">MB-SR50N HI<\/a><\/h2>\n\t\t\t<div class=\"headline headline--cert headline--cert-desktop padding--md-top-0\">\n<div class=\"headline headline--cert headline--cert-desktop padding--md-top-0\">\n<p>\u015aCIANA S\u0141UPOWO-RYGLOWA O PODWY\u017bSZONEJ IZOLACYJNO\u015aCI TERMICZNEJ<\/p>\n<\/div>\n<\/div>\n\t\t\t<p>\n\t\t\t\t\t\t\t<\/p>\n        <\/div>\n\t\t<div class=\"product-read\">\n\t\t\t<a href=\"https:\/\/alutrast.pl\/de\/oferta\/uncategorized\/mb-sr50n-hi-2\/\" data-quantity=\"1\" class=\"button product_type_simple\" data-product_id=\"5276\" data-product_sku=\"\" aria-label=\"Read more about &ldquo;MB-SR50N HI&rdquo;\" rel=\"nofollow\">Read more<\/a>\t\t<\/div>\n    <\/div>\n<\/div>\n\n<div class=\"col-md-3 col-sm-6 product-item product type-product post-5159 status-publish instock has-post-thumbnail shipping-taxable product-type-simple\">\n\t<div class=\"shop-product-single\">\n        <div class=\"product-img\">\n            <a href=\"https:\/\/alutrast.pl\/de\/oferta\/uncategorized\/mb-sr50n-efekt\/\">\n        \t \n            <img width=\"300\" height=\"300\" src=\"https:\/\/alutrast.pl\/wp-content\/uploads\/2019\/12\/mb-sr50n_efekt-300x300.jpg\" class=\"attachment-woocommerce_thumbnail size-woocommerce_thumbnail\" alt=\"\" loading=\"lazy\" srcset=\"https:\/\/alutrast.pl\/wp-content\/uploads\/2019\/12\/mb-sr50n_efekt-300x300.jpg 300w, https:\/\/alutrast.pl\/wp-content\/uploads\/2019\/12\/mb-sr50n_efekt-180x180.jpg 180w, https:\/\/alutrast.pl\/wp-content\/uploads\/2019\/12\/mb-sr50n_efekt-100x100.jpg 100w\" sizes=\"(max-width: 300px) 100vw, 300px\" \/>            <\/a>\n            <div class=\"product-price-in-thumb\">\n               \n \n            <\/div>\n        <\/div>\n                <div class=\"product-content\">\n\t        <h2><a href=\"https:\/\/alutrast.pl\/de\/oferta\/uncategorized\/mb-sr50n-efekt\/\">MB-SR50N EFEKT<\/a><\/h2>\n\t\t\t<div class=\"headline headline--cert headline--cert-desktop padding--md-top-0\">\n<div class=\"headline headline--cert headline--cert-desktop padding--md-top-0\">\n<div class=\"headline headline--cert headline--cert-desktop padding--md-top-0\">\n<p>FASADA P\u00d3\u0141STRUKTURALNA<\/p>\n<\/div>\n<\/div>\n<\/div>\n\t\t\t<p>\n\t\t\t\t\t\t\t<\/p>\n        <\/div>\n\t\t<div class=\"product-read\">\n\t\t\t<a href=\"https:\/\/alutrast.pl\/de\/oferta\/uncategorized\/mb-sr50n-efekt\/\" data-quantity=\"1\" class=\"button product_type_simple\" data-product_id=\"5159\" data-product_sku=\"\" aria-label=\"Read more about &ldquo;MB-SR50N EFEKT&rdquo;\" rel=\"nofollow\">Read more<\/a>\t\t<\/div>\n    <\/div>\n<\/div>\n\n<div class=\"col-md-3 col-sm-6 product-item product type-product post-5214 status-publish instock has-post-thumbnail shipping-taxable product-type-simple\">\n\t<div class=\"shop-product-single\">\n        <div class=\"product-img\">\n            <a href=\"https:\/\/alutrast.pl\/de\/oferta\/uncategorized\/mb-sr50n-hi\/\">\n        \t \n            <img width=\"300\" height=\"300\" src=\"https:\/\/alutrast.pl\/wp-content\/uploads\/2019\/12\/185_mb-sr50n_hi-nowe-listwy_logo-300x300.jpg\" class=\"attachment-woocommerce_thumbnail size-woocommerce_thumbnail\" alt=\"\" loading=\"lazy\" srcset=\"https:\/\/alutrast.pl\/wp-content\/uploads\/2019\/12\/185_mb-sr50n_hi-nowe-listwy_logo-300x300.jpg 300w, https:\/\/alutrast.pl\/wp-content\/uploads\/2019\/12\/185_mb-sr50n_hi-nowe-listwy_logo-180x180.jpg 180w, https:\/\/alutrast.pl\/wp-content\/uploads\/2019\/12\/185_mb-sr50n_hi-nowe-listwy_logo-350x350.jpg 350w, https:\/\/alutrast.pl\/wp-content\/uploads\/2019\/12\/185_mb-sr50n_hi-nowe-listwy_logo-768x768.jpg 768w, https:\/\/alutrast.pl\/wp-content\/uploads\/2019\/12\/185_mb-sr50n_hi-nowe-listwy_logo-1024x1024.jpg 1024w, https:\/\/alutrast.pl\/wp-content\/uploads\/2019\/12\/185_mb-sr50n_hi-nowe-listwy_logo-600x600.jpg 600w, https:\/\/alutrast.pl\/wp-content\/uploads\/2019\/12\/185_mb-sr50n_hi-nowe-listwy_logo-100x100.jpg 100w, https:\/\/alutrast.pl\/wp-content\/uploads\/2019\/12\/185_mb-sr50n_hi-nowe-listwy_logo.jpg 1200w\" sizes=\"(max-width: 300px) 100vw, 300px\" \/>            <\/a>\n            <div class=\"product-price-in-thumb\">\n               \n \n            <\/div>\n        <\/div>\n                <div class=\"product-content\">\n\t        <h2><a href=\"https:\/\/alutrast.pl\/de\/oferta\/uncategorized\/mb-sr50n-hi\/\">MB-SR50N HI+<\/a><\/h2>\n\t\t\t<p>[vc_row css=&#8221;.vc_custom_1576836637897{padding-top: 40px !important;background-color: #0b4f6c !important;border-radius: 5px !important;}&#8221;][vc_column][vc_column_text] Dane techniczne [\/vc_column_text][\/vc_column][\/vc_row][vc_row css=&#8221;.vc_custom_1576836647491{margin-top: -40px !important;margin-bottom: 40px !important;background-color: #0b4f6c !important;border-radius: 5px !important;}&#8221;][vc_column width=&#8221;1\/2&#8243;][vc_column_text] AE 1200 Pa W\/(m2K) Przepuszczalno\u015b\u0107 powietrza [\/vc_column_text][vc_column_text] I5\/E5 EN 14019 Odporno\u015b\u0107 na uderzenie [\/vc_column_text][\/vc_column][vc_column width=&#8221;1\/2&#8243;][vc_column_text] RE 1200 Pa EN 12154 Wodoszczelno\u015b\u0107 [\/vc_column_text][vc_column_text] Uf od 0,59 W\/(m2K) Izolacyjno\u015b\u0107 termiczna [\/vc_column_text][\/vc_column][\/vc_row][vc_row][vc_column width=&#8221;2\/3&#8243;][vc_column_text] System fasady s\u0142upowo-ryglowej MB-SR50N [&hellip;]<\/p>\n\t\t\t<p>\n\t\t\t\t\t\t\t<\/p>\n        <\/div>\n\t\t<div class=\"product-read\">\n\t\t\t<a href=\"https:\/\/alutrast.pl\/de\/oferta\/uncategorized\/mb-sr50n-hi\/\" data-quantity=\"1\" class=\"button product_type_simple\" data-product_id=\"5214\" data-product_sku=\"\" aria-label=\"Read more about &ldquo;MB-SR50N HI+&rdquo;\" rel=\"nofollow\">Read more<\/a>\t\t<\/div>\n    <\/div>\n<\/div>\n\n<\/div>\n<\/div>\n<\/div>[vc_empty_space height=&#8221;50px&#8221;][\/vc_column][\/vc_row][vc_section][vc_row][vc_column][vc_column_text]<\/p>\n<div class=\"block-text text--size-20\">\n<h2>Garden systems<\/h2>\n<p>Aluprof aluminium systems enable the construction of windows and doors of various types depending on the scope of their application and detailed requirements in the field of their functionality, aesthetics, thermal insulation, resistance to burglary, smoke protection or fire resistance. They include among others aluminium structures without thermal insulation for constructing internal partitions and doors (MB-45, MB-45 Office, MB-EXPO, MB-80 Office) or the glazing for balconies (the MB-23P systems) as well as solutions based on thermally insulated profiles (MB-104 Passive, MB-86, MB-60, MB-70, MB-59S). Most thermally insulated systems are available in the \u201cHI\u201d version characterized by special inserts in their sections reducing heat conductivity coefficient.<\/p>\n<p><strong>The MB-104 Passive system has the highest level of thermal insulation within the product range, based on innovative material and technical solutions. It is one of the main Aluprof products suggested for energy saving and passive buildings, awarded with the certificate of PHI Darmstadt Passive Houses Institute. <\/strong><\/p>\n<p><!--more-->An interesting option in the field of window and door systems is represented by aluminium panel doors available in the systems with the highest level of thermal insulation. Aluminium profiles for doors and windows are Aluprof\u2019s leading products and for this reason their range is very rich.<\/p>\n<p>Aluprof systems offer not only aluminium structures with the most popular opening types: turn or tilt, but also revolving \u201cPivot\u201d windows, outward opening windows (e.g. MB-59S Casement, MB-70 Casement, MB-86 Casement), aluminium windows dedicated for specific fa\u00e7ade solutions such as MB-60EF as well as lift and slide aluminium terrace doors MB-77HS, MB-95HS, MB-59 Slide sliding windows and doors, MB-59 Slide Galandage, MB-Slide\/MB-Slide ST as well as folding doors and MB-86 Fold Line, described in details in the Sliding and Folding Systems tab.<\/p>\n<p>Offer of the manufacturer of ALUPROF aluminium fixtures also includes<\/p>\n<ul>\n<li>&#8220;Industrial\u201d windows dedicated for modernized historical buildings,<\/li>\n<li>aluminium windows with a hidden sash in the basic version MB-86US, MB-70US, MB-60US and the version with narrow frame, MB-70SG,<\/li>\n<li>aluminium windows with a hidden sash in the basic version MB-86US, MB-70US, MB-60US and the version with narrow frame, MB-70SG,<\/li>\n<\/ul>\n<p>Basing on many different Aluprof systems it is also possible to perform anti-theft structures in classes RC1 to RC4 as well as windows with smoke ventilation. For those who would like to combine appropriate technical parameters with attractive price we have developed the entire range of such economical solutions as MB-45S, MB-59SE and MB-60E.<\/p>\n<p>Among window and door systems there are also special smoke-resistant fire partitions, available within the following systems: MB-78EI with fire resistance in the classes EI15 to EI90, energy-saving fire protection windows MB-86EI, MB-60E EI system with fire resistance in classes EI15 to EI30, the system of automatic sliding doors MB-78EI DPA with fire resistance in classes EI15 to EI30 as well as the MB-118EI system in the EI120 class. This group is complemented by smoke-resistant doors without fire resistance properties: MB-45D.<\/p>\n<p>The broad range of Aluprof aluminium profiles is regularly extended in order to match the requirements of modern architecture and comply with stricter standards and regulations.<\/p>\n<\/div>\n<p>[\/vc_column_text][\/vc_column][\/vc_row][\/vc_section][vc_row][vc_column][vc_raw_js]JTNDc2NyaXB0JTNFJTIwJTBBJTI0JTI4JTIyLnRhZ2dlZF9hcyUyMCUzRSUyMGElMjIlMjkuYXR0ciUyOCUyMmhyZWYlMjIlMkMlMjAlMjclMjMlMjclMjklM0IlMEElM0MlMkZzY3JpcHQlM0U=[\/vc_raw_js][\/vc_column][\/vc_row]<\/p>\n","protected":false},"excerpt":{"rendered":"<p>[vc_row full_width=&#8221;stretch_row&#8221; content_placement=&#8221;top&#8221; css=&#8221;.vc_custom_1580815293978{padding-top: 230px !important;padding-bottom: 250px !important;background-image: url(https:\/\/alutrast.pl\/wp-content\/uploads\/2020\/02\/og-zim5a.jpg?id=3005) !important;background-position: center !important;background-repeat: no-repeat !important;background-size: cover !important;}&#8221; el_class=&#8221;header-img&#8221;][vc_column][vc_column_text el_class=&#8221;hind-font h3&#8243; css=&#8221;.vc_custom_1627548465956{margin-bottom: 0px !important;padding-bottom: 0px !important;}&#8221;] Winter Gardens [\/vc_column_text][vc_column_text] Modern comprehensive solutions ALUTRAST products [\/vc_column_text][\/vc_column][\/vc_row][vc_row css=&#8221;.vc_custom_1573831137275{margin-top: -230px !important;padding-top: 50px !important;}&#8221;][vc_column css=&#8221;.vc_custom_1573831466399{border-radius: 3px !important;}&#8221;][vc_empty_space height=&#8221;50px&#8221;][\/vc_column][\/vc_row][vc_section][vc_row][vc_column][vc_column_text] Garden systems Aluprof aluminium systems enable the construction of windows and doors of [&hellip;]<\/p>\n","protected":false},"author":2,"featured_media":0,"parent":4066,"menu_order":2,"comment_status":"closed","ping_status":"closed","template":"page-template\/blank-page.php","meta":[],"_links":{"self":[{"href":"https:\/\/alutrast.pl\/en\/wp-json\/wp\/v2\/pages\/4226"}],"collection":[{"href":"https:\/\/alutrast.pl\/en\/wp-json\/wp\/v2\/pages"}],"about":[{"href":"https:\/\/alutrast.pl\/en\/wp-json\/wp\/v2\/types\/page"}],"author":[{"embeddable":true,"href":"https:\/\/alutrast.pl\/en\/wp-json\/wp\/v2\/users\/2"}],"replies":[{"embeddable":true,"href":"https:\/\/alutrast.pl\/en\/wp-json\/wp\/v2\/comments?post=4226"}],"version-history":[{"count":3,"href":"https:\/\/alutrast.pl\/en\/wp-json\/wp\/v2\/pages\/4226\/revisions"}],"predecessor-version":[{"id":5073,"href":"https:\/\/alutrast.pl\/en\/wp-json\/wp\/v2\/pages\/4226\/revisions\/5073"}],"up":[{"embeddable":true,"href":"https:\/\/alutrast.pl\/en\/wp-json\/wp\/v2\/pages\/4066"}],"wp:attachment":[{"href":"https:\/\/alutrast.pl\/en\/wp-json\/wp\/v2\/media?parent=4226"}],"curies":[{"name":"wp","href":"https:\/\/api.w.org\/{rel}","templated":true}]}}