{"id":4204,"date":"2019-11-12T11:15:46","date_gmt":"2019-11-12T10:15:46","guid":{"rendered":"https:\/\/alutrast.pl\/oferta\/witryny\/"},"modified":"2021-07-29T14:18:19","modified_gmt":"2021-07-29T12:18:19","slug":"vitrines","status":"publish","type":"page","link":"https:\/\/alutrast.pl\/fr\/notre-offre\/vitrines\/","title":{"rendered":"Vitrines"},"content":{"rendered":"<p>[vc_row full_width=\u00a0\u00bbstretch_row\u00a0\u00bb css=\u00a0\u00bb.vc_custom_1577715346289{padding-top: 230px !important;padding-bottom: 250px !important;background-image: url(https:\/\/alutrast.pl\/wp-content\/uploads\/2019\/12\/witryny_al.jpg?id=2789) !important;background-position: center !important;background-repeat: no-repeat !important;background-size: cover !important;}\u00a0\u00bb el_class=\u00a0\u00bbheader-img\u00a0\u00bb][vc_column][vc_column_text el_class=\u00a0\u00bbhind-font h3&Prime; css=\u00a0\u00bb.vc_custom_1627560802545{margin-bottom: 0px !important;padding-bottom: 0px !important;}\u00a0\u00bb]<\/p>\n<h1 class=\"white hind-font large-font\" style=\"text-align: center;\">Vitrines en aluminium<\/h1>\n<div id=\"gtx-trans\" style=\"position: absolute; left: 302px; top: 51.9063px;\">\n<div class=\"gtx-trans-icon\"><\/div>\n<\/div>\n<p>[\/vc_column_text][vc_column_text]<\/p>\n<div class=\"white\" style=\"text-align: center;\">Des solutions modernes et compl\u00e8tes.<br \/>\nProduits ALUTRAST<\/div>\n<p>[\/vc_column_text][vc_single_image image=\u00a0\u00bb2536&Prime; img_size=\u00a0\u00bbmedium\u00a0\u00bb alignment=\u00a0\u00bbcenter\u00a0\u00bb css=\u00a0\u00bb.vc_custom_1573814568029{margin-bottom: 0px !important;padding-bottom: 0px !important;}\u00a0\u00bb][\/vc_column][\/vc_row][vc_row css=\u00a0\u00bb.vc_custom_1574062790074{margin-top: -230px !important;padding-top: 50px !important;}\u00a0\u00bb][vc_column]<div class=\"woocommerce columns-4 \"><div class=\"main-products-wrapper\">\n<div class=\"row\">\n<div class=\"col-md-3 col-sm-6 product-item product type-product post-5259 status-publish first instock has-post-thumbnail shipping-taxable product-type-simple\">\n\t<div class=\"shop-product-single\">\n        <div class=\"product-img\">\n            <a href=\"https:\/\/alutrast.pl\/en\/oferta\/non%20class\u00e9\/mb-60\/\">\n        \t \n            <img width=\"300\" height=\"300\" src=\"https:\/\/alutrast.pl\/wp-content\/uploads\/2019\/12\/mb-601-300x300.jpg\" class=\"attachment-woocommerce_thumbnail size-woocommerce_thumbnail\" alt=\"\" loading=\"lazy\" srcset=\"https:\/\/alutrast.pl\/wp-content\/uploads\/2019\/12\/mb-601-300x300.jpg 300w, https:\/\/alutrast.pl\/wp-content\/uploads\/2019\/12\/mb-601-180x180.jpg 180w, https:\/\/alutrast.pl\/wp-content\/uploads\/2019\/12\/mb-601-100x100.jpg 100w\" sizes=\"(max-width: 300px) 100vw, 300px\" \/>            <\/a>\n            <div class=\"product-price-in-thumb\">\n               \n \n            <\/div>\n        <\/div>\n                <div class=\"product-content\">\n\t        <h2><a href=\"https:\/\/alutrast.pl\/en\/oferta\/non%20class\u00e9\/mb-60\/\">MB-60<\/a><\/h2>\n\t\t\t<p>SYSTEM OKIENNO-DRZWIOWY Z IZOLACJ\u0104 TERMICZN\u0104<\/p>\n\t\t\t<p>\n\t\t\t\t\t\t\t<\/p>\n        <\/div>\n\t\t<div class=\"product-read\">\n\t\t\t<a href=\"https:\/\/alutrast.pl\/en\/oferta\/non%20class\u00e9\/mb-60\/\" data-quantity=\"1\" class=\"button product_type_simple\" data-product_id=\"5259\" data-product_sku=\"\" aria-label=\"En savoir plus sur &ldquo;MB-60&rdquo;\" rel=\"nofollow\">Lire la suite<\/a>\t\t<\/div>\n    <\/div>\n<\/div>\n\n<div class=\"col-md-3 col-sm-6 product-item product type-product post-5483 status-publish instock has-post-thumbnail shipping-taxable product-type-simple\">\n\t<div class=\"shop-product-single\">\n        <div class=\"product-img\">\n            <a href=\"https:\/\/alutrast.pl\/en\/oferta\/non%20class\u00e9\/mb-59s\/\">\n        \t \n            <img width=\"300\" height=\"300\" src=\"https:\/\/alutrast.pl\/wp-content\/uploads\/2020\/02\/59s-300x300.png\" class=\"attachment-woocommerce_thumbnail size-woocommerce_thumbnail\" alt=\"\" loading=\"lazy\" srcset=\"https:\/\/alutrast.pl\/wp-content\/uploads\/2020\/02\/59s-300x300.png 300w, https:\/\/alutrast.pl\/wp-content\/uploads\/2020\/02\/59s-180x180.png 180w, https:\/\/alutrast.pl\/wp-content\/uploads\/2020\/02\/59s-350x350.png 350w, https:\/\/alutrast.pl\/wp-content\/uploads\/2020\/02\/59s-600x600.png 600w, https:\/\/alutrast.pl\/wp-content\/uploads\/2020\/02\/59s-100x100.png 100w, https:\/\/alutrast.pl\/wp-content\/uploads\/2020\/02\/59s.png 615w\" sizes=\"(max-width: 300px) 100vw, 300px\" \/>            <\/a>\n            <div class=\"product-price-in-thumb\">\n               \n \n            <\/div>\n        <\/div>\n                <div class=\"product-content\">\n\t        <h2><a href=\"https:\/\/alutrast.pl\/en\/oferta\/non%20class\u00e9\/mb-59s\/\">MB-59S<\/a><\/h2>\n\t\t\t<p>SYSTEM OKIENNO-DRZWIOWY Z IZOLACJ\u0104 TERMICZN\u0104<\/p>\n<div id=\"gtx-trans\" style=\"position: absolute; left: -30px; top: 38px;\">\n<div class=\"gtx-trans-icon\"><\/div>\n<\/div>\n\t\t\t<p>\n\t\t\t\t\t\t\t<\/p>\n        <\/div>\n\t\t<div class=\"product-read\">\n\t\t\t<a href=\"https:\/\/alutrast.pl\/en\/oferta\/non%20class\u00e9\/mb-59s\/\" data-quantity=\"1\" class=\"button product_type_simple\" data-product_id=\"5483\" data-product_sku=\"\" aria-label=\"En savoir plus sur &ldquo;MB-59S&rdquo;\" rel=\"nofollow\">Lire la suite<\/a>\t\t<\/div>\n    <\/div>\n<\/div>\n\n<div class=\"col-md-3 col-sm-6 product-item product type-product post-5410 status-publish instock has-post-thumbnail shipping-taxable product-type-simple\">\n\t<div class=\"shop-product-single\">\n        <div class=\"product-img\">\n            <a href=\"https:\/\/alutrast.pl\/en\/oferta\/non%20class\u00e9\/mb-70\/\">\n        \t \n            <img width=\"300\" height=\"300\" src=\"https:\/\/alutrast.pl\/wp-content\/uploads\/2019\/12\/mb-70-pl2-300x300.png\" class=\"attachment-woocommerce_thumbnail size-woocommerce_thumbnail\" alt=\"\" loading=\"lazy\" srcset=\"https:\/\/alutrast.pl\/wp-content\/uploads\/2019\/12\/mb-70-pl2-300x300.png 300w, https:\/\/alutrast.pl\/wp-content\/uploads\/2019\/12\/mb-70-pl2-180x180.png 180w, https:\/\/alutrast.pl\/wp-content\/uploads\/2019\/12\/mb-70-pl2-350x350.png 350w, https:\/\/alutrast.pl\/wp-content\/uploads\/2019\/12\/mb-70-pl2-768x768.png 768w, https:\/\/alutrast.pl\/wp-content\/uploads\/2019\/12\/mb-70-pl2-600x600.png 600w, https:\/\/alutrast.pl\/wp-content\/uploads\/2019\/12\/mb-70-pl2-100x100.png 100w, https:\/\/alutrast.pl\/wp-content\/uploads\/2019\/12\/mb-70-pl2.png 800w\" sizes=\"(max-width: 300px) 100vw, 300px\" \/>            <\/a>\n            <div class=\"product-price-in-thumb\">\n               \n \n            <\/div>\n        <\/div>\n                <div class=\"product-content\">\n\t        <h2><a href=\"https:\/\/alutrast.pl\/en\/oferta\/non%20class\u00e9\/mb-70\/\">MB-70<\/a><\/h2>\n\t\t\t<p>SYSTEMY OKIENNO-DRZWIOWE Z IZOLACJ\u0104 TERMICZN\u0104<\/p>\n\t\t\t<p>\n\t\t\t\t\t\t\t<\/p>\n        <\/div>\n\t\t<div class=\"product-read\">\n\t\t\t<a href=\"https:\/\/alutrast.pl\/en\/oferta\/non%20class\u00e9\/mb-70\/\" data-quantity=\"1\" class=\"button product_type_simple\" data-product_id=\"5410\" data-product_sku=\"\" aria-label=\"En savoir plus sur &ldquo;MB-70&rdquo;\" rel=\"nofollow\">Lire la suite<\/a>\t\t<\/div>\n    <\/div>\n<\/div>\n\n<div class=\"col-md-3 col-sm-6 product-item product type-product post-5404 status-publish last instock has-post-thumbnail shipping-taxable product-type-simple\">\n\t<div class=\"shop-product-single\">\n        <div class=\"product-img\">\n            <a href=\"https:\/\/alutrast.pl\/en\/oferta\/non%20class\u00e9\/drzwi-przesuwne-mb-77hs\/\">\n        \t \n            <img width=\"300\" height=\"300\" src=\"https:\/\/alutrast.pl\/wp-content\/uploads\/2020\/02\/mb-77hs-pl-300x300.png\" class=\"attachment-woocommerce_thumbnail size-woocommerce_thumbnail\" alt=\"\" loading=\"lazy\" srcset=\"https:\/\/alutrast.pl\/wp-content\/uploads\/2020\/02\/mb-77hs-pl-300x300.png 300w, https:\/\/alutrast.pl\/wp-content\/uploads\/2020\/02\/mb-77hs-pl-180x180.png 180w, https:\/\/alutrast.pl\/wp-content\/uploads\/2020\/02\/mb-77hs-pl-350x350.png 350w, https:\/\/alutrast.pl\/wp-content\/uploads\/2020\/02\/mb-77hs-pl-768x768.png 768w, https:\/\/alutrast.pl\/wp-content\/uploads\/2020\/02\/mb-77hs-pl-600x600.png 600w, https:\/\/alutrast.pl\/wp-content\/uploads\/2020\/02\/mb-77hs-pl-100x100.png 100w, https:\/\/alutrast.pl\/wp-content\/uploads\/2020\/02\/mb-77hs-pl.png 800w\" sizes=\"(max-width: 300px) 100vw, 300px\" \/>            <\/a>\n            <div class=\"product-price-in-thumb\">\n               \n \n            <\/div>\n        <\/div>\n                <div class=\"product-content\">\n\t        <h2><a href=\"https:\/\/alutrast.pl\/en\/oferta\/non%20class\u00e9\/drzwi-przesuwne-mb-77hs\/\">Drzwi balkonowe podnoszono &#8211; przesuwne HS (MB-77hs)<\/a><\/h2>\n\t\t\t<p>DRZWI BALKONOWE PODNOSZONO-PRZESUWNE<\/p>\n\t\t\t<p>\n\t\t\t\t\t\t\t<\/p>\n        <\/div>\n\t\t<div class=\"product-read\">\n\t\t\t<a href=\"https:\/\/alutrast.pl\/en\/oferta\/non%20class\u00e9\/drzwi-przesuwne-mb-77hs\/\" data-quantity=\"1\" class=\"button product_type_simple\" data-product_id=\"5404\" data-product_sku=\"\" aria-label=\"En savoir plus sur &ldquo;Drzwi balkonowe podnoszono - przesuwne HS (MB-77hs)&rdquo;\" rel=\"nofollow\">Lire la suite<\/a>\t\t<\/div>\n    <\/div>\n<\/div>\n\n<div class=\"col-md-3 col-sm-6 product-item product type-product post-5391 status-publish first instock has-post-thumbnail shipping-taxable product-type-simple\">\n\t<div class=\"shop-product-single\">\n        <div class=\"product-img\">\n            <a href=\"https:\/\/alutrast.pl\/en\/oferta\/non%20class\u00e9\/mb-59hs\/\">\n        \t \n            <img width=\"300\" height=\"300\" src=\"https:\/\/alutrast.pl\/wp-content\/uploads\/2019\/12\/mb-59hs_300_logo_www-300x300.jpg\" class=\"attachment-woocommerce_thumbnail size-woocommerce_thumbnail\" alt=\"\" loading=\"lazy\" srcset=\"https:\/\/alutrast.pl\/wp-content\/uploads\/2019\/12\/mb-59hs_300_logo_www-300x300.jpg 300w, https:\/\/alutrast.pl\/wp-content\/uploads\/2019\/12\/mb-59hs_300_logo_www-180x180.jpg 180w, https:\/\/alutrast.pl\/wp-content\/uploads\/2019\/12\/mb-59hs_300_logo_www-100x100.jpg 100w\" sizes=\"(max-width: 300px) 100vw, 300px\" \/>            <\/a>\n            <div class=\"product-price-in-thumb\">\n               \n \n            <\/div>\n        <\/div>\n                <div class=\"product-content\">\n\t        <h2><a href=\"https:\/\/alutrast.pl\/en\/oferta\/non%20class\u00e9\/mb-59hs\/\">Drzwi balkonowe podnoszono &#8211; przesuwne MB-59HS<\/a><\/h2>\n\t\t\t<p>SYSTEM DRZWI PODNOSZONO-PRZESUWNYCH<\/p>\n\t\t\t<p>\n\t\t\t\t\t\t\t<\/p>\n        <\/div>\n\t\t<div class=\"product-read\">\n\t\t\t<a href=\"https:\/\/alutrast.pl\/en\/oferta\/non%20class\u00e9\/mb-59hs\/\" data-quantity=\"1\" class=\"button product_type_simple\" data-product_id=\"5391\" data-product_sku=\"\" aria-label=\"En savoir plus sur &ldquo;Drzwi balkonowe podnoszono - przesuwne MB-59HS&rdquo;\" rel=\"nofollow\">Lire la suite<\/a>\t\t<\/div>\n    <\/div>\n<\/div>\n\n<div class=\"col-md-3 col-sm-6 product-item product type-product post-5376 status-publish instock has-post-thumbnail shipping-taxable product-type-simple\">\n\t<div class=\"shop-product-single\">\n        <div class=\"product-img\">\n            <a href=\"https:\/\/alutrast.pl\/en\/oferta\/non%20class\u00e9\/mb-slide-mb-slide-st\/\">\n        \t \n            <img width=\"300\" height=\"300\" src=\"https:\/\/alutrast.pl\/wp-content\/uploads\/2020\/01\/mb-slide-300x300.jpg\" class=\"attachment-woocommerce_thumbnail size-woocommerce_thumbnail\" alt=\"\" loading=\"lazy\" srcset=\"https:\/\/alutrast.pl\/wp-content\/uploads\/2020\/01\/mb-slide-300x300.jpg 300w, https:\/\/alutrast.pl\/wp-content\/uploads\/2020\/01\/mb-slide-180x180.jpg 180w, https:\/\/alutrast.pl\/wp-content\/uploads\/2020\/01\/mb-slide-100x100.jpg 100w\" sizes=\"(max-width: 300px) 100vw, 300px\" \/>            <\/a>\n            <div class=\"product-price-in-thumb\">\n               \n \n            <\/div>\n        <\/div>\n                <div class=\"product-content\">\n\t        <h2><a href=\"https:\/\/alutrast.pl\/en\/oferta\/non%20class\u00e9\/mb-slide-mb-slide-st\/\">MB-SLIDE, MB-SLIDE ST<\/a><\/h2>\n\t\t\t<p>OKNA I DRZWI PRZESUWNE<\/p>\n\t\t\t<p>\n\t\t\t\t\t\t\t<\/p>\n        <\/div>\n\t\t<div class=\"product-read\">\n\t\t\t<a href=\"https:\/\/alutrast.pl\/en\/oferta\/non%20class\u00e9\/mb-slide-mb-slide-st\/\" data-quantity=\"1\" class=\"button product_type_simple\" data-product_id=\"5376\" data-product_sku=\"\" aria-label=\"En savoir plus sur &ldquo;MB-SLIDE, MB-SLIDE ST&rdquo;\" rel=\"nofollow\">Lire la suite<\/a>\t\t<\/div>\n    <\/div>\n<\/div>\n\n<div class=\"col-md-3 col-sm-6 product-item product type-product post-5173 status-publish instock product_tag-window-and-door-systems product_tag-windows has-post-thumbnail shipping-taxable product-type-simple\">\n\t<div class=\"shop-product-single\">\n        <div class=\"product-img\">\n            <a href=\"https:\/\/alutrast.pl\/en\/oferta\/non%20class\u00e9\/mb-45\/\">\n        \t \n            <img width=\"300\" height=\"300\" src=\"https:\/\/alutrast.pl\/wp-content\/uploads\/2019\/12\/mb-451-300x300.jpg\" class=\"attachment-woocommerce_thumbnail size-woocommerce_thumbnail\" alt=\"\" loading=\"lazy\" srcset=\"https:\/\/alutrast.pl\/wp-content\/uploads\/2019\/12\/mb-451-300x300.jpg 300w, https:\/\/alutrast.pl\/wp-content\/uploads\/2019\/12\/mb-451-180x180.jpg 180w, https:\/\/alutrast.pl\/wp-content\/uploads\/2019\/12\/mb-451-100x100.jpg 100w\" sizes=\"(max-width: 300px) 100vw, 300px\" \/>            <\/a>\n            <div class=\"product-price-in-thumb\">\n               \n \n            <\/div>\n        <\/div>\n                <div class=\"product-content\">\n\t        <h2><a href=\"https:\/\/alutrast.pl\/en\/oferta\/non%20class\u00e9\/mb-45\/\">MB-45<\/a><\/h2>\n\t\t\t<p><span style=\"font-weight: 300;\">WINDOW AND DOOR SYSTEM WITHOUT THERMAL INSULTION<\/span><\/p>\n\t\t\t<p>\n\t\t\t\t<span class=\"tagged_as\"> <a href=\"https:\/\/alutrast.pl\/en\/tag-produktu\/window-and-door-systems\/\" rel=\"tag\">Window and door systems<\/a> <a href=\"https:\/\/alutrast.pl\/en\/tag-produktu\/windows\/\" rel=\"tag\">windows<\/a><\/span>\t\t\t<\/p>\n        <\/div>\n\t\t<div class=\"product-read\">\n\t\t\t<a href=\"https:\/\/alutrast.pl\/en\/oferta\/non%20class\u00e9\/mb-45\/\" data-quantity=\"1\" class=\"button product_type_simple\" data-product_id=\"5173\" data-product_sku=\"\" aria-label=\"En savoir plus sur &ldquo;MB-45&rdquo;\" rel=\"nofollow\">Lire la suite<\/a>\t\t<\/div>\n    <\/div>\n<\/div>\n\n<div class=\"col-md-3 col-sm-6 product-item product type-product post-5167 status-publish last instock has-post-thumbnail shipping-taxable product-type-simple\">\n\t<div class=\"shop-product-single\">\n        <div class=\"product-img\">\n            <a href=\"https:\/\/alutrast.pl\/en\/oferta\/non%20class\u00e9\/mb-86-kopia-2\/\">\n        \t \n            <img width=\"300\" height=\"300\" src=\"https:\/\/alutrast.pl\/wp-content\/uploads\/2019\/12\/mb-86_ei_logo-300x300.jpg\" class=\"attachment-woocommerce_thumbnail size-woocommerce_thumbnail\" alt=\"\" loading=\"lazy\" srcset=\"https:\/\/alutrast.pl\/wp-content\/uploads\/2019\/12\/mb-86_ei_logo-300x300.jpg 300w, https:\/\/alutrast.pl\/wp-content\/uploads\/2019\/12\/mb-86_ei_logo-180x180.jpg 180w, https:\/\/alutrast.pl\/wp-content\/uploads\/2019\/12\/mb-86_ei_logo-100x100.jpg 100w\" sizes=\"(max-width: 300px) 100vw, 300px\" \/>            <\/a>\n            <div class=\"product-price-in-thumb\">\n               \n \n            <\/div>\n        <\/div>\n                <div class=\"product-content\">\n\t        <h2><a href=\"https:\/\/alutrast.pl\/en\/oferta\/non%20class\u00e9\/mb-86-kopia-2\/\">MB-86<\/a><\/h2>\n\t\t\t<p>SYSTEMY OKIENNO-DRZWIOWE Z IZOLACJ\u0104 TERMICZN\u0104<\/p>\n\t\t\t<p>\n\t\t\t\t\t\t\t<\/p>\n        <\/div>\n\t\t<div class=\"product-read\">\n\t\t\t<a href=\"https:\/\/alutrast.pl\/en\/oferta\/non%20class\u00e9\/mb-86-kopia-2\/\" data-quantity=\"1\" class=\"button product_type_simple\" data-product_id=\"5167\" data-product_sku=\"\" aria-label=\"En savoir plus sur &ldquo;MB-86&rdquo;\" rel=\"nofollow\">Lire la suite<\/a>\t\t<\/div>\n    <\/div>\n<\/div>\n\n<div class=\"col-md-3 col-sm-6 product-item product type-product post-5161 status-publish first instock has-post-thumbnail shipping-taxable product-type-simple\">\n\t<div class=\"shop-product-single\">\n        <div class=\"product-img\">\n            <a href=\"https:\/\/alutrast.pl\/en\/oferta\/non%20class\u00e9\/mb-104-passive-3\/\">\n        \t \n            <img width=\"300\" height=\"300\" src=\"https:\/\/alutrast.pl\/wp-content\/uploads\/2019\/12\/mb-104_aero-300x300.jpg\" class=\"attachment-woocommerce_thumbnail size-woocommerce_thumbnail\" alt=\"\" loading=\"lazy\" srcset=\"https:\/\/alutrast.pl\/wp-content\/uploads\/2019\/12\/mb-104_aero-300x300.jpg 300w, https:\/\/alutrast.pl\/wp-content\/uploads\/2019\/12\/mb-104_aero-180x180.jpg 180w, https:\/\/alutrast.pl\/wp-content\/uploads\/2019\/12\/mb-104_aero-100x100.jpg 100w\" sizes=\"(max-width: 300px) 100vw, 300px\" \/>            <\/a>\n            <div class=\"product-price-in-thumb\">\n               \n \n            <\/div>\n        <\/div>\n                <div class=\"product-content\">\n\t        <h2><a href=\"https:\/\/alutrast.pl\/en\/oferta\/non%20class\u00e9\/mb-104-passive-3\/\">MB-104 PASSIVE<\/a><\/h2>\n\t\t\t<p>O NAJWY\u017bSZEJ IZOLACJI TERMICZNEJ<\/p>\n\t\t\t<p>\n\t\t\t\t\t\t\t<\/p>\n        <\/div>\n\t\t<div class=\"product-read\">\n\t\t\t<a href=\"https:\/\/alutrast.pl\/en\/oferta\/non%20class\u00e9\/mb-104-passive-3\/\" data-quantity=\"1\" class=\"button product_type_simple\" data-product_id=\"5161\" data-product_sku=\"\" aria-label=\"En savoir plus sur &ldquo;MB-104 PASSIVE&rdquo;\" rel=\"nofollow\">Lire la suite<\/a>\t\t<\/div>\n    <\/div>\n<\/div>\n\n<\/div>\n<\/div>\n<\/div>[vc_empty_space height=\u00a0\u00bb50px\u00a0\u00bb][\/vc_column][\/vc_row][vc_section][vc_row][vc_column][vc_column_text]<\/p>\n<div class=\"block-text text--size-20\">\n<p>Les syst\u00e8mes de fen\u00eatres en aluminium Alutrast trouvent leur place non seulement dans le secteur r\u00e9sidentiel, mais aussi comme vitrines de bureaux, devantures de magasins, etc. Il est possible de les utiliser de multiples fa\u00e7ons. Ils peuvent \u00eatre utilis\u00e9s comme fen\u00eatres, portes, et servent en m\u00eame temps de vitrines. En fonction de la finalit\u00e9, vous pouvez distinguer de nombreux mod\u00e8les de vitrines, dont le design devient parfait par rapport \u00e0 leur finalit\u00e9. Il existe des syst\u00e8mes dont l&rsquo;\u00e9paisseur et les propri\u00e9t\u00e9s exactes r\u00e9pondent parfaitement aux besoins des clients les plus exigeants.<\/p>\n<p>&nbsp;<\/p>\n<h2>Mod\u00e8les de vitrine en aluminium<\/h2>\n<p>Voici certains des mod\u00e8les les plus populaires de vitrines \u00e0 usage industriel :<\/p>\n<ul>\n<li>le mod\u00e8le MB-104 PASSIVE, qui b\u00e9n\u00e9ficie d&rsquo;excellentes propri\u00e9t\u00e9s d&rsquo;isolation thermique et acoustique,<\/li>\n<li>un syst\u00e8me de portes-fen\u00eatres avec de telles applications, dont le mod\u00e8le MB-45 est un exemple,<\/li>\n<li>la vitrine \u00e0 double vitrage MB-59HS, qui assure une bonne protection thermique et acoustique,<\/li>\n<li>des vitrines avec des profil\u00e9s \u00e9troits en aluminium MB-86,<\/li>\n<li>les syst\u00e8mes coulissants MB-SLIDE et MB-SLIDE ST.<\/li>\n<\/ul>\n<p>&nbsp;<\/p>\n<h2>Types d&rsquo;ouverture des syst\u00e8mes en aluminium<\/h2>\n<p>Les mod\u00e8les de vitrines pr\u00e9sent\u00e9s sont ceux avec diff\u00e9rents syst\u00e8mes d&rsquo;ouverture. Les mod\u00e8les MB-40 PASSIVE ou MB-45 s&rsquo;ouvrent classiquement, \u00e0 l&rsquo;aide de charni\u00e8res int\u00e9gr\u00e9es, comme les mod\u00e8les \u00e9troits MB-FERROLINE. Les fen\u00eatres des s\u00e9ries MB-SLIDE et MB-SLIDE ST ont un syst\u00e8me d&rsquo;ouverture coulissant. Pr\u00eatez \u00e9galement attention aux vitrines \u00e0 charni\u00e8res, telles que les mod\u00e8les MB-60 ou MB-70. Leur mode d&rsquo;ouverture facilite grandement la manipulation interne et l&rsquo;assemblage des ajouts n\u00e9cessaires, des panneaux publicitaires, des photos, etc.<\/p>\n<p>&nbsp;<\/p>\n<h2>Qu&rsquo;est-ce qui distingue les vitrines Alutrast de la concurrence ?<\/h2>\n<p>La marque Alutrast propose des vitrines de portes-fen\u00eatres en aluminium aux caract\u00e9ristiques irrempla\u00e7ables. Tous les produits sont fabriqu\u00e9s \u00e0 partir de mat\u00e9riaux de la plus haute qualit\u00e9 et pr\u00e9sentent des caract\u00e9ristiques inalt\u00e9rables et ind\u00e9pendantes des conditions ext\u00e9rieures. En fonction des besoins, il est possible de s\u00e9lectionner des vitrines offrant le niveau d&rsquo;insonorisation et de protection contre les pertes de temp\u00e9rature. La forme finale des vitrines s\u00e9lectionn\u00e9es d\u00e9pend du type et de l&rsquo;aspect ext\u00e9rieur des mat\u00e9riaux utilis\u00e9s pour leur fabrication. En outre, les menuiseries Alutrast sont fabriqu\u00e9es de telle sorte que l&rsquo;installation de vitrines est possible sans avoir \u00e0 retirer les cadres pr\u00e9c\u00e9dents, ce qui est le cas lors de l&rsquo;adaptation de b\u00e2timents anciens et historiques.<\/p>\n<p>C&rsquo;est pourquoi notre marque est si populaire et pr\u00e9sente des caract\u00e9ristiques int\u00e9ressantes. Tout cela gr\u00e2ce \u00e0 son adaptation aux b\u00e2timents classiques et modernes.<\/p>\n<\/div>\n<p>[\/vc_column_text][\/vc_column][\/vc_row][\/vc_section][vc_row][vc_column][vc_raw_js]JTNDc2NyaXB0JTNFJTIwJTBBJTI0JTI4JTIyLnRhZ2dlZF9hcyUyMCUzRSUyMGElMjIlMjkuYXR0ciUyOCUyMmhyZWYlMjIlMkMlMjAlMjclMjMlMjclMjklM0IlMEElM0MlMkZzY3JpcHQlM0U=[\/vc_raw_js][\/vc_column][\/vc_row]<\/p>\n","protected":false},"excerpt":{"rendered":"<p>[vc_row full_width=\u00a0\u00bbstretch_row\u00a0\u00bb css=\u00a0\u00bb.vc_custom_1577715346289{padding-top: 230px !important;padding-bottom: 250px !important;background-image: url(https:\/\/alutrast.pl\/wp-content\/uploads\/2019\/12\/witryny_al.jpg?id=2789) !important;background-position: center !important;background-repeat: no-repeat !important;background-size: cover !important;}\u00a0\u00bb el_class=\u00a0\u00bbheader-img\u00a0\u00bb][vc_column][vc_column_text el_class=\u00a0\u00bbhind-font h3&Prime; css=\u00a0\u00bb.vc_custom_1627560802545{margin-bottom: 0px !important;padding-bottom: 0px !important;}\u00a0\u00bb] Vitrines en aluminium [\/vc_column_text][vc_column_text] Des solutions modernes et compl\u00e8tes. Produits ALUTRAST [\/vc_column_text][vc_single_image image=\u00a0\u00bb2536&Prime; img_size=\u00a0\u00bbmedium\u00a0\u00bb alignment=\u00a0\u00bbcenter\u00a0\u00bb css=\u00a0\u00bb.vc_custom_1573814568029{margin-bottom: 0px !important;padding-bottom: 0px !important;}\u00a0\u00bb][\/vc_column][\/vc_row][vc_row css=\u00a0\u00bb.vc_custom_1574062790074{margin-top: -230px !important;padding-top: 50px !important;}\u00a0\u00bb][vc_column][vc_empty_space height=\u00a0\u00bb50px\u00a0\u00bb][\/vc_column][\/vc_row][vc_section][vc_row][vc_column][vc_column_text] Les syst\u00e8mes de fen\u00eatres en aluminium [&hellip;]<\/p>\n","protected":false},"author":2,"featured_media":0,"parent":4135,"menu_order":2,"comment_status":"closed","ping_status":"closed","template":"page-template\/blank-page.php","meta":[],"_links":{"self":[{"href":"https:\/\/alutrast.pl\/fr\/wp-json\/wp\/v2\/pages\/4204"}],"collection":[{"href":"https:\/\/alutrast.pl\/fr\/wp-json\/wp\/v2\/pages"}],"about":[{"href":"https:\/\/alutrast.pl\/fr\/wp-json\/wp\/v2\/types\/page"}],"author":[{"embeddable":true,"href":"https:\/\/alutrast.pl\/fr\/wp-json\/wp\/v2\/users\/2"}],"replies":[{"embeddable":true,"href":"https:\/\/alutrast.pl\/fr\/wp-json\/wp\/v2\/comments?post=4204"}],"version-history":[{"count":3,"href":"https:\/\/alutrast.pl\/fr\/wp-json\/wp\/v2\/pages\/4204\/revisions"}],"predecessor-version":[{"id":5115,"href":"https:\/\/alutrast.pl\/fr\/wp-json\/wp\/v2\/pages\/4204\/revisions\/5115"}],"up":[{"embeddable":true,"href":"https:\/\/alutrast.pl\/fr\/wp-json\/wp\/v2\/pages\/4135"}],"wp:attachment":[{"href":"https:\/\/alutrast.pl\/fr\/wp-json\/wp\/v2\/media?parent=4204"}],"curies":[{"name":"wp","href":"https:\/\/api.w.org\/{rel}","templated":true}]}}