{"id":4219,"date":"2019-11-08T11:25:08","date_gmt":"2019-11-08T10:25:08","guid":{"rendered":"https:\/\/alutrast.pl\/oferta\/slusarka-przeciwpozarowa\/"},"modified":"2021-07-29T14:27:13","modified_gmt":"2021-07-29T12:27:13","slug":"menuiserie-de-protection-contre-lincendie","status":"publish","type":"page","link":"https:\/\/alutrast.pl\/fr\/notre-offre\/menuiserie-de-protection-contre-lincendie\/","title":{"rendered":"Menuiserie de protection contre l&rsquo;incendie"},"content":{"rendered":"<p>[vc_row full_width=\u00a0\u00bbstretch_row\u00a0\u00bb css=\u00a0\u00bb.vc_custom_1577715468875{padding-top: 230px !important;padding-bottom: 250px !important;background-image: url(https:\/\/alutrast.pl\/wp-content\/uploads\/2019\/12\/slusarka_antypozarowa.jpg?id=2791) !important;background-position: center !important;background-repeat: no-repeat !important;background-size: cover !important;}\u00a0\u00bb el_class=\u00a0\u00bbheader-img\u00a0\u00bb][vc_column][vc_column_text el_class=\u00a0\u00bbhind-font h3&Prime; css=\u00a0\u00bb.vc_custom_1627561430664{margin-bottom: 0px !important;padding-bottom: 0px !important;}\u00a0\u00bb]<\/p>\n<h1 class=\"white hind-font large-font\" style=\"text-align: center;\">Menuiserie de protection contre l&rsquo;incendie<\/h1>\n<p>[\/vc_column_text][vc_column_text]<\/p>\n<div class=\"white\" style=\"text-align: center;\">Des solutions modernes et compl\u00e8tes.<br \/>\nProduits ALUTRAST<\/div>\n<p>[\/vc_column_text][\/vc_column][\/vc_row][vc_row css=\u00a0\u00bb.vc_custom_1574063097249{margin-top: -230px !important;padding-top: 50px !important;}\u00a0\u00bb][vc_column]<div class=\"woocommerce columns-4 \"><div class=\"main-products-wrapper\">\n<div class=\"row\">\n<div class=\"col-md-3 col-sm-6 product-item product type-product post-5287 status-publish first instock product_cat-systemy-ppoz-fr product_tag-izolacyjnosc-termiczna-fr product_tag-odpornosc-na-uderzenie-fr product_tag-przeciwpozarowa-fr product_tag-przepuszczalnosc-powietrza-fr product_tag-wodoszczelnosc-fr has-post-thumbnail featured shipping-taxable product-type-simple\">\n\t<div class=\"shop-product-single\">\n        <div class=\"product-img\">\n            <a href=\"https:\/\/alutrast.pl\/fr\/oferta\/systemy-ppoz-fr\/mb-78ei\/\">\n        \t \n            <img width=\"300\" height=\"300\" src=\"https:\/\/alutrast.pl\/wp-content\/uploads\/2020\/01\/1111-300x300.jpg\" class=\"attachment-woocommerce_thumbnail size-woocommerce_thumbnail\" alt=\"\" loading=\"lazy\" srcset=\"https:\/\/alutrast.pl\/wp-content\/uploads\/2020\/01\/1111-300x300.jpg 300w, https:\/\/alutrast.pl\/wp-content\/uploads\/2020\/01\/1111-180x180.jpg 180w, https:\/\/alutrast.pl\/wp-content\/uploads\/2020\/01\/1111-100x100.jpg 100w\" sizes=\"(max-width: 300px) 100vw, 300px\" \/>            <\/a>\n            <div class=\"product-price-in-thumb\">\n               \n \n            <\/div>\n        <\/div>\n                <div class=\"product-content\">\n\t        <h2><a href=\"https:\/\/alutrast.pl\/fr\/oferta\/systemy-ppoz-fr\/mb-78ei\/\">MB-78EI<\/a><\/h2>\n\t\t\t<p>PRZEGRODY PRZECIWPO\u017bAROWE Z DRZWIAMI W KLASACH EI15 DO EI90<\/p>\n\t\t\t<p>\n\t\t\t\t<span class=\"tagged_as\"> <a href=\"https:\/\/alutrast.pl\/fr\/tag-produktu\/izolacyjnosc-termiczna-fr\/\" rel=\"tag\">Izolacyjno\u015b\u0107 termiczna<\/a> <a href=\"https:\/\/alutrast.pl\/fr\/tag-produktu\/odpornosc-na-uderzenie-fr\/\" rel=\"tag\">Odporno\u015b\u0107 na uderzenie<\/a> <a href=\"https:\/\/alutrast.pl\/fr\/tag-produktu\/przeciwpozarowa-fr\/\" rel=\"tag\">Przeciwpo\u017carowa<\/a> <a href=\"https:\/\/alutrast.pl\/fr\/tag-produktu\/przepuszczalnosc-powietrza-fr\/\" rel=\"tag\">Przepuszczalno\u015b\u0107 powietrza<\/a> <a href=\"https:\/\/alutrast.pl\/fr\/tag-produktu\/wodoszczelnosc-fr\/\" rel=\"tag\">Wodoszczelno\u015b\u0107<\/a><\/span>\t\t\t<\/p>\n        <\/div>\n\t\t<div class=\"product-read\">\n\t\t\t<a href=\"https:\/\/alutrast.pl\/fr\/oferta\/systemy-ppoz-fr\/mb-78ei\/\" data-quantity=\"1\" class=\"button product_type_simple\" data-product_id=\"5287\" data-product_sku=\"\" aria-label=\"En savoir plus sur &ldquo;MB-78EI&rdquo;\" rel=\"nofollow\">Lire la suite<\/a>\t\t<\/div>\n    <\/div>\n<\/div>\n\n<div class=\"col-md-3 col-sm-6 product-item product type-product post-5341 status-publish instock product_cat-systemy-ppoz-fr product_tag-izolacyjnosc-termiczna-fr product_tag-odpornosc-na-uderzenie-fr product_tag-przeciwpozarowa-fr product_tag-przepuszczalnosc-powietrza-fr product_tag-wodoszczelnosc-fr has-post-thumbnail shipping-taxable product-type-simple\">\n\t<div class=\"shop-product-single\">\n        <div class=\"product-img\">\n            <a href=\"https:\/\/alutrast.pl\/fr\/oferta\/systemy-ppoz-fr\/mb-sr50n-ei-mb-sr50n-ei-efekt\/\">\n        \t \n            <img width=\"300\" height=\"300\" src=\"https:\/\/alutrast.pl\/wp-content\/uploads\/2019\/12\/mbsr50n.ei_300-300x300.jpg\" class=\"attachment-woocommerce_thumbnail size-woocommerce_thumbnail\" alt=\"\" loading=\"lazy\" srcset=\"https:\/\/alutrast.pl\/wp-content\/uploads\/2019\/12\/mbsr50n.ei_300-300x300.jpg 300w, https:\/\/alutrast.pl\/wp-content\/uploads\/2019\/12\/mbsr50n.ei_300-180x180.jpg 180w, https:\/\/alutrast.pl\/wp-content\/uploads\/2019\/12\/mbsr50n.ei_300-100x100.jpg 100w\" sizes=\"(max-width: 300px) 100vw, 300px\" \/>            <\/a>\n            <div class=\"product-price-in-thumb\">\n               \n \n            <\/div>\n        <\/div>\n                <div class=\"product-content\">\n\t        <h2><a href=\"https:\/\/alutrast.pl\/fr\/oferta\/systemy-ppoz-fr\/mb-sr50n-ei-mb-sr50n-ei-efekt\/\">MB-SR50N EI, MB-SR50N EI EFEKT<\/a><\/h2>\n\t\t\t<div class=\"headline headline--cert headline--cert-desktop padding--md-top-0\">\n<div class=\"headline headline--cert headline--cert-desktop padding--md-top-0\">\n<div class=\"headline headline--cert headline--cert-desktop padding--md-top-0\">\n<div class=\"headline headline--cert headline--cert-desktop padding--md-top-0\">\n<p>\u015aCIANA S\u0141UPOWO-RYGLOWA PRZECIWPO\u017bAROWA<\/p>\n<\/div>\n<\/div>\n<\/div>\n<\/div>\n\t\t\t<p>\n\t\t\t\t<span class=\"tagged_as\"> <a href=\"https:\/\/alutrast.pl\/fr\/tag-produktu\/izolacyjnosc-termiczna-fr\/\" rel=\"tag\">Izolacyjno\u015b\u0107 termiczna<\/a> <a href=\"https:\/\/alutrast.pl\/fr\/tag-produktu\/odpornosc-na-uderzenie-fr\/\" rel=\"tag\">Odporno\u015b\u0107 na uderzenie<\/a> <a href=\"https:\/\/alutrast.pl\/fr\/tag-produktu\/przeciwpozarowa-fr\/\" rel=\"tag\">Przeciwpo\u017carowa<\/a> <a href=\"https:\/\/alutrast.pl\/fr\/tag-produktu\/przepuszczalnosc-powietrza-fr\/\" rel=\"tag\">Przepuszczalno\u015b\u0107 powietrza<\/a> <a href=\"https:\/\/alutrast.pl\/fr\/tag-produktu\/wodoszczelnosc-fr\/\" rel=\"tag\">Wodoszczelno\u015b\u0107<\/a><\/span>\t\t\t<\/p>\n        <\/div>\n\t\t<div class=\"product-read\">\n\t\t\t<a href=\"https:\/\/alutrast.pl\/fr\/oferta\/systemy-ppoz-fr\/mb-sr50n-ei-mb-sr50n-ei-efekt\/\" data-quantity=\"1\" class=\"button product_type_simple\" data-product_id=\"5341\" data-product_sku=\"\" aria-label=\"En savoir plus sur &ldquo;MB-SR50N EI, MB-SR50N EI EFEKT&rdquo;\" rel=\"nofollow\">Lire la suite<\/a>\t\t<\/div>\n    <\/div>\n<\/div>\n\n<div class=\"col-md-3 col-sm-6 product-item product type-product post-5316 status-publish instock product_cat-systemy-ppoz-fr product_tag-izolacyjnosc-termiczna-fr product_tag-odpornosc-na-uderzenie-fr product_tag-przeciwpozarowa-fr product_tag-przepuszczalnosc-powietrza-fr product_tag-wodoszczelnosc-fr has-post-thumbnail shipping-taxable product-type-simple\">\n\t<div class=\"shop-product-single\">\n        <div class=\"product-img\">\n            <a href=\"https:\/\/alutrast.pl\/fr\/oferta\/systemy-ppoz-fr\/mb-60e-ei\/\">\n        \t \n            <img width=\"300\" height=\"300\" src=\"https:\/\/alutrast.pl\/wp-content\/uploads\/2020\/01\/mb-60e_drzwi-300x300.jpg\" class=\"attachment-woocommerce_thumbnail size-woocommerce_thumbnail\" alt=\"\" loading=\"lazy\" srcset=\"https:\/\/alutrast.pl\/wp-content\/uploads\/2020\/01\/mb-60e_drzwi-300x300.jpg 300w, https:\/\/alutrast.pl\/wp-content\/uploads\/2020\/01\/mb-60e_drzwi-180x180.jpg 180w, https:\/\/alutrast.pl\/wp-content\/uploads\/2020\/01\/mb-60e_drzwi-100x100.jpg 100w\" sizes=\"(max-width: 300px) 100vw, 300px\" \/>            <\/a>\n            <div class=\"product-price-in-thumb\">\n               \n \n            <\/div>\n        <\/div>\n                <div class=\"product-content\">\n\t        <h2><a href=\"https:\/\/alutrast.pl\/fr\/oferta\/systemy-ppoz-fr\/mb-60e-ei\/\">MB-60E EI<\/a><\/h2>\n\t\t\t<p>BARRI\u00c8RES COUPE-FEU AVEC PORTES EN CLASSES EI15, EI30<\/p>\n\t\t\t<p>\n\t\t\t\t<span class=\"tagged_as\"> <a href=\"https:\/\/alutrast.pl\/fr\/tag-produktu\/izolacyjnosc-termiczna-fr\/\" rel=\"tag\">Izolacyjno\u015b\u0107 termiczna<\/a> <a href=\"https:\/\/alutrast.pl\/fr\/tag-produktu\/odpornosc-na-uderzenie-fr\/\" rel=\"tag\">Odporno\u015b\u0107 na uderzenie<\/a> <a href=\"https:\/\/alutrast.pl\/fr\/tag-produktu\/przeciwpozarowa-fr\/\" rel=\"tag\">Przeciwpo\u017carowa<\/a> <a href=\"https:\/\/alutrast.pl\/fr\/tag-produktu\/przepuszczalnosc-powietrza-fr\/\" rel=\"tag\">Przepuszczalno\u015b\u0107 powietrza<\/a> <a href=\"https:\/\/alutrast.pl\/fr\/tag-produktu\/wodoszczelnosc-fr\/\" rel=\"tag\">Wodoszczelno\u015b\u0107<\/a><\/span>\t\t\t<\/p>\n        <\/div>\n\t\t<div class=\"product-read\">\n\t\t\t<a href=\"https:\/\/alutrast.pl\/fr\/oferta\/systemy-ppoz-fr\/mb-60e-ei\/\" data-quantity=\"1\" class=\"button product_type_simple\" data-product_id=\"5316\" data-product_sku=\"\" aria-label=\"En savoir plus sur &ldquo;MB-60E EI&rdquo;\" rel=\"nofollow\">Lire la suite<\/a>\t\t<\/div>\n    <\/div>\n<\/div>\n\n<\/div>\n<\/div>\n<\/div>[vc_empty_space height=\u00a0\u00bb50px\u00a0\u00bb][\/vc_column][\/vc_row][vc_section][vc_row][vc_column][vc_column_text]Tout le monde sait combien la protection contre les incendies des b\u00e2timents est importante. Il ne s&rsquo;agit pas seulement de b\u00e2timents industriels, mais aussi de b\u00e2timents d&rsquo;un usage priv\u00e9. Les syst\u00e8mes de protection contre les incendies et d&rsquo;\u00e9vacuation des fum\u00e9es doivent \u00eatre pris en compte d\u00e8s le d\u00e9but de la conception du b\u00e2timent. Chacun des murs, portes et fen\u00eatres fabriqu\u00e9s dans la technologie de protection contre l&rsquo;incendie est capable de prot\u00e9ger \u00e9galement la vie humaine et les biens rassembl\u00e9s dans le b\u00e2timent. La marque Alutrast a mis en place les syst\u00e8mes de s\u00e9curit\u00e9 susmentionn\u00e9s afin d&rsquo;assurer un haut niveau de s\u00e9curit\u00e9 et de faciliter l&rsquo;\u00e9vacuation.<\/p>\n<p>&nbsp;<\/p>\n<h2>Syst\u00e8mes de protection contre l&rsquo;incendie<\/h2>\n<p>Compte tenu de ces solutions, l&rsquo;offre comprend des produits de construction de fa\u00e7ade li\u00e9s aux syst\u00e8mes de portes et fen\u00eatres et tous ceux bas\u00e9s sur des syst\u00e8mes de fa\u00e7ade de murs-rideaux. Nous pouvons affirmer avec certitude que les classes de r\u00e9sistance au feu sont suffisamment \u00e9lev\u00e9es pour les structures verticales et horizontales. Elles sont incluses dans les classes EI15 \u00e0 EI120 pour les structures verticales et REI30 \u00e0 RE30 pour les toitures.<\/p>\n<p>Les groupes de produits qui sont les plus responsables de la protection et de la s\u00e9curit\u00e9 des occupants lors d&rsquo;un incendie comprennent sans aucun doute :<\/p>\n<ul>\n<li>des syst\u00e8mes de fa\u00e7ade de murs-rideaux MB-SR50N EI,<\/li>\n<li>des murs coupe-feu MB-SR50N EI EFEKT,<\/li>\n<li>des portes coupe-feu coulissantes avec commande automatique &#8211; MB-78EI,<\/li>\n<li>des toits vitr\u00e9s coupe-feu cr\u00e9\u00e9s sur la base de syst\u00e8mes de murs-rideaux,<\/li>\n<li>des syst\u00e8mes permettant de cr\u00e9er des cloisons coupe-feu \u00e0 haute r\u00e9sistance au feu.<\/li>\n<\/ul>\n<p>&nbsp;<\/p>\n<h2>Portes coupe-feu<\/h2>\n<p>Outre les syst\u00e8mes de s\u00e9curit\u00e9 mentionn\u00e9s ci-dessus, les solutions qui contribuent \u00e0 maintenir la s\u00e9curit\u00e9 en cas d&rsquo;incendie comprennent \u00e9galement les fen\u00eatres et les volets de d\u00e9senfumage. Il s&rsquo;agit de produits qui ont leur base dans les syst\u00e8mes de fen\u00eatres de base de la s\u00e9rie MB et les solutions de toit, comme les fen\u00eatres basculantes.<\/p>\n<p>La marque Alutrast permet de combiner diff\u00e9rents types de structures pour r\u00e9pondre aux exigences strictes en mati\u00e8re de s\u00e9curit\u00e9 incendie. Un exemple de cette innovation est le syst\u00e8me de porte MB-78EI int\u00e9gr\u00e9 dans la construction et la forme de la fa\u00e7ade. Cela permet de maintenir une classe \u00e9lev\u00e9e de r\u00e9sistance au feu.<\/p>\n<p>Gr\u00e2ce \u00e0 la large gamme de produits de la marque Alutrast, le client a la possibilit\u00e9 de s\u00e9lectionner les produits adapt\u00e9s \u00e0 ses besoins, qui r\u00e9pondront pleinement aux attentes d&rsquo;un haut niveau de s\u00e9curit\u00e9 et de protection en cas d&rsquo;apparition d&rsquo;un incendie et de ses cons\u00e9quences ult\u00e9rieures.[\/vc_column_text][\/vc_column][\/vc_row][\/vc_section][vc_row][vc_column][vc_raw_js]JTNDc2NyaXB0JTNFJTIwJTBBJTI0JTI4JTIyLnRhZ2dlZF9hcyUyMCUzRSUyMGElMjIlMjkuYXR0ciUyOCUyMmhyZWYlMjIlMkMlMjAlMjclMjMlMjclMjklM0IlMEElM0MlMkZzY3JpcHQlM0U=[\/vc_raw_js][\/vc_column][\/vc_row]<\/p>\n","protected":false},"excerpt":{"rendered":"<p>[vc_row full_width=\u00a0\u00bbstretch_row\u00a0\u00bb css=\u00a0\u00bb.vc_custom_1577715468875{padding-top: 230px !important;padding-bottom: 250px !important;background-image: url(https:\/\/alutrast.pl\/wp-content\/uploads\/2019\/12\/slusarka_antypozarowa.jpg?id=2791) !important;background-position: center !important;background-repeat: no-repeat !important;background-size: cover !important;}\u00a0\u00bb el_class=\u00a0\u00bbheader-img\u00a0\u00bb][vc_column][vc_column_text el_class=\u00a0\u00bbhind-font h3&Prime; css=\u00a0\u00bb.vc_custom_1627561430664{margin-bottom: 0px !important;padding-bottom: 0px !important;}\u00a0\u00bb] Menuiserie de protection contre l&rsquo;incendie [\/vc_column_text][vc_column_text] Des solutions modernes et compl\u00e8tes. Produits ALUTRAST [\/vc_column_text][\/vc_column][\/vc_row][vc_row css=\u00a0\u00bb.vc_custom_1574063097249{margin-top: -230px !important;padding-top: 50px !important;}\u00a0\u00bb][vc_column][vc_empty_space height=\u00a0\u00bb50px\u00a0\u00bb][\/vc_column][\/vc_row][vc_section][vc_row][vc_column][vc_column_text]Tout le monde sait combien la protection contre les incendies des b\u00e2timents est [&hellip;]<\/p>\n","protected":false},"author":2,"featured_media":0,"parent":4135,"menu_order":3,"comment_status":"closed","ping_status":"closed","template":"page-template\/blank-page.php","meta":[],"_links":{"self":[{"href":"https:\/\/alutrast.pl\/fr\/wp-json\/wp\/v2\/pages\/4219"}],"collection":[{"href":"https:\/\/alutrast.pl\/fr\/wp-json\/wp\/v2\/pages"}],"about":[{"href":"https:\/\/alutrast.pl\/fr\/wp-json\/wp\/v2\/types\/page"}],"author":[{"embeddable":true,"href":"https:\/\/alutrast.pl\/fr\/wp-json\/wp\/v2\/users\/2"}],"replies":[{"embeddable":true,"href":"https:\/\/alutrast.pl\/fr\/wp-json\/wp\/v2\/comments?post=4219"}],"version-history":[{"count":3,"href":"https:\/\/alutrast.pl\/fr\/wp-json\/wp\/v2\/pages\/4219\/revisions"}],"predecessor-version":[{"id":5117,"href":"https:\/\/alutrast.pl\/fr\/wp-json\/wp\/v2\/pages\/4219\/revisions\/5117"}],"up":[{"embeddable":true,"href":"https:\/\/alutrast.pl\/fr\/wp-json\/wp\/v2\/pages\/4135"}],"wp:attachment":[{"href":"https:\/\/alutrast.pl\/fr\/wp-json\/wp\/v2\/media?parent=4219"}],"curies":[{"name":"wp","href":"https:\/\/api.w.org\/{rel}","templated":true}]}}