{"id":4228,"date":"2020-02-04T11:28:21","date_gmt":"2020-02-04T10:28:21","guid":{"rendered":"https:\/\/alutrast.pl\/oferta\/ogrody-zimowe\/"},"modified":"2021-07-29T13:59:35","modified_gmt":"2021-07-29T11:59:35","slug":"jardins-dhiver","status":"publish","type":"page","link":"https:\/\/alutrast.pl\/fr\/notre-offre\/jardins-dhiver\/","title":{"rendered":"Jardins d&rsquo;Hiver"},"content":{"rendered":"<p>[vc_row full_width=\u00a0\u00bbstretch_row\u00a0\u00bb content_placement=\u00a0\u00bbtop\u00a0\u00bb css=\u00a0\u00bb.vc_custom_1580815293978{padding-top: 230px !important;padding-bottom: 250px !important;background-image: url(https:\/\/alutrast.pl\/wp-content\/uploads\/2020\/02\/og-zim5a.jpg?id=3005) !important;background-position: center !important;background-repeat: no-repeat !important;background-size: cover !important;}\u00a0\u00bb el_class=\u00a0\u00bbheader-img\u00a0\u00bb][vc_column][vc_column_text el_class=\u00a0\u00bbhind-font h3&Prime; css=\u00a0\u00bb.vc_custom_1627559630574{margin-bottom: 0px !important;padding-bottom: 0px !important;}\u00a0\u00bb]<\/p>\n<h1 class=\"white hind-font large-font\" style=\"text-align: left;\">Jardins d&rsquo;Hiver<\/h1>\n<p>[\/vc_column_text][vc_column_text]<\/p>\n<div class=\"white\" style=\"text-align: left;\">Des solutions modernes et compl\u00e8tes.<br \/>\nProduits ALUTRAST<\/div>\n<p>[\/vc_column_text][\/vc_column][\/vc_row][vc_row css=\u00a0\u00bb.vc_custom_1573831137275{margin-top: -230px !important;padding-top: 50px !important;}\u00a0\u00bb][vc_column css=\u00a0\u00bb.vc_custom_1573831466399{border-radius: 3px !important;}\u00a0\u00bb]<div class=\"woocommerce columns-4 \"><div class=\"main-products-wrapper\">\n<div class=\"row\">\n<div class=\"col-md-3 col-sm-6 product-item product type-product post-5276 status-publish first instock has-post-thumbnail shipping-taxable product-type-simple\">\n\t<div class=\"shop-product-single\">\n        <div class=\"product-img\">\n            <a href=\"https:\/\/alutrast.pl\/de\/oferta\/non%20class\u00e9\/mb-sr50n-hi-2\/\">\n        \t \n            <img width=\"300\" height=\"300\" src=\"https:\/\/alutrast.pl\/wp-content\/uploads\/2019\/12\/185_mb-sr50n_hi-nowe-listwy_logo-1-300x300.jpg\" class=\"attachment-woocommerce_thumbnail size-woocommerce_thumbnail\" alt=\"\" loading=\"lazy\" srcset=\"https:\/\/alutrast.pl\/wp-content\/uploads\/2019\/12\/185_mb-sr50n_hi-nowe-listwy_logo-1-300x300.jpg 300w, https:\/\/alutrast.pl\/wp-content\/uploads\/2019\/12\/185_mb-sr50n_hi-nowe-listwy_logo-1-180x180.jpg 180w, https:\/\/alutrast.pl\/wp-content\/uploads\/2019\/12\/185_mb-sr50n_hi-nowe-listwy_logo-1-350x350.jpg 350w, https:\/\/alutrast.pl\/wp-content\/uploads\/2019\/12\/185_mb-sr50n_hi-nowe-listwy_logo-1-768x768.jpg 768w, https:\/\/alutrast.pl\/wp-content\/uploads\/2019\/12\/185_mb-sr50n_hi-nowe-listwy_logo-1-1024x1024.jpg 1024w, https:\/\/alutrast.pl\/wp-content\/uploads\/2019\/12\/185_mb-sr50n_hi-nowe-listwy_logo-1-600x600.jpg 600w, https:\/\/alutrast.pl\/wp-content\/uploads\/2019\/12\/185_mb-sr50n_hi-nowe-listwy_logo-1-100x100.jpg 100w, https:\/\/alutrast.pl\/wp-content\/uploads\/2019\/12\/185_mb-sr50n_hi-nowe-listwy_logo-1.jpg 1200w\" sizes=\"(max-width: 300px) 100vw, 300px\" \/>            <\/a>\n            <div class=\"product-price-in-thumb\">\n               \n \n            <\/div>\n        <\/div>\n                <div class=\"product-content\">\n\t        <h2><a href=\"https:\/\/alutrast.pl\/de\/oferta\/non%20class\u00e9\/mb-sr50n-hi-2\/\">MB-SR50N HI<\/a><\/h2>\n\t\t\t<div class=\"headline headline--cert headline--cert-desktop padding--md-top-0\">\n<div class=\"headline headline--cert headline--cert-desktop padding--md-top-0\">\n<p>\u015aCIANA S\u0141UPOWO-RYGLOWA O PODWY\u017bSZONEJ IZOLACYJNO\u015aCI TERMICZNEJ<\/p>\n<\/div>\n<\/div>\n\t\t\t<p>\n\t\t\t\t\t\t\t<\/p>\n        <\/div>\n\t\t<div class=\"product-read\">\n\t\t\t<a href=\"https:\/\/alutrast.pl\/de\/oferta\/non%20class\u00e9\/mb-sr50n-hi-2\/\" data-quantity=\"1\" class=\"button product_type_simple\" data-product_id=\"5276\" data-product_sku=\"\" aria-label=\"En savoir plus sur &ldquo;MB-SR50N HI&rdquo;\" rel=\"nofollow\">Lire la suite<\/a>\t\t<\/div>\n    <\/div>\n<\/div>\n\n<div class=\"col-md-3 col-sm-6 product-item product type-product post-5159 status-publish instock has-post-thumbnail shipping-taxable product-type-simple\">\n\t<div class=\"shop-product-single\">\n        <div class=\"product-img\">\n            <a href=\"https:\/\/alutrast.pl\/de\/oferta\/non%20class\u00e9\/mb-sr50n-efekt\/\">\n        \t \n            <img width=\"300\" height=\"300\" src=\"https:\/\/alutrast.pl\/wp-content\/uploads\/2019\/12\/mb-sr50n_efekt-300x300.jpg\" class=\"attachment-woocommerce_thumbnail size-woocommerce_thumbnail\" alt=\"\" loading=\"lazy\" srcset=\"https:\/\/alutrast.pl\/wp-content\/uploads\/2019\/12\/mb-sr50n_efekt-300x300.jpg 300w, https:\/\/alutrast.pl\/wp-content\/uploads\/2019\/12\/mb-sr50n_efekt-180x180.jpg 180w, https:\/\/alutrast.pl\/wp-content\/uploads\/2019\/12\/mb-sr50n_efekt-100x100.jpg 100w\" sizes=\"(max-width: 300px) 100vw, 300px\" \/>            <\/a>\n            <div class=\"product-price-in-thumb\">\n               \n \n            <\/div>\n        <\/div>\n                <div class=\"product-content\">\n\t        <h2><a href=\"https:\/\/alutrast.pl\/de\/oferta\/non%20class\u00e9\/mb-sr50n-efekt\/\">MB-SR50N EFEKT<\/a><\/h2>\n\t\t\t<div class=\"headline headline--cert headline--cert-desktop padding--md-top-0\">\n<div class=\"headline headline--cert headline--cert-desktop padding--md-top-0\">\n<div class=\"headline headline--cert headline--cert-desktop padding--md-top-0\">\n<p>FASADA P\u00d3\u0141STRUKTURALNA<\/p>\n<\/div>\n<\/div>\n<\/div>\n\t\t\t<p>\n\t\t\t\t\t\t\t<\/p>\n        <\/div>\n\t\t<div class=\"product-read\">\n\t\t\t<a href=\"https:\/\/alutrast.pl\/de\/oferta\/non%20class\u00e9\/mb-sr50n-efekt\/\" data-quantity=\"1\" class=\"button product_type_simple\" data-product_id=\"5159\" data-product_sku=\"\" aria-label=\"En savoir plus sur &ldquo;MB-SR50N EFEKT&rdquo;\" rel=\"nofollow\">Lire la suite<\/a>\t\t<\/div>\n    <\/div>\n<\/div>\n\n<div class=\"col-md-3 col-sm-6 product-item product type-product post-5214 status-publish instock has-post-thumbnail shipping-taxable product-type-simple\">\n\t<div class=\"shop-product-single\">\n        <div class=\"product-img\">\n            <a href=\"https:\/\/alutrast.pl\/de\/oferta\/non%20class\u00e9\/mb-sr50n-hi\/\">\n        \t \n            <img width=\"300\" height=\"300\" src=\"https:\/\/alutrast.pl\/wp-content\/uploads\/2019\/12\/185_mb-sr50n_hi-nowe-listwy_logo-300x300.jpg\" class=\"attachment-woocommerce_thumbnail size-woocommerce_thumbnail\" alt=\"\" loading=\"lazy\" srcset=\"https:\/\/alutrast.pl\/wp-content\/uploads\/2019\/12\/185_mb-sr50n_hi-nowe-listwy_logo-300x300.jpg 300w, https:\/\/alutrast.pl\/wp-content\/uploads\/2019\/12\/185_mb-sr50n_hi-nowe-listwy_logo-180x180.jpg 180w, https:\/\/alutrast.pl\/wp-content\/uploads\/2019\/12\/185_mb-sr50n_hi-nowe-listwy_logo-350x350.jpg 350w, https:\/\/alutrast.pl\/wp-content\/uploads\/2019\/12\/185_mb-sr50n_hi-nowe-listwy_logo-768x768.jpg 768w, https:\/\/alutrast.pl\/wp-content\/uploads\/2019\/12\/185_mb-sr50n_hi-nowe-listwy_logo-1024x1024.jpg 1024w, https:\/\/alutrast.pl\/wp-content\/uploads\/2019\/12\/185_mb-sr50n_hi-nowe-listwy_logo-600x600.jpg 600w, https:\/\/alutrast.pl\/wp-content\/uploads\/2019\/12\/185_mb-sr50n_hi-nowe-listwy_logo-100x100.jpg 100w, https:\/\/alutrast.pl\/wp-content\/uploads\/2019\/12\/185_mb-sr50n_hi-nowe-listwy_logo.jpg 1200w\" sizes=\"(max-width: 300px) 100vw, 300px\" \/>            <\/a>\n            <div class=\"product-price-in-thumb\">\n               \n \n            <\/div>\n        <\/div>\n                <div class=\"product-content\">\n\t        <h2><a href=\"https:\/\/alutrast.pl\/de\/oferta\/non%20class\u00e9\/mb-sr50n-hi\/\">MB-SR50N HI+<\/a><\/h2>\n\t\t\t<p>[vc_row css=\u00a0\u00bb.vc_custom_1576836637897{padding-top: 40px !important;background-color: #0b4f6c !important;border-radius: 5px !important;}\u00a0\u00bb][vc_column][vc_column_text] Dane techniczne [\/vc_column_text][\/vc_column][\/vc_row][vc_row css=\u00a0\u00bb.vc_custom_1576836647491{margin-top: -40px !important;margin-bottom: 40px !important;background-color: #0b4f6c !important;border-radius: 5px !important;}\u00a0\u00bb][vc_column width=\u00a0\u00bb1\/2&Prime;][vc_column_text] AE 1200 Pa W\/(m2K) Przepuszczalno\u015b\u0107 powietrza [\/vc_column_text][vc_column_text] I5\/E5 EN 14019 Odporno\u015b\u0107 na uderzenie [\/vc_column_text][\/vc_column][vc_column width=\u00a0\u00bb1\/2&Prime;][vc_column_text] RE 1200 Pa EN 12154 Wodoszczelno\u015b\u0107 [\/vc_column_text][vc_column_text] Uf od 0,59 W\/(m2K) Izolacyjno\u015b\u0107 termiczna [\/vc_column_text][\/vc_column][\/vc_row][vc_row][vc_column width=\u00a0\u00bb2\/3&Prime;][vc_column_text] System fasady s\u0142upowo-ryglowej MB-SR50N [&hellip;]<\/p>\n\t\t\t<p>\n\t\t\t\t\t\t\t<\/p>\n        <\/div>\n\t\t<div class=\"product-read\">\n\t\t\t<a href=\"https:\/\/alutrast.pl\/de\/oferta\/non%20class\u00e9\/mb-sr50n-hi\/\" data-quantity=\"1\" class=\"button product_type_simple\" data-product_id=\"5214\" data-product_sku=\"\" aria-label=\"En savoir plus sur &ldquo;MB-SR50N HI+&rdquo;\" rel=\"nofollow\">Lire la suite<\/a>\t\t<\/div>\n    <\/div>\n<\/div>\n\n<\/div>\n<\/div>\n<\/div>[vc_empty_space height=\u00a0\u00bb50px\u00a0\u00bb][\/vc_column][\/vc_row][vc_section][vc_row][vc_column][vc_column_text]<\/p>\n<div class=\"block-text text--size-20\">\n<h2>Syst\u00e8mes pour les jardins<\/h2>\n<p>Les syst\u00e8mes d&rsquo;aluminium Aluprof permettent de construire de nombreux types de fen\u00eatres et de portes en fonction du domaine d&rsquo;application et des exigences d\u00e9taill\u00e9es concernant la fonctionnalit\u00e9, l&rsquo;esth\u00e9tique, l&rsquo;isolation thermique, la r\u00e9sistance \u00e0 l&rsquo;effraction, l&rsquo;\u00e9tanch\u00e9it\u00e9 \u00e0 la fum\u00e9e ou la r\u00e9sistance au feu. Il s&rsquo;agit de constructions en aluminium sans isolation thermique, utilis\u00e9es pour construire des cloisons et des portes int\u00e9rieures (MB-45, MB-45 Office, MB-EXPO, MB-80 Office) ou pour constructions de balcons (syst\u00e8me MB-23P), ainsi que de solutions bas\u00e9es sur des profil\u00e9s \u00e0 isolation thermique (MB-104 Passive, MB-86, MB-60, MB-70, MB-59S). Une partie consid\u00e9rable des syst\u00e8mes \u00e0 isolation thermique est disponible dans la version \u00ab HI \u00bb, caract\u00e9ris\u00e9e par des inserts sp\u00e9ciaux dans les profil\u00e9s, abaissant le coefficient de conductivit\u00e9 thermique.<\/p>\n<p><strong>La meilleure construction thermiquement isol\u00e9e de l&rsquo;offre de l&rsquo;entreprise est le syst\u00e8me passif MB-104, qui utilise des solutions mat\u00e9rielles et techniques innovantes. Il s&rsquo;agit de l&rsquo;une des principales propositions d&rsquo;Aluprof qui s&rsquo;inscrit parfaitement dans la tendance de la construction passive et \u00e9conome en \u00e9nergie et qui dispose des certificats de l&rsquo;Institut de la Maison Passive PHI de Darmstadt.<\/strong><\/p>\n<p><!--more-->Une proposition int\u00e9ressante pour les syst\u00e8mes de portes et fen\u00eatres est celle des portes \u00e0 panneaux en aluminium, disponibles dans des syst\u00e8mes offrant une isolation thermique maximale. Les profil\u00e9s en aluminium pour portes et les profil\u00e9s en aluminium pour les fen\u00eatres sont les produits phares de la marque Aluprof, la gamme de ces produits est donc extr\u00eamement riche.<\/p>\n<p>Les syst\u00e8mes Aluprof comprennent non seulement des structures en aluminium avec les modes d&rsquo;ouverture les plus fr\u00e9quemment utilis\u00e9s, \u00e0 savoir le battant et l&rsquo;oscillo-battant, mais aussi des fen\u00eatres \u00ab Pivot \u00bb, des fen\u00eatres s&rsquo;ouvrant vers l&rsquo;ext\u00e9rieur (par exemple MB-59S Casement, MB-70 Casement, MB-86 Casement), des fen\u00eatres en aluminium d\u00e9di\u00e9es \u00e0 des solutions de fa\u00e7ade sp\u00e9cifiques, telles que MB-60EF, ainsi que des portes-fen\u00eatres en aluminium levantes-coulissantes MB-77HS, MB-59HS, des fen\u00eatres et portes coulissantes MB-59 Slide, MB-59 Slide Galandage, MB-Slide\/MB-Slide ST, ainsi que des portes pliantes et le MB-86 Fold Line, qui sont d\u00e9crits plus en d\u00e9tail dans la section Syst\u00e8mes coulissants et pliants.<\/p>\n<p>L&rsquo;offre du fabricant de menuiseries en aluminium ALUPROF comprend \u00e9galement :<\/p>\n<ul>\n<li>des fen\u00eatres de type \u00ab Industrial \u00bb, d\u00e9di\u00e9es aux b\u00e2timents historiques modernis\u00e9s,<\/li>\n<li>des fen\u00eatres en aluminium \u00e0 ouvrant cach\u00e9 &#8211; version de base : MB-86US, MB-70US, MB-60US et en version \u00e0 cadre \u00e9troit MB-70SG,<\/li>\n<li>des fen\u00eatres avec des profil\u00e9s en aluminium \u00e9troits et des formes caract\u00e9ristiques : MB-Ferroline et MB-Slimline.<\/li>\n<\/ul>\n<p>Sur la base de nombreux syst\u00e8mes Aluprof, il est \u00e9galement possible de fabriquer des structures anti-effractions de la classe RC1 \u00e0 RC4 et des fen\u00eatres de d\u00e9senfumage. Toute une gamme de solutions \u00e9conomiques, telles que MB-45S, MB-59SE et MB-60E, a \u00e9t\u00e9 d\u00e9velopp\u00e9e pour les clients qui souhaitent combiner des param\u00e8tres techniques appropri\u00e9s avec un prix abordable.<\/p>\n<p>Dans le cadre des syst\u00e8mes de portes et de fen\u00eatres, il existe \u00e9galement des cloisons ignifuges et anti-fum\u00e9e sp\u00e9cialis\u00e9es, notamment : le syst\u00e8me MB-78EI avec une r\u00e9sistance au feu de la classe EI15 \u00e0 EI90, les fen\u00eatres ignifuges \u00e0 \u00e9conomie d&rsquo;\u00e9nergie MB-86EI, le syst\u00e8me MB-60E EI avec une r\u00e9sistance au feu de la classe EI15 \u00e0 EI30, le syst\u00e8me de portes coulissantes automatiques MB-78EI DPA avec une r\u00e9sistance au feu de la classe EI15 \u00e0 EI30 et le syst\u00e8me MB-118EI de la classe EI120. Ce groupe est compl\u00e9t\u00e9 par les portes anti-fum\u00e9e sans r\u00e9sistance au feu : MB-45D.<\/p>\n<p>Une large gamme de syst\u00e8mes de profil\u00e9s en aluminium Aluprof est syst\u00e9matiquement d\u00e9velopp\u00e9e pour pouvoir r\u00e9pondre au mieux aux besoins de l&rsquo;architecture moderne et satisfaire aux exigences de normes et r\u00e9glementations de plus en plus strictes.<\/p>\n<\/div>\n<p>[\/vc_column_text][\/vc_column][\/vc_row][\/vc_section][vc_row][vc_column][vc_raw_js]JTNDc2NyaXB0JTNFJTIwJTBBJTI0JTI4JTIyLnRhZ2dlZF9hcyUyMCUzRSUyMGElMjIlMjkuYXR0ciUyOCUyMmhyZWYlMjIlMkMlMjAlMjclMjMlMjclMjklM0IlMEElM0MlMkZzY3JpcHQlM0U=[\/vc_raw_js][\/vc_column][\/vc_row]<\/p>\n","protected":false},"excerpt":{"rendered":"<p>[vc_row full_width=\u00a0\u00bbstretch_row\u00a0\u00bb content_placement=\u00a0\u00bbtop\u00a0\u00bb css=\u00a0\u00bb.vc_custom_1580815293978{padding-top: 230px !important;padding-bottom: 250px !important;background-image: url(https:\/\/alutrast.pl\/wp-content\/uploads\/2020\/02\/og-zim5a.jpg?id=3005) !important;background-position: center !important;background-repeat: no-repeat !important;background-size: cover !important;}\u00a0\u00bb el_class=\u00a0\u00bbheader-img\u00a0\u00bb][vc_column][vc_column_text el_class=\u00a0\u00bbhind-font h3&Prime; css=\u00a0\u00bb.vc_custom_1627559630574{margin-bottom: 0px !important;padding-bottom: 0px !important;}\u00a0\u00bb] Jardins d&rsquo;Hiver [\/vc_column_text][vc_column_text] Des solutions modernes et compl\u00e8tes. Produits ALUTRAST [\/vc_column_text][\/vc_column][\/vc_row][vc_row css=\u00a0\u00bb.vc_custom_1573831137275{margin-top: -230px !important;padding-top: 50px !important;}\u00a0\u00bb][vc_column css=\u00a0\u00bb.vc_custom_1573831466399{border-radius: 3px !important;}\u00a0\u00bb][vc_empty_space height=\u00a0\u00bb50px\u00a0\u00bb][\/vc_column][\/vc_row][vc_section][vc_row][vc_column][vc_column_text] Syst\u00e8mes pour les jardins Les syst\u00e8mes d&rsquo;aluminium Aluprof permettent de construire [&hellip;]<\/p>\n","protected":false},"author":2,"featured_media":0,"parent":4135,"menu_order":2,"comment_status":"closed","ping_status":"closed","template":"page-template\/blank-page.php","meta":[],"_links":{"self":[{"href":"https:\/\/alutrast.pl\/fr\/wp-json\/wp\/v2\/pages\/4228"}],"collection":[{"href":"https:\/\/alutrast.pl\/fr\/wp-json\/wp\/v2\/pages"}],"about":[{"href":"https:\/\/alutrast.pl\/fr\/wp-json\/wp\/v2\/types\/page"}],"author":[{"embeddable":true,"href":"https:\/\/alutrast.pl\/fr\/wp-json\/wp\/v2\/users\/2"}],"replies":[{"embeddable":true,"href":"https:\/\/alutrast.pl\/fr\/wp-json\/wp\/v2\/comments?post=4228"}],"version-history":[{"count":4,"href":"https:\/\/alutrast.pl\/fr\/wp-json\/wp\/v2\/pages\/4228\/revisions"}],"predecessor-version":[{"id":5111,"href":"https:\/\/alutrast.pl\/fr\/wp-json\/wp\/v2\/pages\/4228\/revisions\/5111"}],"up":[{"embeddable":true,"href":"https:\/\/alutrast.pl\/fr\/wp-json\/wp\/v2\/pages\/4135"}],"wp:attachment":[{"href":"https:\/\/alutrast.pl\/fr\/wp-json\/wp\/v2\/media?parent=4228"}],"curies":[{"name":"wp","href":"https:\/\/api.w.org\/{rel}","templated":true}]}}